{"id":443963,"date":"2023-05-19T16:15:09","date_gmt":"2023-05-19T14:15:09","guid":{"rendered":"https:\/\/www.claret.cat\/llibre\/encontrarse-con-dios-9788430121571\/"},"modified":"2025-11-27T19:15:25","modified_gmt":"2025-11-27T18:15:25","slug":"encontrarse-con-dios-9788430121571","status":"publish","type":"product","link":"https:\/\/www.claret.cat\/es\/libro\/encontrarse-con-dios-9788430121571\/","title":{"rendered":"ENCONTRARSE CON DIOS"},"content":{"rendered":"<p>Si lo que se dice acerca de Dios no parte de la existencia y no aboca en ella, no pasar\u00e1 de ser una proclama que, en el mejor de los casos, amueblar\u00e1 la cabeza, pero, verdaderamente, no alimentar\u00e1 el alma. Dicho de otra manera: fuera del presente, no hay Dios; Dios se manifiesta cuando la vida es aut\u00e9ntica. As\u00ed comienza Encontrarse con Dios, el primer libro que escribi\u00f3 Franz Jalics, excepciona maestro de oraci\u00f3n. Siendo una obra primeriza, relucen ya en ella las convicciones espirituales que acompa\u00f1ar\u00e1n a Jalics a lo largo de toda su vida: que todo lo humano, si es tal, es de alguna forma tambi\u00e9n divino; y que todo lo que llamamos divino ayuda al ser humano a ser aut\u00e9nticamente \u00e9l mismo. Esto es, precisamente, lo que significa Jes\u00fas: que no hay salvaci\u00f3n fuera de lo humano, y que la salvaci\u00f3n es la plenitud de lo humano.<\/p>\n","protected":false},"excerpt":{"rendered":"<p>JALICS, FRANZ<\/p>\n","protected":false},"featured_media":444052,"template":"","meta":{"_acf_changed":false,"om_disable_all_campaigns":false,"rs_blank_template":"","rs_page_bg_color":"","slide_template_v7":"","inline_featured_image":false,"_monsterinsights_skip_tracking":false,"_monsterinsights_sitenote_active":false,"_monsterinsights_sitenote_note":"","_monsterinsights_sitenote_category":0},"product_brand":[],"product_cat":[284,418],"product_tag":[],"class_list":{"0":"post-443963","1":"product","2":"type-product","3":"status-publish","4":"has-post-thumbnail","6":"product_cat-espiritual","7":"product_cat-espiritual-teologia-1_espiritualidad","9":"first","10":"instock","11":"taxable","12":"shipping-taxable","13":"purchasable","14":"product-type-simple"},"acf":{"autor":"JALICS, FRANZ","codart":"843012157","libros-coleccion":"Nueva Alianza","ediciones":"1","encuadernacion":"R\u00fastica","fecha_de_publicacion":"18\/05\/2023","novedad":"1","paginas":"160","subtitulo":"","orden":"0","portada":"0","idioma":"spa","editorial":[{"ID":6364,"post_author":"3","post_date":"2022-07-28 17:50:36","post_date_gmt":"2022-07-28 15:50:36","post_content":"","post_title":"S\u00edgueme","post_excerpt":"","post_status":"publish","comment_status":"closed","ping_status":"closed","post_password":"","post_name":"sigueme","to_ping":"","pinged":"","post_modified":"2022-07-28 17:50:36","post_modified_gmt":"2022-07-28 15:50:36","post_content_filtered":"","post_parent":0,"guid":"http:\/\/dev.claret.cat\/editorial\/sigueme\/","menu_order":0,"post_type":"editorial","post_mime_type":"","comment_count":"0","filter":"raw"}],"autores-libros":[{"ID":156378,"post_author":"3","post_date":"2022-10-14 15:20:20","post_date_gmt":"2022-10-14 13:20:20","post_content":"","post_title":"FRANZ JALICS","post_excerpt":"","post_status":"publish","comment_status":"closed","ping_status":"closed","post_password":"","post_name":"franz-jalics","to_ping":"","pinged":"","post_modified":"2022-10-14 15:20:20","post_modified_gmt":"2022-10-14 13:20:20","post_content_filtered":"","post_parent":0,"guid":"http:\/\/dev.claret.cat\/autor\/franz-jalics\/","menu_order":0,"post_type":"autor","post_mime_type":"","comment_count":"0","filter":"raw"}],"booktrailer":"","resenas":""},"aioseo_notices":[],"_links":{"self":[{"href":"https:\/\/www.claret.cat\/es\/wp-json\/wp\/v2\/product\/443963","targetHints":{"allow":["GET"]}}],"collection":[{"href":"https:\/\/www.claret.cat\/es\/wp-json\/wp\/v2\/product"}],"about":[{"href":"https:\/\/www.claret.cat\/es\/wp-json\/wp\/v2\/types\/product"}],"wp:featuredmedia":[{"embeddable":true,"href":"https:\/\/www.claret.cat\/es\/wp-json\/wp\/v2\/media\/444052"}],"wp:attachment":[{"href":"https:\/\/www.claret.cat\/es\/wp-json\/wp\/v2\/media?parent=443963"}],"wp:term":[{"taxonomy":"product_brand","embeddable":true,"href":"https:\/\/www.claret.cat\/es\/wp-json\/wp\/v2\/product_brand?post=443963"},{"taxonomy":"product_cat","embeddable":true,"href":"https:\/\/www.claret.cat\/es\/wp-json\/wp\/v2\/product_cat?post=443963"},{"taxonomy":"product_tag","embeddable":true,"href":"https:\/\/www.claret.cat\/es\/wp-json\/wp\/v2\/product_tag?post=443963"}],"curies":[{"name":"wp","href":"https:\/\/api.w.org\/{rel}","templated":true}]}}