{"id":44420,"date":"2022-10-02T21:48:04","date_gmt":"2022-10-02T19:48:04","guid":{"rendered":"http:\/\/dev.claret.cat\/producte\/soy-yo-normal\/"},"modified":"2023-10-06T10:41:35","modified_gmt":"2023-10-06T08:41:35","slug":"soy-yo-normal-9788433916594","status":"publish","type":"product","link":"https:\/\/www.claret.cat\/es\/libro\/soy-yo-normal-9788433916594\/","title":{"rendered":"\u00bfSOY YO NORMAL?"},"content":{"rendered":"<p>Una re?exi\u00f3n sobre las sexualidades que transgreden lo normativo. Una exploraci\u00f3n de la perversi\u00f3n o la sexualidad alternativa. \u00bfSoy yo normal?, se pregunta el autor. \u00bfQu\u00e9 es la normalidad en la pr\u00e1ctica de la sexualidad? Lo que se sale de la normalidad \u00bfes una para?lia, una perversi\u00f3n, una depravaci\u00f3n, o un comportamiento sexual alternativo, no normativo? \u00bfHablamos de trasgresi\u00f3n, de romper tab\u00faes, de ir m\u00e1s all\u00e1 de los c\u00f3digos morales, o tal vez incluso legales? Este libro explora, a partir de re?exiones, experiencias e investigaciones de campo del autor, el sadomasoquismo, el fetichismo, el exhibicionismo, el voyeurismo, el bondage, el spanking, el sexo kinky, la fantas\u00eda de violaci\u00f3n, el incesto, la pederastia, la pedo?lia, la zoo?lia, el bugchasing, la necro? lia&#8230; \u00bfD\u00f3nde est\u00e1n los l\u00edmites? Lo que plantea este ensayo es que es necesario refundar la idea de perversi\u00f3n er\u00f3tica desde otra mirada, sin moralismo ni patologizaci\u00f3n.<\/p>\n","protected":false},"excerpt":{"rendered":"<p>MART\u00cdN, LUISG\u00c9<\/p>\n","protected":false},"featured_media":59975,"template":"","meta":{"_acf_changed":false,"om_disable_all_campaigns":false,"rs_blank_template":"","rs_page_bg_color":"","slide_template_v7":"","inline_featured_image":false,"_monsterinsights_skip_tracking":false,"_monsterinsights_sitenote_active":false,"_monsterinsights_sitenote_note":"","_monsterinsights_sitenote_category":0},"product_brand":[],"product_cat":[376],"product_tag":[],"class_list":{"0":"post-44420","1":"product","2":"type-product","3":"status-publish","4":"has-post-thumbnail","6":"product_cat-autores-psicologia-2_humanidades","8":"first","9":"instock","10":"taxable","11":"shipping-taxable","12":"purchasable","13":"product-type-simple"},"acf":{"autor":"MART\u00cdN, LUISG\u00c9","codart":"843391659","libros-coleccion":"Nuevos cuadernos Anagrama","ediciones":"1","encuadernacion":"R\u00fastica","fecha_de_publicacion":"01\/02\/2022","novedad":"1","paginas":"120","subtitulo":"FILIAS Y PARAFILIAS SEXUALES","orden":"0","portada":"0","idioma":"spa","editorial":[{"ID":6219,"post_author":"3","post_date":"2022-07-28 17:47:26","post_date_gmt":"2022-07-28 15:47:26","post_content":"","post_title":"Editorial Anagrama S.A.","post_excerpt":"","post_status":"publish","comment_status":"closed","ping_status":"closed","post_password":"","post_name":"editorial-anagrama-s-a","to_ping":"","pinged":"","post_modified":"2022-07-28 17:47:26","post_modified_gmt":"2022-07-28 15:47:26","post_content_filtered":"","post_parent":0,"guid":"http:\/\/dev.claret.cat\/editorial\/editorial-anagrama-s-a\/","menu_order":0,"post_type":"editorial","post_mime_type":"","comment_count":"0","filter":"raw"}],"autores-libros":[{"ID":162795,"post_author":"3","post_date":"2022-10-14 17:33:52","post_date_gmt":"2022-10-14 15:33:52","post_content":"","post_title":"LUISGE MARTIN","post_excerpt":"","post_status":"publish","comment_status":"closed","ping_status":"closed","post_password":"","post_name":"luisge-martin","to_ping":"","pinged":"","post_modified":"2022-10-14 17:33:52","post_modified_gmt":"2022-10-14 15:33:52","post_content_filtered":"","post_parent":0,"guid":"http:\/\/dev.claret.cat\/autor\/luisge-martin\/","menu_order":0,"post_type":"autor","post_mime_type":"","comment_count":"0","filter":"raw"}]},"aioseo_notices":[],"_links":{"self":[{"href":"https:\/\/www.claret.cat\/es\/wp-json\/wp\/v2\/product\/44420","targetHints":{"allow":["GET"]}}],"collection":[{"href":"https:\/\/www.claret.cat\/es\/wp-json\/wp\/v2\/product"}],"about":[{"href":"https:\/\/www.claret.cat\/es\/wp-json\/wp\/v2\/types\/product"}],"wp:featuredmedia":[{"embeddable":true,"href":"https:\/\/www.claret.cat\/es\/wp-json\/wp\/v2\/media\/59975"}],"wp:attachment":[{"href":"https:\/\/www.claret.cat\/es\/wp-json\/wp\/v2\/media?parent=44420"}],"wp:term":[{"taxonomy":"product_brand","embeddable":true,"href":"https:\/\/www.claret.cat\/es\/wp-json\/wp\/v2\/product_brand?post=44420"},{"taxonomy":"product_cat","embeddable":true,"href":"https:\/\/www.claret.cat\/es\/wp-json\/wp\/v2\/product_cat?post=44420"},{"taxonomy":"product_tag","embeddable":true,"href":"https:\/\/www.claret.cat\/es\/wp-json\/wp\/v2\/product_tag?post=44420"}],"curies":[{"name":"wp","href":"https:\/\/api.w.org\/{rel}","templated":true}]}}