{"id":444254,"date":"2023-05-22T10:30:48","date_gmt":"2023-05-22T08:30:48","guid":{"rendered":"https:\/\/www.claret.cat\/llibre\/dicho-queda-9788428839945\/"},"modified":"2024-05-02T05:16:56","modified_gmt":"2024-05-02T03:16:56","slug":"dicho-queda-9788428839945","status":"publish","type":"product","link":"https:\/\/www.claret.cat\/es\/libro\/dicho-queda-9788428839945\/","title":{"rendered":"DICHO QUEDA"},"content":{"rendered":"<p>Francisco V\u00e1zquez, embajador de Espa\u00f1a ante el Vaticano nos muestra estructuradas en tres bloques tem\u00e1ticos: \u2018religi\u00f3n, pol\u00edtica y sociedad\u2019; \u2018libertad religiosa\u2019 y \u2018religi\u00f3n y cultura\u2019, sus meditaciones acerca de el papel de la Iglesia y los cat\u00f3licos en la vida p\u00fablica.<\/p>\n","protected":false},"excerpt":{"rendered":"<p>V\u00c1ZQUEZ V\u00c1ZQUEZ, FRANCISCO<\/p>\n","protected":false},"featured_media":451676,"template":"","meta":{"_acf_changed":false,"om_disable_all_campaigns":false,"rs_blank_template":"","rs_page_bg_color":"","slide_template_v7":"","inline_featured_image":false,"_monsterinsights_skip_tracking":false,"_monsterinsights_sitenote_active":false,"_monsterinsights_sitenote_note":"","_monsterinsights_sitenote_category":0},"product_brand":[],"product_cat":[245,495,291,517],"product_tag":[],"class_list":{"0":"post-444254","1":"product","2":"type-product","3":"status-publish","4":"has-post-thumbnail","6":"product_cat-diversa","7":"product_cat-diversa-espiritualidad-1_espiritualidad","8":"product_cat-moral-social-i-politica","9":"product_cat-moral-social-y-politica","11":"first","12":"outofstock","13":"taxable","14":"shipping-taxable","15":"purchasable","16":"product-type-simple"},"acf":{"autor":"V\u00c1ZQUEZ V\u00c1ZQUEZ, FRANCISCO","codart":"842883994","libros-coleccion":"FUERA DE COLECCI\u00d3N","ediciones":"1","encuadernacion":"R\u00fastica","fecha_de_publicacion":"12\/05\/2023","novedad":"1","paginas":"208","subtitulo":"LA MIRADA DE UN CAT\u00d3LICO ","orden":"0","portada":"1","idioma":"spa","editorial":[{"ID":6335,"post_author":"3","post_date":"2022-07-28 17:49:59","post_date_gmt":"2022-07-28 15:49:59","post_content":"","post_title":"PPC altres","post_excerpt":"","post_status":"publish","comment_status":"closed","ping_status":"closed","post_password":"","post_name":"ppc-altres","to_ping":"","pinged":"","post_modified":"2022-07-28 17:49:59","post_modified_gmt":"2022-07-28 15:49:59","post_content_filtered":"","post_parent":0,"guid":"http:\/\/dev.claret.cat\/editorial\/ppc-altres\/","menu_order":0,"post_type":"editorial","post_mime_type":"","comment_count":"0","filter":"raw"}],"autores-libros":[{"ID":419940,"post_author":"3","post_date":"2023-05-15 17:00:08","post_date_gmt":"2023-05-15 15:00:08","post_content":"","post_title":"FRANCISCO V\u00c1ZQUEZ V\u00c1ZQUEZ","post_excerpt":"","post_status":"publish","comment_status":"closed","ping_status":"closed","post_password":"","post_name":"francisco-vazquez-vazquez","to_ping":"","pinged":"","post_modified":"2023-05-15 17:00:08","post_modified_gmt":"2023-05-15 15:00:08","post_content_filtered":"","post_parent":0,"guid":"https:\/\/www.claret.cat\/autor\/francisco-vazquez-vazquez\/","menu_order":0,"post_type":"autor","post_mime_type":"","comment_count":"0","filter":"raw"}]},"aioseo_notices":[],"_links":{"self":[{"href":"https:\/\/www.claret.cat\/es\/wp-json\/wp\/v2\/product\/444254","targetHints":{"allow":["GET"]}}],"collection":[{"href":"https:\/\/www.claret.cat\/es\/wp-json\/wp\/v2\/product"}],"about":[{"href":"https:\/\/www.claret.cat\/es\/wp-json\/wp\/v2\/types\/product"}],"wp:featuredmedia":[{"embeddable":true,"href":"https:\/\/www.claret.cat\/es\/wp-json\/wp\/v2\/media\/451676"}],"wp:attachment":[{"href":"https:\/\/www.claret.cat\/es\/wp-json\/wp\/v2\/media?parent=444254"}],"wp:term":[{"taxonomy":"product_brand","embeddable":true,"href":"https:\/\/www.claret.cat\/es\/wp-json\/wp\/v2\/product_brand?post=444254"},{"taxonomy":"product_cat","embeddable":true,"href":"https:\/\/www.claret.cat\/es\/wp-json\/wp\/v2\/product_cat?post=444254"},{"taxonomy":"product_tag","embeddable":true,"href":"https:\/\/www.claret.cat\/es\/wp-json\/wp\/v2\/product_tag?post=444254"}],"curies":[{"name":"wp","href":"https:\/\/api.w.org\/{rel}","templated":true}]}}