{"id":444349,"date":"2023-05-22T17:15:02","date_gmt":"2023-05-22T15:15:02","guid":{"rendered":"https:\/\/www.claret.cat\/llibre\/lanegueta-que-va-venir-a-sopar-lovelleta-que-va-venir-a-sopar-llibre-de-cart-9788448864392\/"},"modified":"2025-04-23T17:56:04","modified_gmt":"2025-04-23T15:56:04","slug":"lanegueta-que-va-venir-a-sopar-lovelleta-que-va-venir-a-sopar-llibre-de-cart-9788448864392","status":"publish","type":"product","link":"https:\/\/www.claret.cat\/es\/libro\/lanegueta-que-va-venir-a-sopar-lovelleta-que-va-venir-a-sopar-llibre-de-cart-9788448864392\/","title":{"rendered":"L&#8217;ANEGUETA QUE VA VENIR A SOPAR (L&#8217;OVELLETA QUE VA VENIR A SOPAR. LLIBRE DE CART"},"content":{"rendered":"<p>L&#8217;anegueta que va venir a sopar en format cartr\u00f3 per a mans petitones. Una ventada forta fa caure una ANEGUETA al jard\u00ed del llop. L&#8217;anegueta s&#8217;ha fet mal, i el llop, l&#8217;Estofat i en Truita tenen cura de la nova amiga fins que es ref\u00e0.Per\u00f2 la Pometa \u00e9s una anegueta molt valenta i ben aviat \u00e9s ella qui empr\u00e8n el vol i ELS RESCATA! Aquesta \u00e9s la cinquena hist\u00f2ria de la s\u00e8rie que va comen\u00e7ar amb l&#8217;ovelleta que va venir a sopar, va continuar amb els llops, despr\u00e9s el cocodril i el tigre. Ara porta una hero\u00efna intr\u00e8pida que ha volat fins a aquestes p\u00e0gines i que ha vingut per quedar-s&#8217;hi.<\/p>\n","protected":false},"excerpt":{"rendered":"<p>SMALLMAN, STEVE \/ DREIDEMY, JO\u00cbLLE<\/p>\n","protected":false},"featured_media":444350,"template":"","meta":{"_acf_changed":false,"om_disable_all_campaigns":false,"rs_blank_template":"","rs_page_bg_color":"","slide_template_v7":"","inline_featured_image":false,"_monsterinsights_skip_tracking":false,"_monsterinsights_sitenote_active":false,"_monsterinsights_sitenote_note":"","_monsterinsights_sitenote_category":0},"product_brand":[],"product_cat":[131,361],"product_tag":[],"class_list":{"0":"post-444349","1":"product","2":"type-product","3":"status-publish","4":"has-post-thumbnail","6":"product_cat-contes-per-infants-0-6-anys","7":"product_cat-cuentos-para-ninos-0-6-anos","9":"first","10":"instock","11":"taxable","12":"shipping-taxable","13":"purchasable","14":"product-type-simple"},"acf":{"autor":"SMALLMAN, STEVE \/ DREIDEMY, JO\u00cbLLE","codart":"844886439","libros-coleccion":"","ediciones":"1","encuadernacion":"Carton\u00e9","fecha_de_publicacion":"01\/05\/2023","novedad":"1","paginas":"14","subtitulo":"","orden":"0","portada":"0","idioma":"cat","editorial":[{"ID":6141,"post_author":"3","post_date":"2022-07-28 17:45:46","post_date_gmt":"2022-07-28 15:45:46","post_content":"","post_title":"BEASCOA","post_excerpt":"","post_status":"publish","comment_status":"closed","ping_status":"closed","post_password":"","post_name":"beascoa","to_ping":"","pinged":"","post_modified":"2022-07-28 17:45:46","post_modified_gmt":"2022-07-28 15:45:46","post_content_filtered":"","post_parent":0,"guid":"http:\/\/dev.claret.cat\/editorial\/beascoa\/","menu_order":0,"post_type":"editorial","post_mime_type":"","comment_count":"0","filter":"raw"}],"autores-libros":[{"ID":5608,"post_author":"3","post_date":"2022-07-28 17:27:39","post_date_gmt":"2022-07-28 15:27:39","post_content":"","post_title":"JO\u00cbLLE DREIDEMY","post_excerpt":"","post_status":"publish","comment_status":"closed","ping_status":"closed","post_password":"","post_name":"joelle-dreidemy","to_ping":"","pinged":"","post_modified":"2022-07-28 17:27:39","post_modified_gmt":"2022-07-28 15:27:39","post_content_filtered":"","post_parent":0,"guid":"http:\/\/dev.claret.cat\/autor\/joelle-dreidemy\/","menu_order":0,"post_type":"autor","post_mime_type":"","comment_count":"0","filter":"raw"},{"ID":6046,"post_author":"3","post_date":"2022-07-28 17:37:00","post_date_gmt":"2022-07-28 15:37:00","post_content":"","post_title":"STEVE SMALLMAN","post_excerpt":"","post_status":"publish","comment_status":"closed","ping_status":"closed","post_password":"","post_name":"steve-smallman","to_ping":"","pinged":"","post_modified":"2022-07-28 17:37:00","post_modified_gmt":"2022-07-28 15:37:00","post_content_filtered":"","post_parent":0,"guid":"http:\/\/dev.claret.cat\/autor\/steve-smallman\/","menu_order":0,"post_type":"autor","post_mime_type":"","comment_count":"0","filter":"raw"}],"booktrailer":"","resenas":""},"aioseo_notices":[],"_links":{"self":[{"href":"https:\/\/www.claret.cat\/es\/wp-json\/wp\/v2\/product\/444349","targetHints":{"allow":["GET"]}}],"collection":[{"href":"https:\/\/www.claret.cat\/es\/wp-json\/wp\/v2\/product"}],"about":[{"href":"https:\/\/www.claret.cat\/es\/wp-json\/wp\/v2\/types\/product"}],"wp:featuredmedia":[{"embeddable":true,"href":"https:\/\/www.claret.cat\/es\/wp-json\/wp\/v2\/media\/444350"}],"wp:attachment":[{"href":"https:\/\/www.claret.cat\/es\/wp-json\/wp\/v2\/media?parent=444349"}],"wp:term":[{"taxonomy":"product_brand","embeddable":true,"href":"https:\/\/www.claret.cat\/es\/wp-json\/wp\/v2\/product_brand?post=444349"},{"taxonomy":"product_cat","embeddable":true,"href":"https:\/\/www.claret.cat\/es\/wp-json\/wp\/v2\/product_cat?post=444349"},{"taxonomy":"product_tag","embeddable":true,"href":"https:\/\/www.claret.cat\/es\/wp-json\/wp\/v2\/product_tag?post=444349"}],"curies":[{"name":"wp","href":"https:\/\/api.w.org\/{rel}","templated":true}]}}