{"id":444387,"date":"2023-05-22T17:32:02","date_gmt":"2023-05-22T15:32:02","guid":{"rendered":"https:\/\/www.claret.cat\/llibre\/zipi-y-zape-expertos-en-juguetes-magos-del-humor-219-9788402428752\/"},"modified":"2023-10-11T02:37:27","modified_gmt":"2023-10-11T00:37:27","slug":"zipi-y-zape-expertos-en-juguetes-magos-del-humor-219-9788402428752","status":"publish","type":"product","link":"https:\/\/www.claret.cat\/es\/libro\/zipi-y-zape-expertos-en-juguetes-magos-del-humor-219-9788402428752\/","title":{"rendered":"ZIPI Y ZAPE. EXPERTOS EN JUGUETES (MAGOS DEL HUMOR 219)"},"content":{"rendered":"<p>\u00a1Los gemelos Zipi y Zape expertos en juguetes! La aventura comienza con las t\u00edpicas trastadas de Zipi y Zape en su propia casa, para evitar tanta travesura, los abuelos de los gemelos les regalan una bicicleta est\u00e1tica para que hagan ejercicio y as\u00ed tenerlos distra\u00eddos. Durante la aventura ir\u00e1n probando algunos juguetes,como un tanque con mando a distancia, un juego de bolos,un aro,un yo-yo, las t\u00edpicas peonzas de la infancia y muchos juguetes m\u00e1s, pero no podr\u00e1n evitar seguir haciendo sus trastadas vali\u00e9ndose de los mismos.<\/p>\n","protected":false},"excerpt":{"rendered":"<p>ESCOBAR, JOSEP<\/p>\n","protected":false},"featured_media":444388,"template":"","meta":{"_acf_changed":false,"om_disable_all_campaigns":false,"rs_blank_template":"","rs_page_bg_color":"","slide_template_v7":"","inline_featured_image":false,"_monsterinsights_skip_tracking":false,"_monsterinsights_sitenote_active":false,"_monsterinsights_sitenote_note":"","_monsterinsights_sitenote_category":0},"product_brand":[],"product_cat":[90,540],"product_tag":[],"class_list":{"0":"post-444387","1":"product","2":"type-product","3":"status-publish","4":"has-post-thumbnail","6":"product_cat-altres","7":"product_cat-otros","9":"first","10":"instock","11":"taxable","12":"shipping-taxable","13":"purchasable","14":"product-type-simple"},"acf":{"autor":"ESCOBAR, JOSEP","codart":"840242875","libros-coleccion":"Bruguera Cl\u00e1sica","ediciones":"1","encuadernacion":"Carton\u00e9","fecha_de_publicacion":"01\/05\/2023","novedad":"1","paginas":"46","subtitulo":"","orden":"0","portada":"0","idioma":"spa","editorial":[{"ID":6253,"post_author":"3","post_date":"2022-07-28 17:48:14","post_date_gmt":"2022-07-28 15:48:14","post_content":"","post_title":"Facultat Teologia de Catalunya","post_excerpt":"","post_status":"publish","comment_status":"closed","ping_status":"closed","post_password":"","post_name":"facultat-teologia-de-catalunya","to_ping":"","pinged":"","post_modified":"2022-07-28 17:48:14","post_modified_gmt":"2022-07-28 15:48:14","post_content_filtered":"","post_parent":0,"guid":"http:\/\/dev.claret.cat\/editorial\/facultat-teologia-de-catalunya\/","menu_order":0,"post_type":"editorial","post_mime_type":"","comment_count":"0","filter":"raw"}],"autores-libros":[{"ID":160663,"post_author":"3","post_date":"2022-10-14 15:54:53","post_date_gmt":"2022-10-14 13:54:53","post_content":"","post_title":"JOSEP ESCOBAR","post_excerpt":"","post_status":"publish","comment_status":"closed","ping_status":"closed","post_password":"","post_name":"josep-escobar","to_ping":"","pinged":"","post_modified":"2022-10-14 15:54:53","post_modified_gmt":"2022-10-14 13:54:53","post_content_filtered":"","post_parent":0,"guid":"http:\/\/dev.claret.cat\/autor\/josep-escobar\/","menu_order":0,"post_type":"autor","post_mime_type":"","comment_count":"0","filter":"raw"}]},"aioseo_notices":[],"_links":{"self":[{"href":"https:\/\/www.claret.cat\/es\/wp-json\/wp\/v2\/product\/444387","targetHints":{"allow":["GET"]}}],"collection":[{"href":"https:\/\/www.claret.cat\/es\/wp-json\/wp\/v2\/product"}],"about":[{"href":"https:\/\/www.claret.cat\/es\/wp-json\/wp\/v2\/types\/product"}],"wp:featuredmedia":[{"embeddable":true,"href":"https:\/\/www.claret.cat\/es\/wp-json\/wp\/v2\/media\/444388"}],"wp:attachment":[{"href":"https:\/\/www.claret.cat\/es\/wp-json\/wp\/v2\/media?parent=444387"}],"wp:term":[{"taxonomy":"product_brand","embeddable":true,"href":"https:\/\/www.claret.cat\/es\/wp-json\/wp\/v2\/product_brand?post=444387"},{"taxonomy":"product_cat","embeddable":true,"href":"https:\/\/www.claret.cat\/es\/wp-json\/wp\/v2\/product_cat?post=444387"},{"taxonomy":"product_tag","embeddable":true,"href":"https:\/\/www.claret.cat\/es\/wp-json\/wp\/v2\/product_tag?post=444387"}],"curies":[{"name":"wp","href":"https:\/\/api.w.org\/{rel}","templated":true}]}}