{"id":444400,"date":"2023-05-22T17:35:44","date_gmt":"2023-05-22T15:35:44","guid":{"rendered":"https:\/\/www.claret.cat\/llibre\/el-nombre-de-la-rosa-la-novela-grafica-9788426425737\/"},"modified":"2023-10-11T02:37:18","modified_gmt":"2023-10-11T00:37:18","slug":"el-nombre-de-la-rosa-la-novela-grafica-9788426425737","status":"publish","type":"product","link":"https:\/\/www.claret.cat\/es\/libro\/el-nombre-de-la-rosa-la-novela-grafica-9788426425737\/","title":{"rendered":"EL NOMBRE DE LA ROSA. LA NOVELA GR\u00c1FICA"},"content":{"rendered":"<p>UN ACONTECIMIENTO EDITORIAL UMBERTO ECO Y MILO MANARA: DOS GENIOS UNIDOS EN UNA OBRA MAESTRA DE LA NOVELA GR\u00c1FICA  N\u00famero 1 en ventas en Italia  \u00abCuando un maestro del dibujo se encuentra con un maestro de la palabra solo hay un resultado posible: sublime\u00bb. Luca Valtorta, Robinson (La Repubblica)En 1327, el fraile franciscano Guillermo de Baskerville llega, acompa\u00f1ado del novicio Adso de Melk, a una abad\u00eda de monjes benedictinos para participar en un importante c\u00f3nclave, que se ver\u00e1 amenazado por una serie de enigm\u00e1ticas muertes. A medida que Guillermo investigue y se acerque a la peligrosa verdad, su joven aprendiz descubrir\u00e1 los secretos de un mundo oscuro y lleno de sensualidad. <br \/>El maestro indiscutible del c\u00f3mic Milo Manara firma esta magistral adaptaci\u00f3n gr\u00e1ficadel \u00abthriller hist\u00f3rico m\u00e1s influyente de la historia de la literatura\u00bb (La Vanguardia), que consagr\u00f3 a su autor, Umberto Eco.\u00abUna extraordinaria y fastuosa adaptaci\u00f3n gr\u00e1fica de la famosa novela. Como la de Eco, la Edad Media de Manara no es el reino de las tinieblas, sino una \u00e9poca por descubrir, dotada de una asombrosa y visionaria imaginaci\u00f3n en la que el lector puede felizmente perderse\u00bb. Alberto Ballerino, Il Piccolo \u00abUna obra cumbre de la narrativa gr\u00e1fica: un trabajo de estilo y estil\u00edstica meticuloso, esmerado y amoroso que se va a publicar en todo el mundo y est\u00e1 llamado a convertirse en un cl\u00e1sico del Noveno Arte\u00bb. Francesco Verni, Corriere di Bologna<br \/> \u00abSi Manara es, por un lado, fiel a las palabras de Eco, por otro se distancia de ellas visualmente, dibujando una Edad Media luminosa que es cualquier cosa menos gris\u00bb. Giuliano Delli Paoli, Corriere del Mezzogiorno Campania<br \/> \u00abLa exploraci\u00f3n e interpretaci\u00f3n de una obra maestra de la literatura, a trav\u00e9s de una b\u00fasqueda gr\u00e1fica y crom\u00e1tica que la engrandece\u00bb. Alessandro Di Nocera, La Repubblica Napoli<br \/> \u00abColores suaves pero poderosos, im\u00e1genes fascinantes: el c\u00e9lebre dibujante ilustra una obra maestra de la literatura\u00bb. Francesco Specchia, Libero \u00abMilo Manara pone la sensualidad de la obra en el foco. El Medievo de Eco revive en los dibujos de Manara, un mundo donde se funden la fidelidad y la fantas\u00eda\u00bb.Gianni Maritat, TG1 \u00abManara es un dibujante de c\u00f3mics de una habilidad poco com\u00fan, un maestro del trazo y la composici\u00f3n, cuyas habilidades narrativas merecen ser mencionadas al mismo nivel que las de Kirby, Crumb, Toth o M\u0153bius\u00bb.<br \/>ComicsAlliance.com <br \/>Sobre El nombre de la rosa: \u00abUmberto Eco cambi\u00f3 nuestra mirada sobre los libros: imprescindibles, peque\u00f1os, fr\u00e1giles, a veces criminales, casi siempre salvadores. Un maestro que nos ense\u00f1\u00f3 a entrelazar la sabidur\u00eda y el juego con su estilo sagaz y l\u00fadico, con su asombrosa inventiva y certera lucidez\u00bb.<br \/>Irene Vallejo \u00abEl thriller hist\u00f3rico m\u00e1s influyente de la historia de la literatura\u00bb.<br \/>Carlos Joric, La Vanguardia \u00abAqu\u00ed hay misterios turbadores, personajes v\u00edvidos, un retrato logrado de una \u00e9poca fascinante, humor sutil, sucesos inesperados y una prosa \u00e1gil que puede adaptarse a los registros de la fe, la duda, el horror, el \u00e9xtasis amoroso y la desolaci\u00f3n\u00bb.<br \/>David Lodge \u00abUn gran novelista. [&#8230;] Eco proporcion\u00f3 una nueva forma de leer no s\u00f3lo sus novelas sino tambi\u00e9n de leer e interpretar la realidad que nos rodea y que nos influye\u00bb.<br \/>Mart\u00ed Gironell, El Mundo<\/p>\n","protected":false},"excerpt":{"rendered":"<p>ECO, UMBERTO \/ MANARA, MILO<\/p>\n","protected":false},"featured_media":444401,"template":"","meta":{"_acf_changed":false,"om_disable_all_campaigns":false,"rs_blank_template":"","rs_page_bg_color":"","slide_template_v7":"","inline_featured_image":false,"_monsterinsights_skip_tracking":false,"_monsterinsights_sitenote_active":false,"_monsterinsights_sitenote_note":"","_monsterinsights_sitenote_category":0},"product_brand":[],"product_cat":[108,558],"product_tag":[],"class_list":{"0":"post-444400","1":"product","2":"type-product","3":"status-publish","4":"has-post-thumbnail","6":"product_cat-comic","7":"product_cat-comic-3_infantil-juvenil-spa-spa","9":"first","10":"instock","11":"taxable","12":"shipping-taxable","13":"purchasable","14":"product-type-simple"},"acf":{"autor":"ECO, UMBERTO \/ MANARA, MILO","codart":"842642573","libros-coleccion":"LUMEN GR\u00c1FICA","ediciones":"1","encuadernacion":"Carton\u00e9","fecha_de_publicacion":"01\/05\/2023","novedad":"1","paginas":"64","subtitulo":"VOLUMEN 1 (DE 2)","orden":"0","portada":"0","idioma":"spa","editorial":[{"ID":6296,"post_author":"3","post_date":"2022-07-28 17:49:09","post_date_gmt":"2022-07-28 15:49:09","post_content":"","post_title":"LUMEN","post_excerpt":"","post_status":"publish","comment_status":"closed","ping_status":"closed","post_password":"","post_name":"lumen","to_ping":"","pinged":"","post_modified":"2022-07-28 17:49:09","post_modified_gmt":"2022-07-28 15:49:09","post_content_filtered":"","post_parent":0,"guid":"http:\/\/dev.claret.cat\/editorial\/lumen\/","menu_order":0,"post_type":"editorial","post_mime_type":"","comment_count":"0","filter":"raw"}],"autores-libros":[{"ID":170690,"post_author":"3","post_date":"2022-10-14 22:37:23","post_date_gmt":"2022-10-14 20:37:23","post_content":"","post_title":"UMBERTO ECO","post_excerpt":"","post_status":"publish","comment_status":"closed","ping_status":"closed","post_password":"","post_name":"umberto-eco","to_ping":"","pinged":"","post_modified":"2022-10-14 22:37:23","post_modified_gmt":"2022-10-14 20:37:23","post_content_filtered":"","post_parent":0,"guid":"http:\/\/dev.claret.cat\/autor\/umberto-eco\/","menu_order":0,"post_type":"autor","post_mime_type":"","comment_count":"0","filter":"raw"}]},"aioseo_notices":[],"_links":{"self":[{"href":"https:\/\/www.claret.cat\/es\/wp-json\/wp\/v2\/product\/444400","targetHints":{"allow":["GET"]}}],"collection":[{"href":"https:\/\/www.claret.cat\/es\/wp-json\/wp\/v2\/product"}],"about":[{"href":"https:\/\/www.claret.cat\/es\/wp-json\/wp\/v2\/types\/product"}],"wp:featuredmedia":[{"embeddable":true,"href":"https:\/\/www.claret.cat\/es\/wp-json\/wp\/v2\/media\/444401"}],"wp:attachment":[{"href":"https:\/\/www.claret.cat\/es\/wp-json\/wp\/v2\/media?parent=444400"}],"wp:term":[{"taxonomy":"product_brand","embeddable":true,"href":"https:\/\/www.claret.cat\/es\/wp-json\/wp\/v2\/product_brand?post=444400"},{"taxonomy":"product_cat","embeddable":true,"href":"https:\/\/www.claret.cat\/es\/wp-json\/wp\/v2\/product_cat?post=444400"},{"taxonomy":"product_tag","embeddable":true,"href":"https:\/\/www.claret.cat\/es\/wp-json\/wp\/v2\/product_tag?post=444400"}],"curies":[{"name":"wp","href":"https:\/\/api.w.org\/{rel}","templated":true}]}}