{"id":444425,"date":"2023-05-23T12:00:30","date_gmt":"2023-05-23T10:00:30","guid":{"rendered":"https:\/\/www.claret.cat\/llibre\/llegim-amb-lletra-de-pal-9788419565389\/"},"modified":"2026-04-08T11:40:33","modified_gmt":"2026-04-08T09:40:33","slug":"llegim-amb-lletra-de-pal-9788419565389","status":"publish","type":"product","link":"https:\/\/www.claret.cat\/es\/libro\/llegim-amb-lletra-de-pal-9788419565389\/","title":{"rendered":"LLEGIM AMB LLETRA DE PAL"},"content":{"rendered":"<p>Amb la col\u00b7lecci\u00f3 Llegim volem apropar-nos i presentar una eina \u00fatil per a cada model d&#8221;aprenentatge, \u00e9s per aix\u00f2 que hem volgut oferir un llibre de lectura adaptat a les diferents lletres: de pal, d&#8221;impremta i lligada. Amb forma de joc, la col\u00b7lecci\u00f3 Llegim t\u00e9 la voluntat d&#8221;engrescar els nens i les nenes que estiguin assolint el proc\u00e9s de lectoescriptura. Normalment, a l&#8221;escola comencem a treballar la lectoescriptura amb el propi nom i amb el dels companys i a poc a poc anem ampliant el proc\u00e9s.<br \/> Aix\u00ed, doncs, l&#8221;etapa a la qual aniria destinat aquest llibre seria des de P5 fins a 2n de prim\u00e0ria. De tota manera, \u00e9s un material que pot anar molt b\u00e9 per treballar amb l&#8221;alumnat nouvingut aix\u00ed com amb l&#8221;alumnat que es trobi en el cicle mitj\u00e0 o cicle superior, per\u00f2 que encara estigui aprenent a llegir. \u00c9s un material molt seq\u00fcenciat i estructurat de forma evolutiva, per aix\u00f2 podem assegurar que \u00e9s inclusiu i que s&#8221;adapta al ritme de lectura de cadasc\u00fa. Per aquest motiu, tamb\u00e9 seria un bon material per infants amb trastorns del llenguatge i disl\u00e8xia.<br \/> El llibre est\u00e0 dividit en diferents parts i pret\u00e9n oferir un ventall d&#8221;oportunitats m\u00e9s enll\u00e0 de la lectura. Per aix\u00f2, veureu que hi ha uns requadres amb una bombeta que anirien dirigits a l&#8221;adult que est\u00e0 acompanyant l&#8221;entrenament lector. S\u00f3n propostes relacionades amb la lectura que s&#8221;acaba de fer.<br \/> Com a material complementari, presentem tamb\u00e9 els nostres quadernets de comprensi\u00f3 lectora Llegim i comprenem, que a partir del material que podreu trobar a Llegim, ofereixen activitats que estimulen la comprensi\u00f3 activa aix\u00ed com la imaginaci\u00f3 i la creativitat.<\/p>\n","protected":false},"excerpt":{"rendered":"<p>AYN\u00c9 L\u00d3PEZ, EVA<\/p>\n","protected":false},"featured_media":1075732,"template":"","meta":{"_acf_changed":false,"om_disable_all_campaigns":false,"rs_blank_template":"","rs_page_bg_color":"","slide_template_v7":"","inline_featured_image":false,"_monsterinsights_skip_tracking":false,"_monsterinsights_sitenote_active":false,"_monsterinsights_sitenote_note":"","_monsterinsights_sitenote_category":0},"product_brand":[],"product_cat":[131,132,333,361,362,122],"product_tag":[],"class_list":{"0":"post-444425","1":"product","2":"type-product","3":"status-publish","4":"has-post-thumbnail","6":"product_cat-contes-per-infants-0-6-anys","7":"product_cat-lectures-per-preadolescents-6-12-anys","8":"product_cat-cuadernos-de-vacaciones","9":"product_cat-cuentos-para-ninos-0-6-anos","10":"product_cat-libros-preadolescentes-6-12-anos","11":"product_cat-quaderns-de-vacances","13":"first","14":"instock","15":"taxable","16":"shipping-taxable","17":"purchasable","18":"product-type-simple"},"acf":{"autor":"AYN\u00c9 L\u00d3PEZ, EVA","codart":"841956538","libros-coleccion":"","ediciones":"1","encuadernacion":"R\u00fastica","fecha_de_publicacion":"01\/05\/2023","novedad":"1","paginas":"96","subtitulo":"","orden":"0","portada":"0","idioma":"cat","editorial":[{"ID":148775,"post_author":"3","post_date":"2022-10-14 12:00:53","post_date_gmt":"2022-10-14 10:00:53","post_content":"","post_title":"Salvatella","post_excerpt":"","post_status":"publish","comment_status":"closed","ping_status":"closed","post_password":"","post_name":"salvatella","to_ping":"","pinged":"","post_modified":"2022-10-14 12:00:53","post_modified_gmt":"2022-10-14 10:00:53","post_content_filtered":"","post_parent":0,"guid":"http:\/\/dev.claret.cat\/editorial\/salvatella\/","menu_order":0,"post_type":"editorial","post_mime_type":"","comment_count":"0","filter":"raw"}],"autores-libros":[{"ID":155511,"post_author":"3","post_date":"2022-10-14 15:13:24","post_date_gmt":"2022-10-14 13:13:24","post_content":"","post_title":"EVA AYN\u00c9 L\u00d3PEZ","post_excerpt":"","post_status":"publish","comment_status":"closed","ping_status":"closed","post_password":"","post_name":"eva-ayne-lopez","to_ping":"","pinged":"","post_modified":"2022-10-14 15:13:24","post_modified_gmt":"2022-10-14 13:13:24","post_content_filtered":"","post_parent":0,"guid":"http:\/\/dev.claret.cat\/autor\/eva-ayne-lopez\/","menu_order":0,"post_type":"autor","post_mime_type":"","comment_count":"0","filter":"raw"}],"booktrailer":"","resenas":""},"aioseo_notices":[],"_links":{"self":[{"href":"https:\/\/www.claret.cat\/es\/wp-json\/wp\/v2\/product\/444425","targetHints":{"allow":["GET"]}}],"collection":[{"href":"https:\/\/www.claret.cat\/es\/wp-json\/wp\/v2\/product"}],"about":[{"href":"https:\/\/www.claret.cat\/es\/wp-json\/wp\/v2\/types\/product"}],"wp:featuredmedia":[{"embeddable":true,"href":"https:\/\/www.claret.cat\/es\/wp-json\/wp\/v2\/media\/1075732"}],"wp:attachment":[{"href":"https:\/\/www.claret.cat\/es\/wp-json\/wp\/v2\/media?parent=444425"}],"wp:term":[{"taxonomy":"product_brand","embeddable":true,"href":"https:\/\/www.claret.cat\/es\/wp-json\/wp\/v2\/product_brand?post=444425"},{"taxonomy":"product_cat","embeddable":true,"href":"https:\/\/www.claret.cat\/es\/wp-json\/wp\/v2\/product_cat?post=444425"},{"taxonomy":"product_tag","embeddable":true,"href":"https:\/\/www.claret.cat\/es\/wp-json\/wp\/v2\/product_tag?post=444425"}],"curies":[{"name":"wp","href":"https:\/\/api.w.org\/{rel}","templated":true}]}}