{"id":444457,"date":"2023-05-23T16:25:41","date_gmt":"2023-05-23T14:25:41","guid":{"rendered":"https:\/\/www.claret.cat\/llibre\/la-guerra-de-los-mundos-la-maquina-del-tiempo-el-hombre-invisible-9788497945448\/"},"modified":"2023-11-03T12:35:52","modified_gmt":"2023-11-03T11:35:52","slug":"la-guerra-de-los-mundos-la-maquina-del-tiempo-el-hombre-invisible-9788497945448","status":"publish","type":"product","link":"https:\/\/www.claret.cat\/es\/libro\/la-guerra-de-los-mundos-la-maquina-del-tiempo-el-hombre-invisible-9788497945448\/","title":{"rendered":"LA GUERRA DE LOS MUNDOS \/ LA  M\u00c1QUINA DEL TIEMPO\/ EL HOMBRE INVISIBLE"},"content":{"rendered":"<p>Nadie habr\u00eda cre\u00eddo en los \u00faltimos a\u00f1os del siglo xix que este mundo estuviera siendo observado en profundidad y con mucha atenci\u00f3n por inteligencias superiores a las del hombre y, sin embargo, tan mortales como la suya; que mientras los hombres se hallaban ocupados en sus diversos asuntos, eran escudri\u00f1ados y estudiados, quiz\u00e1s casi tan a fondo como podr\u00eda un hombre escudri\u00f1ar con un microscopio las ef\u00edmeras criaturas que pululan y se multiplican en una gota de agua&#8230;<\/p>\n","protected":false},"excerpt":{"rendered":"<p>WELLS, HERBERT GEORGE<\/p>\n","protected":false},"featured_media":444458,"template":"","meta":{"_acf_changed":false,"om_disable_all_campaigns":false,"rs_blank_template":"","rs_page_bg_color":"","slide_template_v7":"","inline_featured_image":false,"_monsterinsights_skip_tracking":false,"_monsterinsights_sitenote_active":false,"_monsterinsights_sitenote_note":"","_monsterinsights_sitenote_category":0},"product_brand":[],"product_cat":[127,357],"product_tag":[],"class_list":{"0":"post-444457","1":"product","2":"type-product","3":"status-publish","4":"has-post-thumbnail","6":"product_cat-novella-contemporania","7":"product_cat-novela-contemporanea","9":"first","10":"instock","11":"taxable","12":"shipping-taxable","13":"purchasable","14":"product-type-simple"},"acf":{"autor":"WELLS, HERBERT GEORGE","codart":"849794544","libros-coleccion":"PIEL DE CL\u00c1SICOS","ediciones":"1","encuadernacion":"Carton\u00e9","fecha_de_publicacion":"01\/10\/2022","novedad":"1","paginas":"464","subtitulo":"","orden":"0","portada":"0","idioma":"spa","editorial":[{"ID":147902,"post_author":"3","post_date":"2022-10-14 11:54:06","post_date_gmt":"2022-10-14 09:54:06","post_content":"","post_title":"Edimat","post_excerpt":"","post_status":"publish","comment_status":"closed","ping_status":"closed","post_password":"","post_name":"edimat","to_ping":"","pinged":"","post_modified":"2022-10-14 11:54:06","post_modified_gmt":"2022-10-14 09:54:06","post_content_filtered":"","post_parent":0,"guid":"http:\/\/dev.claret.cat\/editorial\/edimat\/","menu_order":0,"post_type":"editorial","post_mime_type":"","comment_count":"0","filter":"raw"}],"autores-libros":[{"ID":157536,"post_author":"3","post_date":"2022-10-14 15:29:36","post_date_gmt":"2022-10-14 13:29:36","post_content":"","post_title":"HERBERT GEORGE WELLS","post_excerpt":"","post_status":"publish","comment_status":"closed","ping_status":"closed","post_password":"","post_name":"herbert-george-wells","to_ping":"","pinged":"","post_modified":"2022-10-14 15:29:36","post_modified_gmt":"2022-10-14 13:29:36","post_content_filtered":"","post_parent":0,"guid":"http:\/\/dev.claret.cat\/autor\/herbert-george-wells\/","menu_order":0,"post_type":"autor","post_mime_type":"","comment_count":"0","filter":"raw"}]},"aioseo_notices":[],"_links":{"self":[{"href":"https:\/\/www.claret.cat\/es\/wp-json\/wp\/v2\/product\/444457","targetHints":{"allow":["GET"]}}],"collection":[{"href":"https:\/\/www.claret.cat\/es\/wp-json\/wp\/v2\/product"}],"about":[{"href":"https:\/\/www.claret.cat\/es\/wp-json\/wp\/v2\/types\/product"}],"wp:featuredmedia":[{"embeddable":true,"href":"https:\/\/www.claret.cat\/es\/wp-json\/wp\/v2\/media\/444458"}],"wp:attachment":[{"href":"https:\/\/www.claret.cat\/es\/wp-json\/wp\/v2\/media?parent=444457"}],"wp:term":[{"taxonomy":"product_brand","embeddable":true,"href":"https:\/\/www.claret.cat\/es\/wp-json\/wp\/v2\/product_brand?post=444457"},{"taxonomy":"product_cat","embeddable":true,"href":"https:\/\/www.claret.cat\/es\/wp-json\/wp\/v2\/product_cat?post=444457"},{"taxonomy":"product_tag","embeddable":true,"href":"https:\/\/www.claret.cat\/es\/wp-json\/wp\/v2\/product_tag?post=444457"}],"curies":[{"name":"wp","href":"https:\/\/api.w.org\/{rel}","templated":true}]}}