{"id":444551,"date":"2023-05-23T18:00:42","date_gmt":"2023-05-23T16:00:42","guid":{"rendered":"https:\/\/www.claret.cat\/llibre\/paris-de-cerca-7-9788408269472\/"},"modified":"2025-03-19T18:45:19","modified_gmt":"2025-03-19T17:45:19","slug":"paris-de-cerca-7-9788408269472","status":"publish","type":"product","link":"https:\/\/www.claret.cat\/es\/libro\/paris-de-cerca-7-9788408269472\/","title":{"rendered":"PAR\u00cdS DE CERCA 7"},"content":{"rendered":"<p>La majestuosidad de Par\u00eds es muy inspiradora pero m\u00e1s fascinante a\u00fan es su intimidad. Sus quartiers (barrios) son como un mosaico de pueblos y, aunque es una de las metr\u00f3polis m\u00e1s grandes del mundo \u2013con toda la cultura y las comodidades que ello conlleva\u2013, las tiendas, los mercados y los caf\u00e9s locales conservan su esencia de barrio, que no ha cambiado desde decenios. Y como cada quartier evoluciona sin perder su personalidad, en cada nuevo viaje a la Ciudad de la Luz el viajero descubrir\u00e1 y redescubrir\u00e1 maravillosos rincones ocultos.<\/p>\n","protected":false},"excerpt":{"rendered":"<p>LE NEVEZ, CATHERINE \/ CARILLET, JEAN-BERNARD \/ FONG YAN, FABIENNE<\/p>\n","protected":false},"featured_media":444552,"template":"","meta":{"_acf_changed":false,"om_disable_all_campaigns":false,"rs_blank_template":"","rs_page_bg_color":"","slide_template_v7":"","inline_featured_image":false,"_monsterinsights_skip_tracking":false,"_monsterinsights_sitenote_active":false,"_monsterinsights_sitenote_note":"","_monsterinsights_sitenote_category":0},"product_brand":[],"product_cat":[557,107],"product_tag":[],"class_list":{"0":"post-444551","1":"product","2":"type-product","3":"status-publish","4":"has-post-thumbnail","6":"product_cat-guias-de-viaje","7":"product_cat-guies-de-viatge","9":"first","10":"instock","11":"taxable","12":"shipping-taxable","13":"purchasable","14":"product-type-simple"},"acf":{"autor":"LE NEVEZ, CATHERINE \/ CARILLET, JEAN-BERNARD \/ FONG YAN, FABIENNE","codart":"840826947","libros-coleccion":"GEO PLANETA LONELY PLANET","ediciones":"1","encuadernacion":"R\u00fastica","fecha_de_publicacion":"01\/05\/2023","novedad":"1","paginas":"224","subtitulo":"","orden":"0","portada":"0","idioma":"spa","editorial":[{"ID":6233,"post_author":"3","post_date":"2022-07-28 17:47:48","post_date_gmt":"2022-07-28 15:47:48","post_content":"","post_title":"EDITORIAL PLANETA","post_excerpt":"","post_status":"publish","comment_status":"closed","ping_status":"closed","post_password":"","post_name":"editorial-planeta","to_ping":"","pinged":"","post_modified":"2022-07-28 17:47:48","post_modified_gmt":"2022-07-28 15:47:48","post_content_filtered":"","post_parent":0,"guid":"http:\/\/dev.claret.cat\/editorial\/editorial-planeta\/","menu_order":0,"post_type":"editorial","post_mime_type":"","comment_count":"0","filter":"raw"}],"autores-libros":[{"ID":152593,"post_author":"3","post_date":"2022-10-14 14:50:01","post_date_gmt":"2022-10-14 12:50:01","post_content":"","post_title":"CATHERINE LE NEVEZ","post_excerpt":"","post_status":"publish","comment_status":"closed","ping_status":"closed","post_password":"","post_name":"catherine-le-nevez","to_ping":"","pinged":"","post_modified":"2022-10-14 14:50:01","post_modified_gmt":"2022-10-14 12:50:01","post_content_filtered":"","post_parent":0,"guid":"http:\/\/dev.claret.cat\/autor\/catherine-le-nevez\/","menu_order":0,"post_type":"autor","post_mime_type":"","comment_count":"0","filter":"raw"},{"ID":158875,"post_author":"3","post_date":"2022-10-14 15:40:18","post_date_gmt":"2022-10-14 13:40:18","post_content":"","post_title":"JEAN-BERNARD CARILLET","post_excerpt":"","post_status":"publish","comment_status":"closed","ping_status":"closed","post_password":"","post_name":"jean-bernard-carillet","to_ping":"","pinged":"","post_modified":"2022-10-14 15:40:18","post_modified_gmt":"2022-10-14 13:40:18","post_content_filtered":"","post_parent":0,"guid":"http:\/\/dev.claret.cat\/autor\/jean-bernard-carillet\/","menu_order":0,"post_type":"autor","post_mime_type":"","comment_count":"0","filter":"raw"},{"ID":410849,"post_author":"3","post_date":"2023-03-08 13:02:42","post_date_gmt":"2023-03-08 12:02:42","post_content":"","post_title":"FABIENNE FONG YAN","post_excerpt":"","post_status":"publish","comment_status":"closed","ping_status":"closed","post_password":"","post_name":"fabienne-fong-yan","to_ping":"","pinged":"","post_modified":"2023-03-08 13:02:42","post_modified_gmt":"2023-03-08 12:02:42","post_content_filtered":"","post_parent":0,"guid":"https:\/\/www.claret.cat\/autor\/fabienne-fong-yan\/","menu_order":0,"post_type":"autor","post_mime_type":"","comment_count":"0","filter":"raw"}]},"aioseo_notices":[],"_links":{"self":[{"href":"https:\/\/www.claret.cat\/es\/wp-json\/wp\/v2\/product\/444551","targetHints":{"allow":["GET"]}}],"collection":[{"href":"https:\/\/www.claret.cat\/es\/wp-json\/wp\/v2\/product"}],"about":[{"href":"https:\/\/www.claret.cat\/es\/wp-json\/wp\/v2\/types\/product"}],"wp:featuredmedia":[{"embeddable":true,"href":"https:\/\/www.claret.cat\/es\/wp-json\/wp\/v2\/media\/444552"}],"wp:attachment":[{"href":"https:\/\/www.claret.cat\/es\/wp-json\/wp\/v2\/media?parent=444551"}],"wp:term":[{"taxonomy":"product_brand","embeddable":true,"href":"https:\/\/www.claret.cat\/es\/wp-json\/wp\/v2\/product_brand?post=444551"},{"taxonomy":"product_cat","embeddable":true,"href":"https:\/\/www.claret.cat\/es\/wp-json\/wp\/v2\/product_cat?post=444551"},{"taxonomy":"product_tag","embeddable":true,"href":"https:\/\/www.claret.cat\/es\/wp-json\/wp\/v2\/product_tag?post=444551"}],"curies":[{"name":"wp","href":"https:\/\/api.w.org\/{rel}","templated":true}]}}