{"id":444560,"date":"2023-05-23T18:07:01","date_gmt":"2023-05-23T16:07:01","guid":{"rendered":"https:\/\/www.claret.cat\/llibre\/los-once-5-el-lateral-izquierdo-mas-rapido-del-mundo-9788408271888\/"},"modified":"2023-12-16T20:05:05","modified_gmt":"2023-12-16T19:05:05","slug":"los-once-5-el-lateral-izquierdo-mas-rapido-del-mundo-9788408271888","status":"publish","type":"product","link":"https:\/\/www.claret.cat\/es\/libro\/los-once-5-el-lateral-izquierdo-mas-rapido-del-mundo-9788408271888\/","title":{"rendered":"LOS ONCE 5. EL LATERAL IZQUIERDO M\u00c1S R\u00c1PIDO DEL MUNDO"},"content":{"rendered":"<p>Los Once han sido invitados a participar en el Torneo Gran Uranio,\u00a0un campeonato que se celebra en lo m\u00e1s profundo de Canad\u00e1.<br \/> Pero, cuando menos se lo esperan, son secuestrados por unas misteriosas criaturas medio humanas medio animales: los wendigos.<br \/> Una vez en la aldea wendiga, descubrir\u00e1n las verdaderas intenciones de estos extra\u00f1os seres y se ver\u00e1n inmersos en una \u00e9pica batalla campal donde la frontera entre buenos y malos quedar\u00e1 m\u00e1s difusa que nunca.<\/p>\n","protected":false},"excerpt":{"rendered":"<p>SANTIAGO, ROBERTO \/ SANTOS MOLINA, EDUARDO DE LOS<\/p>\n","protected":false},"featured_media":452485,"template":"","meta":{"_acf_changed":false,"om_disable_all_campaigns":false,"rs_blank_template":"","rs_page_bg_color":"","slide_template_v7":"","inline_featured_image":false,"_monsterinsights_skip_tracking":false,"_monsterinsights_sitenote_active":false,"_monsterinsights_sitenote_note":"","_monsterinsights_sitenote_category":0},"product_brand":[],"product_cat":[132,362],"product_tag":[],"class_list":{"0":"post-444560","1":"product","2":"type-product","3":"status-publish","4":"has-post-thumbnail","6":"product_cat-lectures-per-preadolescents-6-12-anys","7":"product_cat-libros-preadolescentes-6-12-anos","9":"first","10":"instock","11":"taxable","12":"shipping-taxable","13":"purchasable","14":"product-type-simple"},"acf":{"autor":"SANTIAGO, ROBERTO \/ SANTOS MOLINA, EDUARDO DE LOS","codart":"840827188","libros-coleccion":"FORA DE COL.LECCI\u00d3","ediciones":"1","encuadernacion":"R\u00fastica","fecha_de_publicacion":"01\/05\/2023","novedad":"1","paginas":"320","subtitulo":"","orden":"0","portada":"0","idioma":"spa","editorial":[{"ID":6233,"post_author":"3","post_date":"2022-07-28 17:47:48","post_date_gmt":"2022-07-28 15:47:48","post_content":"","post_title":"EDITORIAL PLANETA","post_excerpt":"","post_status":"publish","comment_status":"closed","ping_status":"closed","post_password":"","post_name":"editorial-planeta","to_ping":"","pinged":"","post_modified":"2022-07-28 17:47:48","post_modified_gmt":"2022-07-28 15:47:48","post_content_filtered":"","post_parent":0,"guid":"http:\/\/dev.claret.cat\/editorial\/editorial-planeta\/","menu_order":0,"post_type":"editorial","post_mime_type":"","comment_count":"0","filter":"raw"}],"autores-libros":[{"ID":5425,"post_author":"3","post_date":"2022-07-28 17:23:40","post_date_gmt":"2022-07-28 15:23:40","post_content":"","post_title":"EDUARDO DE LOS SANTOS MOLINA","post_excerpt":"","post_status":"publish","comment_status":"closed","ping_status":"closed","post_password":"","post_name":"eduardo-de-los-santos-molina","to_ping":"","pinged":"","post_modified":"2022-07-28 17:23:40","post_modified_gmt":"2022-07-28 15:23:40","post_content_filtered":"","post_parent":0,"guid":"http:\/\/dev.claret.cat\/autor\/eduardo-de-los-santos-molina\/","menu_order":0,"post_type":"autor","post_mime_type":"","comment_count":"0","filter":"raw"},{"ID":5984,"post_author":"3","post_date":"2022-07-28 17:35:41","post_date_gmt":"2022-07-28 15:35:41","post_content":"","post_title":"ROBERTO SANTIAGO","post_excerpt":"","post_status":"publish","comment_status":"closed","ping_status":"closed","post_password":"","post_name":"roberto-santiago","to_ping":"","pinged":"","post_modified":"2022-07-28 17:35:41","post_modified_gmt":"2022-07-28 15:35:41","post_content_filtered":"","post_parent":0,"guid":"http:\/\/dev.claret.cat\/autor\/roberto-santiago\/","menu_order":0,"post_type":"autor","post_mime_type":"","comment_count":"0","filter":"raw"}]},"aioseo_notices":[],"_links":{"self":[{"href":"https:\/\/www.claret.cat\/es\/wp-json\/wp\/v2\/product\/444560","targetHints":{"allow":["GET"]}}],"collection":[{"href":"https:\/\/www.claret.cat\/es\/wp-json\/wp\/v2\/product"}],"about":[{"href":"https:\/\/www.claret.cat\/es\/wp-json\/wp\/v2\/types\/product"}],"wp:featuredmedia":[{"embeddable":true,"href":"https:\/\/www.claret.cat\/es\/wp-json\/wp\/v2\/media\/452485"}],"wp:attachment":[{"href":"https:\/\/www.claret.cat\/es\/wp-json\/wp\/v2\/media?parent=444560"}],"wp:term":[{"taxonomy":"product_brand","embeddable":true,"href":"https:\/\/www.claret.cat\/es\/wp-json\/wp\/v2\/product_brand?post=444560"},{"taxonomy":"product_cat","embeddable":true,"href":"https:\/\/www.claret.cat\/es\/wp-json\/wp\/v2\/product_cat?post=444560"},{"taxonomy":"product_tag","embeddable":true,"href":"https:\/\/www.claret.cat\/es\/wp-json\/wp\/v2\/product_tag?post=444560"}],"curies":[{"name":"wp","href":"https:\/\/api.w.org\/{rel}","templated":true}]}}