{"id":444581,"date":"2023-05-23T18:25:13","date_gmt":"2023-05-23T16:25:13","guid":{"rendered":"https:\/\/www.claret.cat\/llibre\/sabios-ignorantes-y-felices-9788434436268\/"},"modified":"2023-10-11T02:35:29","modified_gmt":"2023-10-11T00:35:29","slug":"sabios-ignorantes-y-felices-9788434436268","status":"publish","type":"product","link":"https:\/\/www.claret.cat\/es\/libro\/sabios-ignorantes-y-felices-9788434436268\/","title":{"rendered":"SABIOS IGNORANTES Y FELICES"},"content":{"rendered":"<p>\u00bfCu\u00e1l es la fuente de los saberes humanos? \u00bfPodemos vivir sin certezas? <br \/> \u00bfCon qu\u00e9 criterios podemos aceptar que lo que conocemos sea verdadero o falso? <br \/> \u00bfSirve el escepticismo para lograr una vida mejor?<br \/> En las \u00faltimas d\u00e9cadas, para alcanzar la verdad o la tranquilidad interior, se han reivindicado casi todas las escuelas de la sabidur\u00eda antigua: desde los estoicos a los c\u00ednicos, desde los epic\u00fareos a Plat\u00f3n y Arist\u00f3teles, pasando por los tao\u00edstas chinos, los budistas del zen japon\u00e9s o el yoga indio. En esta recuperaci\u00f3n constante de los cl\u00e1sicos tan solo parece faltar la escuela esc\u00e9ptica.<br \/> Hoy en d\u00eda tendemos a asociar escepticismo con incredulidad ordinaria. Sin embargo, el escepticismo no implica una negaci\u00f3n absoluta, sino m\u00e1s bien todo lo contrario, es decir la puesta en cuesti\u00f3n de dogmas, t\u00f3picos y prejuicios. El escepticismo filos\u00f3fico deriva de la palabra skepsis que significa \u00abinvestigar\u00bb, no conformarse con una respuesta dogm\u00e1tica. Pensar con sentido implica dudar, cuestionar las aparentes certezas. Es por ello que el escepticismo ha sido una de las m\u00e1s potentes tradiciones de la historia de la filosof\u00eda y de la ciencia, que sigue vigente y merece ser reivindicada si queremos comprender aspectos fundamentales de nuestra mente y de lo que nos rodea.<br \/> Una obra de singular importancia que reconstruye el pensamiento de los esc\u00e9pticos grecolatinos, dirigida por igual a iniciados y profanos.<br \/> Daniel Tubau nos propone pasear de la mano de los esc\u00e9pticos para llegar al conocimiento admitiendo nuestra ignorancia. Adem\u00e1s, nos revela que a trav\u00e9s de la duda podemos encontrar un camino hacia la felicidad.<\/p>\n","protected":false},"excerpt":{"rendered":"<p>TUBAU, DANIEL<\/p>\n","protected":false},"featured_media":444582,"template":"","meta":{"_acf_changed":false,"om_disable_all_campaigns":false,"rs_blank_template":"","rs_page_bg_color":"","slide_template_v7":"","inline_featured_image":false,"_monsterinsights_skip_tracking":false,"_monsterinsights_sitenote_active":false,"_monsterinsights_sitenote_note":"","_monsterinsights_sitenote_category":0},"product_brand":[],"product_cat":[165,438],"product_tag":[],"class_list":{"0":"post-444581","1":"product","2":"type-product","3":"status-publish","4":"has-post-thumbnail","6":"product_cat-historia-i-corrents-filosofia-2_humanitats","7":"product_cat-historia-y-corrientes-filosofia-2_humanidades","9":"first","10":"instock","11":"taxable","12":"shipping-taxable","13":"purchasable","14":"product-type-simple"},"acf":{"autor":"TUBAU, DANIEL","codart":"843443626","libros-coleccion":"Ariel","ediciones":"1","encuadernacion":"R\u00fastica","fecha_de_publicacion":"01\/05\/2023","novedad":"1","paginas":"568","subtitulo":"LO QUE LOS ANTIGUOS ESC\u00c9PTICOS NOS ENSE\u00d1AN","orden":"0","portada":"0","idioma":"spa","editorial":[{"ID":6220,"post_author":"3","post_date":"2022-07-28 17:47:28","post_date_gmt":"2022-07-28 15:47:28","post_content":"","post_title":"Editorial Ariel","post_excerpt":"","post_status":"publish","comment_status":"closed","ping_status":"closed","post_password":"","post_name":"editorial-ariel","to_ping":"","pinged":"","post_modified":"2022-07-28 17:47:28","post_modified_gmt":"2022-07-28 15:47:28","post_content_filtered":"","post_parent":0,"guid":"http:\/\/dev.claret.cat\/editorial\/editorial-ariel\/","menu_order":0,"post_type":"editorial","post_mime_type":"","comment_count":"0","filter":"raw"}],"autores-libros":[{"ID":416384,"post_author":"3","post_date":"2023-04-11 14:10:30","post_date_gmt":"2023-04-11 12:10:30","post_content":"","post_title":"DANIEL TUBAU","post_excerpt":"","post_status":"publish","comment_status":"closed","ping_status":"closed","post_password":"","post_name":"daniel-tubau","to_ping":"","pinged":"","post_modified":"2023-04-11 14:10:30","post_modified_gmt":"2023-04-11 12:10:30","post_content_filtered":"","post_parent":0,"guid":"https:\/\/www.claret.cat\/autor\/daniel-tubau\/","menu_order":0,"post_type":"autor","post_mime_type":"","comment_count":"0","filter":"raw"}]},"aioseo_notices":[],"_links":{"self":[{"href":"https:\/\/www.claret.cat\/es\/wp-json\/wp\/v2\/product\/444581","targetHints":{"allow":["GET"]}}],"collection":[{"href":"https:\/\/www.claret.cat\/es\/wp-json\/wp\/v2\/product"}],"about":[{"href":"https:\/\/www.claret.cat\/es\/wp-json\/wp\/v2\/types\/product"}],"wp:featuredmedia":[{"embeddable":true,"href":"https:\/\/www.claret.cat\/es\/wp-json\/wp\/v2\/media\/444582"}],"wp:attachment":[{"href":"https:\/\/www.claret.cat\/es\/wp-json\/wp\/v2\/media?parent=444581"}],"wp:term":[{"taxonomy":"product_brand","embeddable":true,"href":"https:\/\/www.claret.cat\/es\/wp-json\/wp\/v2\/product_brand?post=444581"},{"taxonomy":"product_cat","embeddable":true,"href":"https:\/\/www.claret.cat\/es\/wp-json\/wp\/v2\/product_cat?post=444581"},{"taxonomy":"product_tag","embeddable":true,"href":"https:\/\/www.claret.cat\/es\/wp-json\/wp\/v2\/product_tag?post=444581"}],"curies":[{"name":"wp","href":"https:\/\/api.w.org\/{rel}","templated":true}]}}