{"id":444623,"date":"2023-05-23T19:30:10","date_gmt":"2023-05-23T17:30:10","guid":{"rendered":"https:\/\/www.claret.cat\/llibre\/israel-y-los-territorios-palestinos-5-9788408266549\/"},"modified":"2023-10-11T02:35:13","modified_gmt":"2023-10-11T00:35:13","slug":"israel-y-los-territorios-palestinos-5-9788408266549","status":"publish","type":"product","link":"https:\/\/www.claret.cat\/es\/libro\/israel-y-los-territorios-palestinos-5-9788408266549\/","title":{"rendered":"ISRAEL Y LOS TERRITORIOS PALESTINOS 5"},"content":{"rendered":"<p>Hay pocos lugares en el mundo que re\u00fanan en un espacio reducido tanta diversidad geogr\u00e1fica como Israel y los territorios palestinos. Las cortas distancias permiten al viajero relajarse y flotar en el mar Muerto y al d\u00eda siguiente bucear en el mar Rojo, o aventurarse y perderse por el Sendero Nacional de Israel y recorrer todo el territorio, explorando oasis y admirando las formaciones de arenisca multicolor del makhtesh Ramon. Punto de encuentro entre culturas, imperios y religiones, se podr\u00e1n encontrar lugares hist\u00f3ricos jud\u00edos como el Muro de las Lamentaciones en Jerusal\u00e9n y sinagogas bizantinas en Tierra Santa, recorrer lugares vinculados al nacimiento de Jes\u00fas en Bel\u00e9n, su ministerio en Nazaret y alrededor del mar de Galilea, y visitar Al-Haram ash-Sharif en Jerusal\u00e9n.<\/p>\n","protected":false},"excerpt":{"rendered":"<p>CROWCROFT, ORLANDO \/ ISALSKA, ANITA \/ SAVERY RAZ, DAN \/ WALKER, JENNY \/ ROBINSO<\/p>\n","protected":false},"featured_media":444624,"template":"","meta":{"_acf_changed":false,"om_disable_all_campaigns":false,"rs_blank_template":"","rs_page_bg_color":"","slide_template_v7":"","inline_featured_image":false,"_monsterinsights_skip_tracking":false,"_monsterinsights_sitenote_active":false,"_monsterinsights_sitenote_note":"","_monsterinsights_sitenote_category":0},"product_brand":[],"product_cat":[557,107],"product_tag":[],"class_list":{"0":"post-444623","1":"product","2":"type-product","3":"status-publish","4":"has-post-thumbnail","6":"product_cat-guias-de-viaje","7":"product_cat-guies-de-viatge","9":"first","10":"instock","11":"taxable","12":"shipping-taxable","13":"purchasable","14":"product-type-simple"},"acf":{"autor":"CROWCROFT, ORLANDO \/ ISALSKA, ANITA \/ SAVERY RAZ, DAN \/ WALKER, JENNY \/ ROBINSO","codart":"840826654","libros-coleccion":"Gu\u00edas de Pa\u00eds Lonely Planet","ediciones":"1","encuadernacion":"R\u00fastica","fecha_de_publicacion":"01\/05\/2023","novedad":"1","paginas":"456","subtitulo":"","orden":"0","portada":"0","idioma":"spa","editorial":[{"ID":6233,"post_author":"3","post_date":"2022-07-28 17:47:48","post_date_gmt":"2022-07-28 15:47:48","post_content":"","post_title":"EDITORIAL PLANETA","post_excerpt":"","post_status":"publish","comment_status":"closed","ping_status":"closed","post_password":"","post_name":"editorial-planeta","to_ping":"","pinged":"","post_modified":"2022-07-28 17:47:48","post_modified_gmt":"2022-07-28 15:47:48","post_content_filtered":"","post_parent":0,"guid":"http:\/\/dev.claret.cat\/editorial\/editorial-planeta\/","menu_order":0,"post_type":"editorial","post_mime_type":"","comment_count":"0","filter":"raw"}],"autores-libros":[{"ID":159006,"post_author":"3","post_date":"2022-10-14 15:41:20","post_date_gmt":"2022-10-14 13:41:20","post_content":"","post_title":"JENNY WALKER","post_excerpt":"","post_status":"publish","comment_status":"closed","ping_status":"closed","post_password":"","post_name":"jenny-walker","to_ping":"","pinged":"","post_modified":"2022-10-14 15:41:20","post_modified_gmt":"2022-10-14 13:41:20","post_content_filtered":"","post_parent":0,"guid":"http:\/\/dev.claret.cat\/autor\/jenny-walker\/","menu_order":0,"post_type":"autor","post_mime_type":"","comment_count":"0","filter":"raw"},{"ID":150511,"post_author":"3","post_date":"2022-10-14 14:33:33","post_date_gmt":"2022-10-14 12:33:33","post_content":"","post_title":"ANITA ISALSKA","post_excerpt":"","post_status":"publish","comment_status":"closed","ping_status":"closed","post_password":"","post_name":"anita-isalska","to_ping":"","pinged":"","post_modified":"2022-10-14 14:33:33","post_modified_gmt":"2022-10-14 12:33:33","post_content_filtered":"","post_parent":0,"guid":"http:\/\/dev.claret.cat\/autor\/anita-isalska\/","menu_order":0,"post_type":"autor","post_mime_type":"","comment_count":"0","filter":"raw"},{"ID":166273,"post_author":"3","post_date":"2022-10-14 18:01:50","post_date_gmt":"2022-10-14 16:01:50","post_content":"","post_title":"ORLANDO CROWCROFT","post_excerpt":"","post_status":"publish","comment_status":"closed","ping_status":"closed","post_password":"","post_name":"orlando-crowcroft","to_ping":"","pinged":"","post_modified":"2022-10-14 18:01:50","post_modified_gmt":"2022-10-14 16:01:50","post_content_filtered":"","post_parent":0,"guid":"http:\/\/dev.claret.cat\/autor\/orlando-crowcroft\/","menu_order":0,"post_type":"autor","post_mime_type":"","comment_count":"0","filter":"raw"}]},"aioseo_notices":[],"_links":{"self":[{"href":"https:\/\/www.claret.cat\/es\/wp-json\/wp\/v2\/product\/444623","targetHints":{"allow":["GET"]}}],"collection":[{"href":"https:\/\/www.claret.cat\/es\/wp-json\/wp\/v2\/product"}],"about":[{"href":"https:\/\/www.claret.cat\/es\/wp-json\/wp\/v2\/types\/product"}],"wp:featuredmedia":[{"embeddable":true,"href":"https:\/\/www.claret.cat\/es\/wp-json\/wp\/v2\/media\/444624"}],"wp:attachment":[{"href":"https:\/\/www.claret.cat\/es\/wp-json\/wp\/v2\/media?parent=444623"}],"wp:term":[{"taxonomy":"product_brand","embeddable":true,"href":"https:\/\/www.claret.cat\/es\/wp-json\/wp\/v2\/product_brand?post=444623"},{"taxonomy":"product_cat","embeddable":true,"href":"https:\/\/www.claret.cat\/es\/wp-json\/wp\/v2\/product_cat?post=444623"},{"taxonomy":"product_tag","embeddable":true,"href":"https:\/\/www.claret.cat\/es\/wp-json\/wp\/v2\/product_tag?post=444623"}],"curies":[{"name":"wp","href":"https:\/\/api.w.org\/{rel}","templated":true}]}}