{"id":444700,"date":"2023-05-24T13:55:31","date_gmt":"2023-05-24T11:55:31","guid":{"rendered":"https:\/\/www.claret.cat\/llibre\/fesme-una-abracada-petit-dino-9788412586183\/"},"modified":"2023-10-11T02:34:41","modified_gmt":"2023-10-11T00:34:41","slug":"fesme-una-abracada-petit-dino-9788412586183","status":"publish","type":"product","link":"https:\/\/www.claret.cat\/es\/libro\/fesme-una-abracada-petit-dino-9788412586183\/","title":{"rendered":"FES-ME UNA ABRA\u00c7ADA PETIT DINO"},"content":{"rendered":"<p>Fes-me una abra\u00e7ada, petit dino! Els seus bra\u00e7os s\u00f3n flonjos i suaus, perfectes per a les abra\u00e7ades i les moixaines. Llibre-titella per llegir, jugar i compartir estones divertides i tendres amb els m\u00e9s petits.<\/p>\n","protected":false},"excerpt":{"rendered":"<p>LOUWERS, TANJA \/ DE BEER, ESTHER<\/p>\n","protected":false},"featured_media":444701,"template":"","meta":{"_acf_changed":false,"om_disable_all_campaigns":false,"rs_blank_template":"","rs_page_bg_color":"","slide_template_v7":"","inline_featured_image":false,"_monsterinsights_skip_tracking":false,"_monsterinsights_sitenote_active":false,"_monsterinsights_sitenote_note":"","_monsterinsights_sitenote_category":0},"product_brand":[],"product_cat":[131,361],"product_tag":[],"class_list":{"0":"post-444700","1":"product","2":"type-product","3":"status-publish","4":"has-post-thumbnail","6":"product_cat-contes-per-infants-0-6-anys","7":"product_cat-cuentos-para-ninos-0-6-anos","9":"first","10":"instock","11":"taxable","12":"shipping-taxable","13":"purchasable","14":"product-type-simple"},"acf":{"autor":"LOUWERS, TANJA \/ DE BEER, ESTHER","codart":"841258618","libros-coleccion":"Imagina","ediciones":"1","encuadernacion":"Carton\u00e9","fecha_de_publicacion":"01\/04\/2023","novedad":"1","paginas":"12","subtitulo":"","orden":"0","portada":"0","idioma":"cat","editorial":[{"ID":6286,"post_author":"3","post_date":"2022-07-28 17:48:56","post_date_gmt":"2022-07-28 15:48:56","post_content":"","post_title":"Librooks Barcelona","post_excerpt":"","post_status":"publish","comment_status":"closed","ping_status":"closed","post_password":"","post_name":"librooks-barcelona","to_ping":"","pinged":"","post_modified":"2022-07-28 17:48:56","post_modified_gmt":"2022-07-28 15:48:56","post_content_filtered":"","post_parent":0,"guid":"http:\/\/dev.claret.cat\/editorial\/librooks-barcelona\/","menu_order":0,"post_type":"editorial","post_mime_type":"","comment_count":"0","filter":"raw"}],"autores-libros":[{"ID":170134,"post_author":"3","post_date":"2022-10-14 22:32:51","post_date_gmt":"2022-10-14 20:32:51","post_content":"","post_title":"TANJA LOUWERS","post_excerpt":"","post_status":"publish","comment_status":"closed","ping_status":"closed","post_password":"","post_name":"tanja-louwers","to_ping":"","pinged":"","post_modified":"2022-10-14 22:32:51","post_modified_gmt":"2022-10-14 20:32:51","post_content_filtered":"","post_parent":0,"guid":"http:\/\/dev.claret.cat\/autor\/tanja-louwers\/","menu_order":0,"post_type":"autor","post_mime_type":"","comment_count":"0","filter":"raw"},{"ID":155430,"post_author":"3","post_date":"2022-10-14 15:12:46","post_date_gmt":"2022-10-14 13:12:46","post_content":"","post_title":"ESTHER DE BEER","post_excerpt":"","post_status":"publish","comment_status":"closed","ping_status":"closed","post_password":"","post_name":"esther-de-beer","to_ping":"","pinged":"","post_modified":"2022-10-14 15:12:46","post_modified_gmt":"2022-10-14 13:12:46","post_content_filtered":"","post_parent":0,"guid":"http:\/\/dev.claret.cat\/autor\/esther-de-beer\/","menu_order":0,"post_type":"autor","post_mime_type":"","comment_count":"0","filter":"raw"}]},"aioseo_notices":[],"_links":{"self":[{"href":"https:\/\/www.claret.cat\/es\/wp-json\/wp\/v2\/product\/444700","targetHints":{"allow":["GET"]}}],"collection":[{"href":"https:\/\/www.claret.cat\/es\/wp-json\/wp\/v2\/product"}],"about":[{"href":"https:\/\/www.claret.cat\/es\/wp-json\/wp\/v2\/types\/product"}],"wp:featuredmedia":[{"embeddable":true,"href":"https:\/\/www.claret.cat\/es\/wp-json\/wp\/v2\/media\/444701"}],"wp:attachment":[{"href":"https:\/\/www.claret.cat\/es\/wp-json\/wp\/v2\/media?parent=444700"}],"wp:term":[{"taxonomy":"product_brand","embeddable":true,"href":"https:\/\/www.claret.cat\/es\/wp-json\/wp\/v2\/product_brand?post=444700"},{"taxonomy":"product_cat","embeddable":true,"href":"https:\/\/www.claret.cat\/es\/wp-json\/wp\/v2\/product_cat?post=444700"},{"taxonomy":"product_tag","embeddable":true,"href":"https:\/\/www.claret.cat\/es\/wp-json\/wp\/v2\/product_tag?post=444700"}],"curies":[{"name":"wp","href":"https:\/\/api.w.org\/{rel}","templated":true}]}}