{"id":444755,"date":"2023-05-24T15:40:32","date_gmt":"2023-05-24T13:40:32","guid":{"rendered":"https:\/\/www.claret.cat\/llibre\/solitud-9788491364757\/"},"modified":"2024-12-10T10:55:27","modified_gmt":"2024-12-10T09:55:27","slug":"solitud-9788491364757","status":"publish","type":"product","link":"https:\/\/www.claret.cat\/es\/libro\/solitud-9788491364757\/","title":{"rendered":"SOLITUD"},"content":{"rendered":"<p>Aquest llibre vol donar visibilitat a un col\u00b7lectiu molt present alhora que molt marginat de la nostra societat: la gent sense llar.<br \/> El llibre, compost per fotografies, il\u00b7lustracions i text de l&#8217;autora (amb declaracions reals de testimonis que han viscut o que viuen al carrer), mostrar\u00e0 la rudesa que representa aquest estil de vida i com n&#8217;\u00e9s de dura la solitud estant envoltats de tanta gent.<br \/> L&#8217;objectiu \u00e9s fer un crit d&#8217;ajuda per tal de sensibilitzar i fer empatitzar al lector, i que es decideixi aix\u00ed a prendre acci\u00f3 davant la problem\u00e0tica.<\/p>\n","protected":false},"excerpt":{"rendered":"<p>REINA GONZALEZ, J\u00daLIA<\/p>\n","protected":false},"featured_media":974233,"template":"","meta":{"_acf_changed":false,"om_disable_all_campaigns":false,"rs_blank_template":"","rs_page_bg_color":"","slide_template_v7":"","inline_featured_image":false,"_monsterinsights_skip_tracking":false,"_monsterinsights_sitenote_active":false,"_monsterinsights_sitenote_note":"","_monsterinsights_sitenote_category":0},"product_brand":[],"product_cat":[307,581,89,491,241],"product_tag":[],"class_list":{"0":"post-444755","1":"product","2":"type-product","3":"status-publish","4":"has-post-thumbnail","6":"product_cat-catala","7":"product_cat-editorial-claret","8":"product_cat-els-mes-venuts","9":"product_cat-testimonios","10":"product_cat-testimonis","12":"first","13":"instock","14":"taxable","15":"shipping-taxable","16":"purchasable","17":"product-type-simple"},"acf":{"autor":"REINA GONZALEZ, J\u00daLIA","codart":"849136475","libros-coleccion":"","ediciones":"1","encuadernacion":"R\u00fastica","fecha_de_publicacion":"06\/06\/2023","novedad":"1","paginas":"136","subtitulo":"SET VIDES SENSE LLAR","orden":"1000","portada":"1","idioma":"cat","editorial":[{"ID":6158,"post_author":"3","post_date":"2022-07-28 17:46:08","post_date_gmt":"2022-07-28 15:46:08","post_content":"","post_title":"CLARET","post_excerpt":"","post_status":"publish","comment_status":"closed","ping_status":"closed","post_password":"","post_name":"claret","to_ping":"","pinged":"","post_modified":"2022-07-28 17:46:08","post_modified_gmt":"2022-07-28 15:46:08","post_content_filtered":"","post_parent":0,"guid":"http:\/\/dev.claret.cat\/editorial\/claret\/","menu_order":0,"post_type":"editorial","post_mime_type":"","comment_count":"0","filter":"raw"}],"autores-libros":[{"ID":444257,"post_author":"3","post_date":"2023-05-22 10:45:24","post_date_gmt":"2023-05-22 08:45:24","post_content":"J\u00falia Reina Gonzalez (1996). Dissenyadora gr\u00e0fica. T\u00e9 inter\u00e8s en l\u2019art, la fotografia, el dibuix, la pintura i l\u2019escriptura,\u00a0aix\u00ed com sensibilitat per les problem\u00e0tiques de car\u00e0cter social i mediambiental,\u00a0intenta fusionar aquests dos mons per a\u00a0poder contribuir-ne en la seva millora. T\u00e9 diversos anys\u00a0de voluntariat, aix\u00ed com experi\u00e8ncia laboral en hostaleria\u00a0i esdeveniments, fotografia, gravaci\u00f3 i edici\u00f3 de v\u00eddeo,\u00a0disseny gr\u00e0fic i il\u00b7lustraci\u00f3.","post_title":"J\u00daLIA REINA GONZALEZ","post_excerpt":"","post_status":"publish","comment_status":"closed","ping_status":"closed","post_password":"","post_name":"julia-reina-gonzalez","to_ping":"","pinged":"","post_modified":"2023-06-14 12:28:45","post_modified_gmt":"2023-06-14 10:28:45","post_content_filtered":"","post_parent":0,"guid":"https:\/\/www.claret.cat\/autor\/julia-reina-gonzalez\/","menu_order":0,"post_type":"autor","post_mime_type":"","comment_count":"0","filter":"raw"}],"traductores-libros":"","ilustradores-libros":"","formato":"","linkebook":"","precioebook":"0","ebookportada":false,"ficha":"849136475_1688039689.pdf","muestra":"","presentacion":"<iframe width=\"861\" height=\"484\" src=\"https:\/\/www.youtube.com\/embed\/WlxlBF_tS9Q\" title=\"Presentaci\u00f3 del llibre Solitud. Set vides sense llar\" frameborder=\"0\" allow=\"accelerometer; autoplay; clipboard-write; encrypted-media; gyroscope; picture-in-picture; web-share\" allowfullscreen><\/iframe>","booktrailer":"<iframe width=\"861\" height=\"484\" src=\"https:\/\/www.youtube.com\/embed\/P3g6-xT0bJA\" title=\"Booktr\u00e0iler del llibre Solitud. Set vides sense llar\" frameborder=\"0\" allow=\"accelerometer; autoplay; clipboard-write; encrypted-media; gyroscope; picture-in-picture; web-share\" allowfullscreen><\/iframe>","resenas":"<p>Social.cat, 23\/06\/2023<\/p>\n<p><a href=\"https:\/\/www.social.cat\/llibre\/19150\/solitud?utm_source=dlvr.it&amp;utm_medium=twitter\" rel=\"noopener noreferrer\" target=\"_blank\">https:\/\/www.social.cat\/llibre\/19150\/solitud?utm_source=dlvr.it&amp;utm_medium=twitter<\/a><\/p>\n<p><\/p>\n<p>Ag\u00e8ncia Flama, 29\/06\/2023<\/p>\n<p><a href=\"https:\/\/www.agenciaflama.cat\/julia-reina-busco-que-els-lectors-del-meu-llibre-puguin-actuar-en-benefici-de-les-persones-sense-llar-despres-de-llegir-lo\/\" rel=\"noopener noreferrer\" target=\"_blank\">https:\/\/www.agenciaflama.cat\/julia-reina-busco-que-els-lectors-del-meu-llibre-puguin-actuar-en-benefici-de-les-persones-sense-llar-despres-de-llegir-lo\/<\/a><\/p>\n<p><\/p>\n<p><\/p>\n<p><\/p>\n<p><\/p>\n<p>Catalunya Religi\u00f3, 12\/06\/2023<\/p>\n<p><a href=\"https:\/\/www.catalunyareligio.cat\/ca\/vida-persones-sense-llar-traves-art-nou-llibre\" rel=\"noopener noreferrer\" target=\"_blank\">https:\/\/www.catalunyareligio.cat\/ca\/vida-persones-sense-llar-traves-art-nou-llibre<\/a><\/p>\n","recomendamos":"","mas_vendido":""},"aioseo_notices":[],"_links":{"self":[{"href":"https:\/\/www.claret.cat\/es\/wp-json\/wp\/v2\/product\/444755","targetHints":{"allow":["GET"]}}],"collection":[{"href":"https:\/\/www.claret.cat\/es\/wp-json\/wp\/v2\/product"}],"about":[{"href":"https:\/\/www.claret.cat\/es\/wp-json\/wp\/v2\/types\/product"}],"wp:featuredmedia":[{"embeddable":true,"href":"https:\/\/www.claret.cat\/es\/wp-json\/wp\/v2\/media\/974233"}],"wp:attachment":[{"href":"https:\/\/www.claret.cat\/es\/wp-json\/wp\/v2\/media?parent=444755"}],"wp:term":[{"taxonomy":"product_brand","embeddable":true,"href":"https:\/\/www.claret.cat\/es\/wp-json\/wp\/v2\/product_brand?post=444755"},{"taxonomy":"product_cat","embeddable":true,"href":"https:\/\/www.claret.cat\/es\/wp-json\/wp\/v2\/product_cat?post=444755"},{"taxonomy":"product_tag","embeddable":true,"href":"https:\/\/www.claret.cat\/es\/wp-json\/wp\/v2\/product_tag?post=444755"}],"curies":[{"name":"wp","href":"https:\/\/api.w.org\/{rel}","templated":true}]}}