{"id":444776,"date":"2023-05-24T16:25:52","date_gmt":"2023-05-24T14:25:52","guid":{"rendered":"https:\/\/www.claret.cat\/llibre\/las-dos-vias-9788497165259\/"},"modified":"2023-10-11T02:34:09","modified_gmt":"2023-10-11T00:34:09","slug":"las-dos-vias-9788497165259","status":"publish","type":"product","link":"https:\/\/www.claret.cat\/es\/libro\/las-dos-vias-9788497165259\/","title":{"rendered":"LAS DOS V\u00cdAS"},"content":{"rendered":"<p>Este poemario es una indagaci\u00f3n, un viaje para encontrar el sentido que los antiguos otorgaron a un s\u00edmbolo universal y que representaron con la letra \u00edpsilon \u00abY\u00bb. Los poemas quieren ser un aproximamiento al misterio de la ra\u00edz com\u00fan de las dos v\u00edas.<\/p>\n","protected":false},"excerpt":{"rendered":"<p>AROLA, RAIMON<\/p>\n","protected":false},"featured_media":451597,"template":"","meta":{"_acf_changed":false,"om_disable_all_campaigns":false,"rs_blank_template":"","rs_page_bg_color":"","slide_template_v7":"","inline_featured_image":false,"_monsterinsights_skip_tracking":false,"_monsterinsights_sitenote_active":false,"_monsterinsights_sitenote_note":"","_monsterinsights_sitenote_category":0},"product_brand":[],"product_cat":[284,418,340,121],"product_tag":[],"class_list":{"0":"post-444776","1":"product","2":"type-product","3":"status-publish","4":"has-post-thumbnail","6":"product_cat-espiritual","7":"product_cat-espiritual-teologia-1_espiritualidad","8":"product_cat-poesia-5_otras","9":"product_cat-poesia","11":"first","12":"instock","13":"taxable","14":"shipping-taxable","15":"purchasable","16":"product-type-simple"},"acf":{"autor":"AROLA, RAIMON","codart":"849716525","libros-coleccion":"LOS PEQUE\u00d1OS LIBROS DE LA SABIDURIA","ediciones":"1","encuadernacion":"R\u00fastica","fecha_de_publicacion":"01\/05\/2023","novedad":"1","paginas":"101","subtitulo":"POES\u00cdA Y M\u00cdSTICA","orden":"0","portada":"0","idioma":"spa","editorial":[{"ID":6273,"post_author":"3","post_date":"2022-07-28 17:48:39","post_date_gmt":"2022-07-28 15:48:39","post_content":"","post_title":"Jos\u00e9 J. Ola\u00f1eta Editor","post_excerpt":"","post_status":"publish","comment_status":"closed","ping_status":"closed","post_password":"","post_name":"jose-j-olaneta-editor","to_ping":"","pinged":"","post_modified":"2022-07-28 17:48:39","post_modified_gmt":"2022-07-28 15:48:39","post_content_filtered":"","post_parent":0,"guid":"http:\/\/dev.claret.cat\/editorial\/jose-j-olaneta-editor\/","menu_order":0,"post_type":"editorial","post_mime_type":"","comment_count":"0","filter":"raw"}],"autores-libros":[{"ID":167641,"post_author":"3","post_date":"2022-10-14 18:12:50","post_date_gmt":"2022-10-14 16:12:50","post_content":"","post_title":"RAIMON AROLA","post_excerpt":"","post_status":"publish","comment_status":"closed","ping_status":"closed","post_password":"","post_name":"raimon-arola","to_ping":"","pinged":"","post_modified":"2022-10-14 18:12:50","post_modified_gmt":"2022-10-14 16:12:50","post_content_filtered":"","post_parent":0,"guid":"http:\/\/dev.claret.cat\/autor\/raimon-arola\/","menu_order":0,"post_type":"autor","post_mime_type":"","comment_count":"0","filter":"raw"}]},"aioseo_notices":[],"_links":{"self":[{"href":"https:\/\/www.claret.cat\/es\/wp-json\/wp\/v2\/product\/444776","targetHints":{"allow":["GET"]}}],"collection":[{"href":"https:\/\/www.claret.cat\/es\/wp-json\/wp\/v2\/product"}],"about":[{"href":"https:\/\/www.claret.cat\/es\/wp-json\/wp\/v2\/types\/product"}],"wp:featuredmedia":[{"embeddable":true,"href":"https:\/\/www.claret.cat\/es\/wp-json\/wp\/v2\/media\/451597"}],"wp:attachment":[{"href":"https:\/\/www.claret.cat\/es\/wp-json\/wp\/v2\/media?parent=444776"}],"wp:term":[{"taxonomy":"product_brand","embeddable":true,"href":"https:\/\/www.claret.cat\/es\/wp-json\/wp\/v2\/product_brand?post=444776"},{"taxonomy":"product_cat","embeddable":true,"href":"https:\/\/www.claret.cat\/es\/wp-json\/wp\/v2\/product_cat?post=444776"},{"taxonomy":"product_tag","embeddable":true,"href":"https:\/\/www.claret.cat\/es\/wp-json\/wp\/v2\/product_tag?post=444776"}],"curies":[{"name":"wp","href":"https:\/\/api.w.org\/{rel}","templated":true}]}}