{"id":444795,"date":"2023-05-24T16:26:51","date_gmt":"2023-05-24T14:26:51","guid":{"rendered":"https:\/\/www.claret.cat\/llibre\/els-ulls-de-sorra-9788473293976\/"},"modified":"2023-10-11T02:34:03","modified_gmt":"2023-10-11T00:34:03","slug":"els-ulls-de-sorra-9788473293976","status":"publish","type":"product","link":"https:\/\/www.claret.cat\/es\/libro\/els-ulls-de-sorra-9788473293976\/","title":{"rendered":"ELS ULLS DE SORRA"},"content":{"rendered":"<p>Set \u00e0rabs i un cabilenc caminen per la muntanya. S\u00f3n els feda\u00efns de la guerra d&#8217;Alg\u00e8ria, un arreplec d&#8217;homes units pel somni de la independ\u00e8ncia. Van amb la mula carregada d&#8217;armes i s&#8217;expliquen hist\u00f2ries, quan un escamot de soldats francesos comandats per un jove oficial els barra el pas.<\/p>\n<p> Els ulls de sorra \u00e9s la primera novel\u00b7la de Joan-Llu\u00eds Llu\u00eds.<\/p>\n","protected":false},"excerpt":{"rendered":"<p>LLU\u00cdS, JOAN-LLU\u00cdS<\/p>\n","protected":false},"featured_media":444796,"template":"","meta":{"_acf_changed":false,"om_disable_all_campaigns":false,"rs_blank_template":"","rs_page_bg_color":"","slide_template_v7":"","inline_featured_image":false,"_monsterinsights_skip_tracking":false,"_monsterinsights_sitenote_active":false,"_monsterinsights_sitenote_note":"","_monsterinsights_sitenote_category":0},"product_brand":[],"product_cat":[127,357],"product_tag":[],"class_list":{"0":"post-444795","1":"product","2":"type-product","3":"status-publish","4":"has-post-thumbnail","6":"product_cat-novella-contemporania","7":"product_cat-novela-contemporanea","9":"first","10":"instock","11":"taxable","12":"shipping-taxable","13":"purchasable","14":"product-type-simple"},"acf":{"autor":"LLU\u00cdS, JOAN-LLU\u00cdS","codart":"847329397","libros-coleccion":"EL CLUB DELS NOVEL\u00b7LISTES","ediciones":"1","encuadernacion":"R\u00fastica","fecha_de_publicacion":"01\/05\/2023","novedad":"1","paginas":"142","subtitulo":"","orden":"0","portada":"0","idioma":"cat","editorial":[{"ID":6163,"post_author":"3","post_date":"2022-07-28 17:46:15","post_date_gmt":"2022-07-28 15:46:15","post_content":"","post_title":"CLUB EDITOR","post_excerpt":"","post_status":"publish","comment_status":"closed","ping_status":"closed","post_password":"","post_name":"club-editor","to_ping":"","pinged":"","post_modified":"2022-07-28 17:46:15","post_modified_gmt":"2022-07-28 15:46:15","post_content_filtered":"","post_parent":0,"guid":"http:\/\/dev.claret.cat\/editorial\/club-editor\/","menu_order":0,"post_type":"editorial","post_mime_type":"","comment_count":"0","filter":"raw"}],"autores-libros":[{"ID":159468,"post_author":"3","post_date":"2022-10-14 15:45:05","post_date_gmt":"2022-10-14 13:45:05","post_content":"","post_title":"JOAN-LLUIS LLUIS","post_excerpt":"","post_status":"publish","comment_status":"closed","ping_status":"closed","post_password":"","post_name":"joan-lluis-lluis-3","to_ping":"","pinged":"","post_modified":"2022-10-14 15:45:05","post_modified_gmt":"2022-10-14 13:45:05","post_content_filtered":"","post_parent":0,"guid":"http:\/\/dev.claret.cat\/autor\/joan-lluis-lluis-3\/","menu_order":0,"post_type":"autor","post_mime_type":"","comment_count":"0","filter":"raw"}]},"aioseo_notices":[],"_links":{"self":[{"href":"https:\/\/www.claret.cat\/es\/wp-json\/wp\/v2\/product\/444795","targetHints":{"allow":["GET"]}}],"collection":[{"href":"https:\/\/www.claret.cat\/es\/wp-json\/wp\/v2\/product"}],"about":[{"href":"https:\/\/www.claret.cat\/es\/wp-json\/wp\/v2\/types\/product"}],"wp:featuredmedia":[{"embeddable":true,"href":"https:\/\/www.claret.cat\/es\/wp-json\/wp\/v2\/media\/444796"}],"wp:attachment":[{"href":"https:\/\/www.claret.cat\/es\/wp-json\/wp\/v2\/media?parent=444795"}],"wp:term":[{"taxonomy":"product_brand","embeddable":true,"href":"https:\/\/www.claret.cat\/es\/wp-json\/wp\/v2\/product_brand?post=444795"},{"taxonomy":"product_cat","embeddable":true,"href":"https:\/\/www.claret.cat\/es\/wp-json\/wp\/v2\/product_cat?post=444795"},{"taxonomy":"product_tag","embeddable":true,"href":"https:\/\/www.claret.cat\/es\/wp-json\/wp\/v2\/product_tag?post=444795"}],"curies":[{"name":"wp","href":"https:\/\/api.w.org\/{rel}","templated":true}]}}