{"id":444798,"date":"2023-05-24T16:31:04","date_gmt":"2023-05-24T14:31:04","guid":{"rendered":"https:\/\/www.claret.cat\/llibre\/guia-completa-de-godly-play-vol-7-9788428567886\/"},"modified":"2024-05-02T07:38:57","modified_gmt":"2024-05-02T05:38:57","slug":"guia-completa-de-godly-play-vol-7-9788428567886","status":"publish","type":"product","link":"https:\/\/www.claret.cat\/es\/libro\/guia-completa-de-godly-play-vol-7-9788428567886\/","title":{"rendered":"GU\u00cdA COMPLETA DE GODLY PLAY &#8211; VOL. 7"},"content":{"rendered":"<p>S\u00e9ptimo volumen de Godly Play, m\u00e9todo pedag\u00f3gico de descubrimiento y crecimiento espiritual basado en principios del m\u00e9todo Montessori y el culto cristiano. Incluye las historias para el \u00abtiempo despu\u00e9s de Pentecost\u00e9s\u00bb, centradas en la comuni\u00f3n de los santos y en las vidas de doce h\u00e9roes de la fe, santos y santas, cristianos de todo el mundo y de diferentes \u00e9pocas (Teresa de Jes\u00fas, Tom\u00e1s de Aquino, Agust\u00edn de Hipona, Juliana de Norwich\u2026), a las que se ha a\u00f1adido la historia sobre Martin Luther King. Consta tambi\u00e9n de una introducci\u00f3n revisada y ampliada y de dos ap\u00e9ndices sobre la literatura y el curr\u00edculo de Godly Play.<\/p>\n","protected":false},"excerpt":{"rendered":"<p>BERRYMAN, JEROME W.<\/p>\n","protected":false},"featured_media":444799,"template":"","meta":{"_acf_changed":false,"om_disable_all_campaigns":false,"rs_blank_template":"","rs_page_bg_color":"","slide_template_v7":"","inline_featured_image":false,"_monsterinsights_skip_tracking":false,"_monsterinsights_sitenote_active":false,"_monsterinsights_sitenote_note":"","_monsterinsights_sitenote_category":0},"product_brand":[],"product_cat":[478,219,267,405],"product_tag":[],"class_list":{"0":"post-444798","1":"product","2":"type-product","3":"status-publish","4":"has-post-thumbnail","6":"product_cat-infantil-catequesis-1_espiritualidad","7":"product_cat-infantil-catequesi","8":"product_cat-infantil-pastoral","9":"product_cat-infantil-pastoral-1_espiritualidad","11":"first","12":"instock","13":"taxable","14":"shipping-taxable","15":"purchasable","16":"product-type-simple"},"acf":{"autor":"BERRYMAN, JEROME W.","codart":"842856788","libros-coleccion":"GODLY PLAY","ediciones":"1","encuadernacion":"R\u00fastica","fecha_de_publicacion":"23\/05\/2023","novedad":"1","paginas":"232","subtitulo":"M\u00c9TODO PARA ENRIQUECER LA ESPIRITUALIDAD INFANTIL","orden":"0","portada":"0","idioma":"spa","editorial":[{"ID":6356,"post_author":"3","post_date":"2022-07-28 17:50:26","post_date_gmt":"2022-07-28 15:50:26","post_content":"","post_title":"SAN PABLO COMUNICACI\u00d3N","post_excerpt":"","post_status":"publish","comment_status":"closed","ping_status":"closed","post_password":"","post_name":"san-pablo-comunicacion","to_ping":"","pinged":"","post_modified":"2022-07-28 17:50:26","post_modified_gmt":"2022-07-28 15:50:26","post_content_filtered":"","post_parent":0,"guid":"http:\/\/dev.claret.cat\/editorial\/san-pablo-comunicacion\/","menu_order":0,"post_type":"editorial","post_mime_type":"","comment_count":"0","filter":"raw"}],"autores-libros":[{"ID":159038,"post_author":"3","post_date":"2022-10-14 15:41:36","post_date_gmt":"2022-10-14 13:41:36","post_content":"","post_title":"JEROME W. BERRYMAN","post_excerpt":"","post_status":"publish","comment_status":"closed","ping_status":"closed","post_password":"","post_name":"jerome-w-berryman","to_ping":"","pinged":"","post_modified":"2022-10-14 15:41:36","post_modified_gmt":"2022-10-14 13:41:36","post_content_filtered":"","post_parent":0,"guid":"http:\/\/dev.claret.cat\/autor\/jerome-w-berryman\/","menu_order":0,"post_type":"autor","post_mime_type":"","comment_count":"0","filter":"raw"}]},"aioseo_notices":[],"_links":{"self":[{"href":"https:\/\/www.claret.cat\/es\/wp-json\/wp\/v2\/product\/444798","targetHints":{"allow":["GET"]}}],"collection":[{"href":"https:\/\/www.claret.cat\/es\/wp-json\/wp\/v2\/product"}],"about":[{"href":"https:\/\/www.claret.cat\/es\/wp-json\/wp\/v2\/types\/product"}],"wp:featuredmedia":[{"embeddable":true,"href":"https:\/\/www.claret.cat\/es\/wp-json\/wp\/v2\/media\/444799"}],"wp:attachment":[{"href":"https:\/\/www.claret.cat\/es\/wp-json\/wp\/v2\/media?parent=444798"}],"wp:term":[{"taxonomy":"product_brand","embeddable":true,"href":"https:\/\/www.claret.cat\/es\/wp-json\/wp\/v2\/product_brand?post=444798"},{"taxonomy":"product_cat","embeddable":true,"href":"https:\/\/www.claret.cat\/es\/wp-json\/wp\/v2\/product_cat?post=444798"},{"taxonomy":"product_tag","embeddable":true,"href":"https:\/\/www.claret.cat\/es\/wp-json\/wp\/v2\/product_tag?post=444798"}],"curies":[{"name":"wp","href":"https:\/\/api.w.org\/{rel}","templated":true}]}}