{"id":444816,"date":"2023-05-24T16:40:25","date_gmt":"2023-05-24T14:40:25","guid":{"rendered":"https:\/\/www.claret.cat\/llibre\/campament-fantasma-un-estiu-de-por-9788419654021\/"},"modified":"2023-10-11T02:33:54","modified_gmt":"2023-10-11T00:33:54","slug":"campament-fantasma-un-estiu-de-por-9788419654021","status":"publish","type":"product","link":"https:\/\/www.claret.cat\/es\/libro\/campament-fantasma-un-estiu-de-por-9788419654021\/","title":{"rendered":"CAMPAMENT FANTASMA. UN ESTIU DE POR!"},"content":{"rendered":"<p>UN ESTIU TERROR\u00cdFICAMENT DIVERTIT<\/p>\n<p> La Lexie va amb la seva \u00e0via al que preveu que ser\u00e0 un avorrid\u00edssim campament d&#8221;estiu. Per\u00f2 un cop all\u00e0 s&#8221;adona\u00a0que hi ha alguna cosa que no\u00a0rutlla perqu\u00e8&#8230; \u00bfqui \u00e9s tota\u00a0aquella gent tan estranya?\u00a0Una nena llop, una zombi\u00a0presumida i una fantasma\u00a0poc xerraire, entre altres\u00a0criatures esgarrifoses, sembla\u00a0que seran les seves companyes.\u00a0L&#8221;\u00e0via s&#8221;ha conf\u00f3s de campament!\u00a0La Lexie ho t\u00e9 clar: o aquest \u00e9s\u00a0l&#8221;estiu m\u00e9s incre\u00efble de la seva vida\u00a0o s&#8221;ha ficat en un embolic dels grossos.<\/p>\n<p> Adorareu aquest campament i les seves estranyes exploradores!<\/p>\n","protected":false},"excerpt":{"rendered":"<p>DOLAN, TAYLOR<\/p>\n","protected":false},"featured_media":444817,"template":"","meta":{"_acf_changed":false,"om_disable_all_campaigns":false,"rs_blank_template":"","rs_page_bg_color":"","slide_template_v7":"","inline_featured_image":false,"_monsterinsights_skip_tracking":false,"_monsterinsights_sitenote_active":false,"_monsterinsights_sitenote_note":"","_monsterinsights_sitenote_category":0},"product_brand":[],"product_cat":[133,363],"product_tag":[],"class_list":{"0":"post-444816","1":"product","2":"type-product","3":"status-publish","4":"has-post-thumbnail","6":"product_cat-lectures-per-adolescents-12-18-anys","7":"product_cat-lecturas-por-adolescentes-12-18-anos","9":"first","10":"instock","11":"taxable","12":"shipping-taxable","13":"purchasable","14":"product-type-simple"},"acf":{"autor":"DOLAN, TAYLOR","codart":"841965402","libros-coleccion":"FORA DE COL.LECCI\u00d3","ediciones":"1","encuadernacion":"Carton\u00e9","fecha_de_publicacion":"01\/05\/2023","novedad":"1","paginas":"150","subtitulo":"","orden":"0","portada":"0","idioma":"cat","editorial":[{"ID":6146,"post_author":"3","post_date":"2022-07-28 17:45:52","post_date_gmt":"2022-07-28 15:45:52","post_content":"","post_title":"Blackie Books","post_excerpt":"","post_status":"publish","comment_status":"closed","ping_status":"closed","post_password":"","post_name":"blackie-books","to_ping":"","pinged":"","post_modified":"2022-07-28 17:45:52","post_modified_gmt":"2022-07-28 15:45:52","post_content_filtered":"","post_parent":0,"guid":"http:\/\/dev.claret.cat\/editorial\/blackie-books\/","menu_order":0,"post_type":"editorial","post_mime_type":"","comment_count":"0","filter":"raw"}],"autores-libros":[{"ID":444815,"post_author":"3","post_date":"2023-05-24 16:40:22","post_date_gmt":"2023-05-24 14:40:22","post_content":"","post_title":"TAYLOR DOLAN","post_excerpt":"","post_status":"publish","comment_status":"closed","ping_status":"closed","post_password":"","post_name":"taylor-dolan","to_ping":"","pinged":"","post_modified":"2023-05-24 16:40:22","post_modified_gmt":"2023-05-24 14:40:22","post_content_filtered":"","post_parent":0,"guid":"https:\/\/www.claret.cat\/autor\/taylor-dolan\/","menu_order":0,"post_type":"autor","post_mime_type":"","comment_count":"0","filter":"raw"}]},"aioseo_notices":[],"_links":{"self":[{"href":"https:\/\/www.claret.cat\/es\/wp-json\/wp\/v2\/product\/444816","targetHints":{"allow":["GET"]}}],"collection":[{"href":"https:\/\/www.claret.cat\/es\/wp-json\/wp\/v2\/product"}],"about":[{"href":"https:\/\/www.claret.cat\/es\/wp-json\/wp\/v2\/types\/product"}],"wp:featuredmedia":[{"embeddable":true,"href":"https:\/\/www.claret.cat\/es\/wp-json\/wp\/v2\/media\/444817"}],"wp:attachment":[{"href":"https:\/\/www.claret.cat\/es\/wp-json\/wp\/v2\/media?parent=444816"}],"wp:term":[{"taxonomy":"product_brand","embeddable":true,"href":"https:\/\/www.claret.cat\/es\/wp-json\/wp\/v2\/product_brand?post=444816"},{"taxonomy":"product_cat","embeddable":true,"href":"https:\/\/www.claret.cat\/es\/wp-json\/wp\/v2\/product_cat?post=444816"},{"taxonomy":"product_tag","embeddable":true,"href":"https:\/\/www.claret.cat\/es\/wp-json\/wp\/v2\/product_tag?post=444816"}],"curies":[{"name":"wp","href":"https:\/\/api.w.org\/{rel}","templated":true}]}}