{"id":444826,"date":"2023-05-24T16:45:48","date_gmt":"2023-05-24T14:45:48","guid":{"rendered":"https:\/\/www.claret.cat\/llibre\/verbena-y-colibri-9788418972355\/"},"modified":"2023-10-11T02:33:47","modified_gmt":"2023-10-11T00:33:47","slug":"verbena-y-colibri-9788418972355","status":"publish","type":"product","link":"https:\/\/www.claret.cat\/es\/libro\/verbena-y-colibri-9788418972355\/","title":{"rendered":"VERBENA Y COLIBR\u00cd"},"content":{"rendered":"<p>Cada d\u00eda, Verbena y Colibr\u00ed coinciden unos instantes.<br \/> Comparten conversaci\u00f3n, amistad y sus visiones del mundo.<br \/> Sus miradas parecen opuestas, pero en realidad se complementan.<\/p>\n<p> De los creadores de \u00bfPor qu\u00e9 lloramos? y \u00bfPor qu\u00e9 tenemos miedo?<br \/> llega una nueva historia sobre el movimiento y la quietud,<br \/> el hacer y el no hacer, la observaci\u00f3n y la aceptaci\u00f3n.<\/p>\n","protected":false},"excerpt":{"rendered":"<p>PINTADERA, FRAN<\/p>\n","protected":false},"featured_media":444827,"template":"","meta":{"_acf_changed":false,"om_disable_all_campaigns":false,"rs_blank_template":"","rs_page_bg_color":"","slide_template_v7":"","inline_featured_image":false,"_monsterinsights_skip_tracking":false,"_monsterinsights_sitenote_active":false,"_monsterinsights_sitenote_note":"","_monsterinsights_sitenote_category":0},"product_brand":[],"product_cat":[132,362],"product_tag":[],"class_list":{"0":"post-444826","1":"product","2":"type-product","3":"status-publish","4":"has-post-thumbnail","6":"product_cat-lectures-per-preadolescents-6-12-anys","7":"product_cat-libros-preadolescentes-6-12-anos","9":"first","10":"instock","11":"taxable","12":"shipping-taxable","13":"purchasable","14":"product-type-simple"},"acf":{"autor":"PINTADERA, FRAN","codart":"841897235","libros-coleccion":"Akialbum","ediciones":"1","encuadernacion":"Carton\u00e9","fecha_de_publicacion":"01\/05\/2023","novedad":"1","paginas":"45","subtitulo":"","orden":"0","portada":"0","idioma":"spa","editorial":[{"ID":6116,"post_author":"3","post_date":"2022-07-28 17:45:14","post_date_gmt":"2022-07-28 15:45:14","post_content":"","post_title":"Akiara Books","post_excerpt":"","post_status":"publish","comment_status":"closed","ping_status":"closed","post_password":"","post_name":"akiara-books","to_ping":"","pinged":"","post_modified":"2022-07-28 17:45:14","post_modified_gmt":"2022-07-28 15:45:14","post_content_filtered":"","post_parent":0,"guid":"http:\/\/dev.claret.cat\/editorial\/akiara-books\/","menu_order":0,"post_type":"editorial","post_mime_type":"","comment_count":"0","filter":"raw"}],"autores-libros":[{"ID":156047,"post_author":"3","post_date":"2022-10-14 15:17:42","post_date_gmt":"2022-10-14 13:17:42","post_content":"","post_title":"FRAN PINTADERA","post_excerpt":"","post_status":"publish","comment_status":"closed","ping_status":"closed","post_password":"","post_name":"fran-pintadera","to_ping":"","pinged":"","post_modified":"2022-10-14 15:17:42","post_modified_gmt":"2022-10-14 13:17:42","post_content_filtered":"","post_parent":0,"guid":"http:\/\/dev.claret.cat\/autor\/fran-pintadera\/","menu_order":0,"post_type":"autor","post_mime_type":"","comment_count":"0","filter":"raw"}]},"aioseo_notices":[],"_links":{"self":[{"href":"https:\/\/www.claret.cat\/es\/wp-json\/wp\/v2\/product\/444826","targetHints":{"allow":["GET"]}}],"collection":[{"href":"https:\/\/www.claret.cat\/es\/wp-json\/wp\/v2\/product"}],"about":[{"href":"https:\/\/www.claret.cat\/es\/wp-json\/wp\/v2\/types\/product"}],"wp:featuredmedia":[{"embeddable":true,"href":"https:\/\/www.claret.cat\/es\/wp-json\/wp\/v2\/media\/444827"}],"wp:attachment":[{"href":"https:\/\/www.claret.cat\/es\/wp-json\/wp\/v2\/media?parent=444826"}],"wp:term":[{"taxonomy":"product_brand","embeddable":true,"href":"https:\/\/www.claret.cat\/es\/wp-json\/wp\/v2\/product_brand?post=444826"},{"taxonomy":"product_cat","embeddable":true,"href":"https:\/\/www.claret.cat\/es\/wp-json\/wp\/v2\/product_cat?post=444826"},{"taxonomy":"product_tag","embeddable":true,"href":"https:\/\/www.claret.cat\/es\/wp-json\/wp\/v2\/product_tag?post=444826"}],"curies":[{"name":"wp","href":"https:\/\/api.w.org\/{rel}","templated":true}]}}