{"id":44483,"date":"2022-10-02T21:49:13","date_gmt":"2022-10-02T19:49:13","guid":{"rendered":"http:\/\/dev.claret.cat\/producte\/guia-esencial-de-los-simbolos\/"},"modified":"2023-10-06T11:17:41","modified_gmt":"2023-10-06T09:17:41","slug":"guia-esencial-de-los-simbolos-9788499176598","status":"publish","type":"product","link":"https:\/\/www.claret.cat\/es\/libro\/guia-esencial-de-los-simbolos-9788499176598\/","title":{"rendered":"GUIA ESENCIAL DE LOS SIMBOLOS"},"content":{"rendered":"<p>Descubra la m\u00e1s exahustiva selecci\u00f3n de s\u00edmbolos y mitos de las principales creencias y culturas de todo elmundo. Transmitidos desde la Antig\u00fcedad durante generaciones, ofrecen una amplia visi\u00f3n de los resortes y motivaciones que subyacen en el fondo de cada ser humano. <br \/>A trav\u00e9s de la apasionante lectura de esta gu\u00eda podr\u00e1 conocer la historia de cada uno de los s\u00edmbolos y su valor de recuperaci\u00f3n en una \u00e9poca como la nuestra.<\/p>\n","protected":false},"excerpt":{"rendered":"<p>ALESSANDRA BARTOLOTTI<\/p>\n","protected":false},"featured_media":60025,"template":"","meta":{"_acf_changed":false,"om_disable_all_campaigns":false,"rs_blank_template":"","rs_page_bg_color":"","slide_template_v7":"","inline_featured_image":false,"_monsterinsights_skip_tracking":false,"_monsterinsights_sitenote_active":false,"_monsterinsights_sitenote_note":"","_monsterinsights_sitenote_category":0},"product_brand":[],"product_cat":[471],"product_tag":[],"class_list":{"0":"post-44483","1":"product","2":"type-product","3":"status-publish","4":"has-post-thumbnail","6":"product_cat-diccionarios","8":"first","9":"instock","10":"taxable","11":"shipping-taxable","12":"purchasable","13":"product-type-simple"},"acf":{"autor":"ALESSANDRA BARTOLOTTI","codart":"849917659","libros-coleccion":"ROBINBOOK","ediciones":"1","encuadernacion":"R\u00fastica","fecha_de_publicacion":"01\/01\/2022","novedad":"1","paginas":"252","subtitulo":"","orden":"0","portada":"0","idioma":"spa","editorial":[{"ID":148753,"post_author":"3","post_date":"2022-10-14 12:00:43","post_date_gmt":"2022-10-14 10:00:43","post_content":"","post_title":"ROBINBOOK","post_excerpt":"","post_status":"publish","comment_status":"closed","ping_status":"closed","post_password":"","post_name":"robinbook","to_ping":"","pinged":"","post_modified":"2022-10-14 12:00:43","post_modified_gmt":"2022-10-14 10:00:43","post_content_filtered":"","post_parent":0,"guid":"http:\/\/dev.claret.cat\/editorial\/robinbook\/","menu_order":0,"post_type":"editorial","post_mime_type":"","comment_count":"0","filter":"raw"}],"autores-libros":[{"ID":149602,"post_author":"3","post_date":"2022-10-14 14:26:13","post_date_gmt":"2022-10-14 12:26:13","post_content":"","post_title":"ALESSANDRA BARTOLOTTI","post_excerpt":"","post_status":"publish","comment_status":"closed","ping_status":"closed","post_password":"","post_name":"alessandra-bartolotti","to_ping":"","pinged":"","post_modified":"2022-10-14 14:26:13","post_modified_gmt":"2022-10-14 12:26:13","post_content_filtered":"","post_parent":0,"guid":"http:\/\/dev.claret.cat\/autor\/alessandra-bartolotti\/","menu_order":0,"post_type":"autor","post_mime_type":"","comment_count":"0","filter":"raw"}]},"aioseo_notices":[],"_links":{"self":[{"href":"https:\/\/www.claret.cat\/es\/wp-json\/wp\/v2\/product\/44483","targetHints":{"allow":["GET"]}}],"collection":[{"href":"https:\/\/www.claret.cat\/es\/wp-json\/wp\/v2\/product"}],"about":[{"href":"https:\/\/www.claret.cat\/es\/wp-json\/wp\/v2\/types\/product"}],"wp:featuredmedia":[{"embeddable":true,"href":"https:\/\/www.claret.cat\/es\/wp-json\/wp\/v2\/media\/60025"}],"wp:attachment":[{"href":"https:\/\/www.claret.cat\/es\/wp-json\/wp\/v2\/media?parent=44483"}],"wp:term":[{"taxonomy":"product_brand","embeddable":true,"href":"https:\/\/www.claret.cat\/es\/wp-json\/wp\/v2\/product_brand?post=44483"},{"taxonomy":"product_cat","embeddable":true,"href":"https:\/\/www.claret.cat\/es\/wp-json\/wp\/v2\/product_cat?post=44483"},{"taxonomy":"product_tag","embeddable":true,"href":"https:\/\/www.claret.cat\/es\/wp-json\/wp\/v2\/product_tag?post=44483"}],"curies":[{"name":"wp","href":"https:\/\/api.w.org\/{rel}","templated":true}]}}