{"id":444867,"date":"2023-05-25T10:52:03","date_gmt":"2023-05-25T08:52:03","guid":{"rendered":"https:\/\/www.claret.cat\/llibre\/terapia-cognitiva-orientada-a-la-recuperacion-para-transtornos-mentales-graves-9788433032249\/"},"modified":"2025-09-19T18:59:43","modified_gmt":"2025-09-19T16:59:43","slug":"terapia-cognitiva-orientada-a-la-recuperacion-para-transtornos-mentales-graves-9788433032249","status":"publish","type":"product","link":"https:\/\/www.claret.cat\/es\/libro\/terapia-cognitiva-orientada-a-la-recuperacion-para-transtornos-mentales-graves-9788433032249\/","title":{"rendered":"TERAPIA COGNITIVA ORIENTADA A LA RECUPERACI\u00d3N PARA TRANSTORNOS MENTALES GRAVES"},"content":{"rendered":"<p>Aaron Beck es una de las pocas figuras heroicas en la historia de la psiquiatr\u00eda; su TCC ha ayudado a m\u00e1s personas que cualquier otra de las muchas psicoterapias desarrolladas en los \u00faltimos dos siglos. Este volumen presenta TC-R, una brillante combinaci\u00f3n de la TCC con t\u00e9cnicas derivadas del movimiento de recuperaci\u00f3n. Beck llena cada p\u00e1gina con profunda sabidur\u00eda, vasta experiencia, conocimiento t\u00e9cnico, sentido com\u00fan pr\u00e1ctico y la comprensi\u00f3n emp\u00e1tica de que todos somos, simplemente, seres humanos.<br \/> -Allen Frances, MD, Universidad de Duke<\/p>\n<p> Beck y sus colegas nos llevan a\u00fan m\u00e1s lejos hacia un cambio positivo tanto en nuestros enfoques de tratamiento como en nuestra conceptualizaci\u00f3n de lo que es posible para nuestros pacientes.<br \/> -Elaine F. Walker, PhD, Universidad de Emory<\/p>\n<p> Este libro introduce la Terapia Cognitiva orientada a la Recuperaci\u00f3n (TC-R), un enfoque innovador y basado en la evidencia desarrollado por expertos en el tratamiento de enfermedades mentales graves, como la esquizofrenia. La TC-R empodera a las personas que han recibido un diagn\u00f3stico de salud mental grave para que construyan una vida mejor, proporcionando estrategias pr\u00e1cticas para cambiar de un modo de vida paciente a uno adaptativo y perseguir sus aspiraciones.<br \/> A trav\u00e9s de casos pr\u00e1cticos y di\u00e1logos de muestra, este libro ilustra formas efectivas de acceder al modo adaptativo en personas que experimentan s\u00edntomas negativos, delirios, alucinaciones, dificultades de comunicaci\u00f3n, autolesiones, comportamiento agresivo y otros desaf\u00edos. Con la TC-R, las personas aprenden a superar los obst\u00e1culos que se interponen en el camino de sus metas y a vivir una vida m\u00e1s plena y satisfactoria.<\/p>\n","protected":false},"excerpt":{"rendered":"<p>BECK, AARON T.<\/p>\n","protected":false},"featured_media":444868,"template":"","meta":{"_acf_changed":false,"om_disable_all_campaigns":false,"rs_blank_template":"","rs_page_bg_color":"","slide_template_v7":"","inline_featured_image":false,"_monsterinsights_skip_tracking":false,"_monsterinsights_sitenote_active":false,"_monsterinsights_sitenote_note":"","_monsterinsights_sitenote_category":0},"product_brand":[],"product_cat":[179,377,376,178],"product_tag":[],"class_list":{"0":"post-444867","1":"product","2":"type-product","3":"status-publish","4":"has-post-thumbnail","6":"product_cat-autoajuda-i-salut-mental","7":"product_cat-autoayuda-y-salud-mental","8":"product_cat-autores-psicologia-2_humanidades","9":"product_cat-autors-psicologia","11":"first","12":"instock","13":"taxable","14":"shipping-taxable","15":"purchasable","16":"product-type-simple"},"acf":{"autor":"BECK, AARON T.","codart":"843303224","libros-coleccion":"Biblioteca de Psicologia","ediciones":"1","encuadernacion":"R\u00fastica","fecha_de_publicacion":"25\/05\/2023","novedad":"1","paginas":"440","subtitulo":"","orden":"0","portada":"0","idioma":"spa","editorial":[{"ID":6179,"post_author":"3","post_date":"2022-07-28 17:46:36","post_date_gmt":"2022-07-28 15:46:36","post_content":"","post_title":"DESCLEE DE BROUWER","post_excerpt":"","post_status":"publish","comment_status":"closed","ping_status":"closed","post_password":"","post_name":"desclee-de-brouwer","to_ping":"","pinged":"","post_modified":"2022-07-28 17:46:36","post_modified_gmt":"2022-07-28 15:46:36","post_content_filtered":"","post_parent":0,"guid":"http:\/\/dev.claret.cat\/editorial\/desclee-de-brouwer\/","menu_order":0,"post_type":"editorial","post_mime_type":"","comment_count":"0","filter":"raw"}],"autores-libros":[{"ID":262705,"post_author":"3","post_date":"2022-12-01 11:07:34","post_date_gmt":"2022-12-01 10:07:34","post_content":"","post_title":"AARON T. BECK","post_excerpt":"","post_status":"publish","comment_status":"closed","ping_status":"closed","post_password":"","post_name":"aaron-t-beck","to_ping":"","pinged":"","post_modified":"2022-12-01 11:07:34","post_modified_gmt":"2022-12-01 10:07:34","post_content_filtered":"","post_parent":0,"guid":"http:\/\/dev.claret.cat\/autor\/aaron-t-beck\/","menu_order":0,"post_type":"autor","post_mime_type":"","comment_count":"0","filter":"raw"}],"booktrailer":"","resenas":""},"aioseo_notices":[],"_links":{"self":[{"href":"https:\/\/www.claret.cat\/es\/wp-json\/wp\/v2\/product\/444867","targetHints":{"allow":["GET"]}}],"collection":[{"href":"https:\/\/www.claret.cat\/es\/wp-json\/wp\/v2\/product"}],"about":[{"href":"https:\/\/www.claret.cat\/es\/wp-json\/wp\/v2\/types\/product"}],"wp:featuredmedia":[{"embeddable":true,"href":"https:\/\/www.claret.cat\/es\/wp-json\/wp\/v2\/media\/444868"}],"wp:attachment":[{"href":"https:\/\/www.claret.cat\/es\/wp-json\/wp\/v2\/media?parent=444867"}],"wp:term":[{"taxonomy":"product_brand","embeddable":true,"href":"https:\/\/www.claret.cat\/es\/wp-json\/wp\/v2\/product_brand?post=444867"},{"taxonomy":"product_cat","embeddable":true,"href":"https:\/\/www.claret.cat\/es\/wp-json\/wp\/v2\/product_cat?post=444867"},{"taxonomy":"product_tag","embeddable":true,"href":"https:\/\/www.claret.cat\/es\/wp-json\/wp\/v2\/product_tag?post=444867"}],"curies":[{"name":"wp","href":"https:\/\/api.w.org\/{rel}","templated":true}]}}