{"id":445013,"date":"2023-05-29T11:52:48","date_gmt":"2023-05-29T09:52:48","guid":{"rendered":"https:\/\/www.claret.cat\/llibre\/introduccion-a-la-inteligencia-artificial-9788418414572\/"},"modified":"2023-10-11T02:32:36","modified_gmt":"2023-10-11T00:32:36","slug":"introduccion-a-la-inteligencia-artificial-9788418414572","status":"publish","type":"product","link":"https:\/\/www.claret.cat\/es\/libro\/introduccion-a-la-inteligencia-artificial-9788418414572\/","title":{"rendered":"INTRODUCCI\u00d3N A LA INTELIGENCIA ARTIFICIAL"},"content":{"rendered":"<p>Steve Jobs dijo en una ocasi\u00f3n: \u00abCambiar\u00eda, si pudiera, toda mi tecnolog\u00eda por una tarde con S\u00f3crates\u00bb.<br \/> \u00a1Steve no sabe lo que se ha perdido!<\/p>\n<p> \u00bfAlguna vez te has preguntado c\u00f3mo funcionan los asistentes virtuales, los sistemas de recomendaci\u00f3n de pel\u00edculas o las tecnolog\u00edas de reconocimiento facial? La respuesta se encuentra en la Inteligencia Artificial (IA), una rama de la inform\u00e1tica que ha revolucionado la manera en que interactuamos con el mundo. Desde los algoritmos b\u00e1sicos de aprendizaje autom\u00e1tico hasta las redes neuronales profundas.<\/p>\n<p> Pero, \u00bfqu\u00e9 es la Inteligencia Artificial?, \u00bfqu\u00e9 es capaz de hacer? \u00bfcu\u00e1l es el futuro? \u00bfnos manipula?<\/p>\n<p> La Inteligencia Artificial es una rama de la inform\u00e1tica que permite a los ordenadores tomar decisiones aut\u00f3nomas, mejorar la experiencia del usuario y optimizar procesos en \u00e1reas como el transporte, la agricultura y la salud. Es la revoluci\u00f3n tecnol\u00f3gica que est\u00e1 cambiando la forma en que interactuamos con los ordenadores y dispositivos m\u00f3viles. Que nos permite actuar de forma m\u00e1s natural con el mundo digital y con la tecnolog\u00eda, optimizando procesos en diversas \u00e1reas y mejorando la experiencia del usuario al proporcionar recomendaciones personalizadas y herramientas avanzadas.<\/p>\n<p> &#8216;Introducci\u00f3n a la Inteligencia Artificial&#8217; es un recurso valioso para estudiantes (quiz\u00e1 creadores de m\u00e1s Inteligencia Artificial), profesionales y cualquier persona interesada en el futuro de la tecnolog\u00eda. Atr\u00e9vete a explorar de la mano de Jos\u00e9 Mar\u00eda Gir\u00f3n la IA y descubre c\u00f3mo est\u00e1 cambiando el mundo que conocemos.<\/p>\n","protected":false},"excerpt":{"rendered":"<p>JOS\u00c9 MAR\u00cdA GIR\u00d3N SIERRA<\/p>\n","protected":false},"featured_media":445014,"template":"","meta":{"_acf_changed":false,"om_disable_all_campaigns":false,"rs_blank_template":"","rs_page_bg_color":"","slide_template_v7":"","inline_featured_image":false,"_monsterinsights_skip_tracking":false,"_monsterinsights_sitenote_active":false,"_monsterinsights_sitenote_note":"","_monsterinsights_sitenote_category":0},"product_brand":[],"product_cat":[373,166,445,175,170,441,168,439],"product_tag":[],"class_list":{"0":"post-445013","1":"product","2":"type-product","3":"status-publish","4":"has-post-thumbnail","6":"product_cat-autores","7":"product_cat-autors-filosofia","8":"product_cat-etica-filosofia-2_humanidades","9":"product_cat-etica","10":"product_cat-politica-i-social","11":"product_cat-politica-y-social","12":"product_cat-teoria-del-coneixement","13":"product_cat-teoria-del-conocimiento","15":"first","16":"instock","17":"taxable","18":"shipping-taxable","19":"purchasable","20":"product-type-simple"},"acf":{"autor":"JOS\u00c9 MAR\u00cdA GIR\u00d3N SIERRA","codart":"841841457","libros-coleccion":"FORA DE COL.LECCI\u00d3","ediciones":"1","encuadernacion":"R\u00fastica","fecha_de_publicacion":"01\/05\/2023","novedad":"1","paginas":"393","subtitulo":"LA TECNOLOG\u00cdA QUE NOS EST\u00c1 CAMBIANDO LA VIDA","orden":"0","portada":"1","idioma":"spa","editorial":[{"ID":148800,"post_author":"3","post_date":"2022-10-14 12:01:05","post_date_gmt":"2022-10-14 10:01:05","post_content":"","post_title":"SEKOTIA","post_excerpt":"","post_status":"publish","comment_status":"closed","ping_status":"closed","post_password":"","post_name":"sekotia","to_ping":"","pinged":"","post_modified":"2022-10-14 12:01:05","post_modified_gmt":"2022-10-14 10:01:05","post_content_filtered":"","post_parent":0,"guid":"http:\/\/dev.claret.cat\/editorial\/sekotia\/","menu_order":0,"post_type":"editorial","post_mime_type":"","comment_count":"0","filter":"raw"}],"autores-libros":[{"ID":445181,"post_author":"3","post_date":"2023-05-29 17:21:22","post_date_gmt":"2023-05-29 15:21:22","post_content":"","post_title":"JOS\u00c9 MAR\u00cdA GIR\u00d3N SIERRA","post_excerpt":"","post_status":"publish","comment_status":"closed","ping_status":"closed","post_password":"","post_name":"jose-maria-giron-sierra","to_ping":"","pinged":"","post_modified":"2023-05-29 17:21:22","post_modified_gmt":"2023-05-29 15:21:22","post_content_filtered":"","post_parent":0,"guid":"https:\/\/www.claret.cat\/autor\/jose-maria-giron-sierra\/","menu_order":0,"post_type":"autor","post_mime_type":"","comment_count":"0","filter":"raw"}]},"aioseo_notices":[],"_links":{"self":[{"href":"https:\/\/www.claret.cat\/es\/wp-json\/wp\/v2\/product\/445013","targetHints":{"allow":["GET"]}}],"collection":[{"href":"https:\/\/www.claret.cat\/es\/wp-json\/wp\/v2\/product"}],"about":[{"href":"https:\/\/www.claret.cat\/es\/wp-json\/wp\/v2\/types\/product"}],"wp:featuredmedia":[{"embeddable":true,"href":"https:\/\/www.claret.cat\/es\/wp-json\/wp\/v2\/media\/445014"}],"wp:attachment":[{"href":"https:\/\/www.claret.cat\/es\/wp-json\/wp\/v2\/media?parent=445013"}],"wp:term":[{"taxonomy":"product_brand","embeddable":true,"href":"https:\/\/www.claret.cat\/es\/wp-json\/wp\/v2\/product_brand?post=445013"},{"taxonomy":"product_cat","embeddable":true,"href":"https:\/\/www.claret.cat\/es\/wp-json\/wp\/v2\/product_cat?post=445013"},{"taxonomy":"product_tag","embeddable":true,"href":"https:\/\/www.claret.cat\/es\/wp-json\/wp\/v2\/product_tag?post=445013"}],"curies":[{"name":"wp","href":"https:\/\/api.w.org\/{rel}","templated":true}]}}