{"id":445019,"date":"2023-05-29T12:06:40","date_gmt":"2023-05-29T10:06:40","guid":{"rendered":"https:\/\/www.claret.cat\/llibre\/els-misteris-de-la-cuina-dels-kamogawa-9788419334152\/"},"modified":"2026-03-05T12:00:12","modified_gmt":"2026-03-05T11:00:12","slug":"els-misteris-de-la-cuina-dels-kamogawa-9788419334152","status":"publish","type":"product","link":"https:\/\/www.claret.cat\/es\/libro\/els-misteris-de-la-cuina-dels-kamogawa-9788419334152\/","title":{"rendered":"ELS MISTERIS DE LA CUINA DELS KAMOGAWA"},"content":{"rendered":"<p>Una deliciosa novel\u00b7la, plena de calidesa i imaginaci\u00f3, que uneix misteris i cuina. \u00c9s el nou \u00e8xit del cosy crime que triomfa al Jap\u00f3, i ara a tot el m\u00f3n. Aquesta \u00e9s una de les novel\u00b7les m\u00e9s apetitoses que llegir\u00e0s mai. Una hist\u00f2ria plena de tendresa, protagonitzada per la parella de detectius formada pel pare i la filla del Kamogawa Shokudo, un restaurant amagat a Kyoto, que sempre \u00e9s ple. El secret d&#8217;aquest duo singular \u00e9s que s&#8217;han especialitzat a preparar exactament el plat que el client anhela i recorda del passat i no \u00e9s capa\u00e7 de reproduir o trobar. I ho fan investigant la hist\u00f2ria de la persona en q\u00fcesti\u00f3. Kamogawa Koishi i el seu pare Nagare, antic detectiu, escolten les confid\u00e8ncies dels seus comensals, que anhelen reviure un moment m\u00e0gic, i recreen els plats cuinats pels seus \u00e9ssers estimats, en una novel\u00b7la deliciosa en tots els sentits.<\/p>\n","protected":false},"excerpt":{"rendered":"<p>KASHIWAI, HISASHI<\/p>\n","protected":false},"featured_media":967450,"template":"","meta":{"_acf_changed":false,"om_disable_all_campaigns":false,"rs_blank_template":"","rs_page_bg_color":"","slide_template_v7":"","inline_featured_image":false,"_monsterinsights_skip_tracking":false,"_monsterinsights_sitenote_active":false,"_monsterinsights_sitenote_note":"","_monsterinsights_sitenote_category":0},"product_brand":[],"product_cat":[127,357],"product_tag":[],"class_list":{"0":"post-445019","1":"product","2":"type-product","3":"status-publish","4":"has-post-thumbnail","6":"product_cat-novella-contemporania","7":"product_cat-novela-contemporanea","9":"first","10":"instock","11":"taxable","12":"shipping-taxable","13":"purchasable","14":"product-type-simple"},"acf":{"autor":"KASHIWAI, HISASHI","codart":"841933415","libros-coleccion":"LES ALES ESTESES","ediciones":"1","encuadernacion":"R\u00fastica","fecha_de_publicacion":"01\/06\/2023","novedad":"1","paginas":"203","subtitulo":"","orden":"0","portada":"1","idioma":"cat","editorial":[{"ID":6278,"post_author":"3","post_date":"2022-07-28 17:48:46","post_date_gmt":"2022-07-28 15:48:46","post_content":"","post_title":"La Magrana","post_excerpt":"","post_status":"publish","comment_status":"closed","ping_status":"closed","post_password":"","post_name":"la-magrana","to_ping":"","pinged":"","post_modified":"2022-07-28 17:48:46","post_modified_gmt":"2022-07-28 15:48:46","post_content_filtered":"","post_parent":0,"guid":"http:\/\/dev.claret.cat\/editorial\/la-magrana\/","menu_order":0,"post_type":"editorial","post_mime_type":"","comment_count":"0","filter":"raw"}],"autores-libros":[{"ID":445026,"post_author":"3","post_date":"2023-05-29 12:11:36","post_date_gmt":"2023-05-29 10:11:36","post_content":"","post_title":"HISASHI KASHIWAI","post_excerpt":"","post_status":"publish","comment_status":"closed","ping_status":"closed","post_password":"","post_name":"hisashi-kashiwai","to_ping":"","pinged":"","post_modified":"2023-05-29 12:11:36","post_modified_gmt":"2023-05-29 10:11:36","post_content_filtered":"","post_parent":0,"guid":"https:\/\/www.claret.cat\/autor\/hisashi-kashiwai\/","menu_order":0,"post_type":"autor","post_mime_type":"","comment_count":"0","filter":"raw"}],"booktrailer":"","resenas":""},"aioseo_notices":[],"_links":{"self":[{"href":"https:\/\/www.claret.cat\/es\/wp-json\/wp\/v2\/product\/445019","targetHints":{"allow":["GET"]}}],"collection":[{"href":"https:\/\/www.claret.cat\/es\/wp-json\/wp\/v2\/product"}],"about":[{"href":"https:\/\/www.claret.cat\/es\/wp-json\/wp\/v2\/types\/product"}],"wp:featuredmedia":[{"embeddable":true,"href":"https:\/\/www.claret.cat\/es\/wp-json\/wp\/v2\/media\/967450"}],"wp:attachment":[{"href":"https:\/\/www.claret.cat\/es\/wp-json\/wp\/v2\/media?parent=445019"}],"wp:term":[{"taxonomy":"product_brand","embeddable":true,"href":"https:\/\/www.claret.cat\/es\/wp-json\/wp\/v2\/product_brand?post=445019"},{"taxonomy":"product_cat","embeddable":true,"href":"https:\/\/www.claret.cat\/es\/wp-json\/wp\/v2\/product_cat?post=445019"},{"taxonomy":"product_tag","embeddable":true,"href":"https:\/\/www.claret.cat\/es\/wp-json\/wp\/v2\/product_tag?post=445019"}],"curies":[{"name":"wp","href":"https:\/\/api.w.org\/{rel}","templated":true}]}}