{"id":445023,"date":"2023-05-29T12:10:39","date_gmt":"2023-05-29T10:10:39","guid":{"rendered":"https:\/\/www.claret.cat\/llibre\/espana-no-es-solo-blanca-15-9788427234376\/"},"modified":"2025-04-07T11:49:21","modified_gmt":"2025-04-07T09:49:21","slug":"espana-no-es-solo-blanca-15-9788427234376","status":"publish","type":"product","link":"https:\/\/www.claret.cat\/es\/libro\/espana-no-es-solo-blanca-15-9788427234376\/","title":{"rendered":"ESPA\u00d1A NO ES SOLO BLANCA (+15)"},"content":{"rendered":"<p>UN LIBRO NECESARIO Y COMBATIVO QUE ASPIRA A CAMBIAR LA PERCEPCI\u00d3N QUE TENEMOS DE LA HISTORIA DE TODO UN PA\u00cdS. ESPA\u00d1A TAMBI\u00c9N ES NEGRA. Como sor Chikaba, la primera mujer negra en escribir en una lengua europea. Como Juan Latino, la primera persona negra que curs\u00f3 estudios universitarios en Europa. Como Rosal\u00eda G\u00f3mez y C\u00e1ndida Jim\u00e9nez, las \u00faltimas mujeres esclavizadas en territorio espa\u00f1ol.Y como Afropoderossa Activista antirracista que nos ofrece una visi\u00f3n alternativa de Espa\u00f1a a trav\u00e9s de varias figuras negras de su historia y de su propia experiencia como nieta de personas colonizadas.Espa\u00f1a no es solo blanca arroja luz sobre un presente y un pasado invisibilizados y sobre las vidas de muchas personas como Afropoderossa, que construyeron un pa\u00eds y una cultura, pero cuyas voces siempre han sido silenciadas. Porque ha llegado el momento de dar voz a otras historias y de escuchar c\u00f3mo nos las cuentan de maneras distintas.Cr\u00edticas:<br \/>\u00abCon este libro, Afropoderossa responde a sus inquietudes de infancia, cuando le hicieron creer que las personas negras nunca hab\u00edan hecho nada digno de destacar. En un ejercicio de justicia y amor, desentierra un mont\u00f3n de referentes afro a los que la historiograf\u00eda decidi\u00f3 sepultar de modo que quienes vengan detr\u00e1s sepan que la gente negra, africana y afrodescendiente no solo est\u00e1 aqu\u00ed, sino que siempre estuvo\u00bb.<br \/>Luc\u00eda Mbom\u00edo, periodista<\/p>\n","protected":false},"excerpt":{"rendered":"<p>AFROPODEROSSA<\/p>\n","protected":false},"featured_media":445024,"template":"","meta":{"_acf_changed":false,"om_disable_all_campaigns":false,"rs_blank_template":"","rs_page_bg_color":"","slide_template_v7":"","inline_featured_image":false,"_monsterinsights_skip_tracking":false,"_monsterinsights_sitenote_active":false,"_monsterinsights_sitenote_note":"","_monsterinsights_sitenote_category":0},"product_brand":[],"product_cat":[133,363],"product_tag":[],"class_list":{"0":"post-445023","1":"product","2":"type-product","3":"status-publish","4":"has-post-thumbnail","6":"product_cat-lectures-per-adolescents-12-18-anys","7":"product_cat-lecturas-por-adolescentes-12-18-anos","9":"first","10":"instock","11":"taxable","12":"shipping-taxable","13":"purchasable","14":"product-type-simple"},"acf":{"autor":"AFROPODEROSSA","codart":"842723437","libros-coleccion":"NO FICCI\u00d3N JUVENIL","ediciones":"1","encuadernacion":"R\u00fastica","fecha_de_publicacion":"01\/06\/2023","novedad":"1","paginas":"159","subtitulo":"","orden":"0","portada":"0","idioma":"spa","editorial":[{"ID":6346,"post_author":"3","post_date":"2022-07-28 17:50:13","post_date_gmt":"2022-07-28 15:50:13","post_content":"","post_title":"RBA Molino","post_excerpt":"","post_status":"publish","comment_status":"closed","ping_status":"closed","post_password":"","post_name":"rba-molino","to_ping":"","pinged":"","post_modified":"2022-07-28 17:50:13","post_modified_gmt":"2022-07-28 15:50:13","post_content_filtered":"","post_parent":0,"guid":"http:\/\/dev.claret.cat\/editorial\/rba-molino\/","menu_order":0,"post_type":"editorial","post_mime_type":"","comment_count":"0","filter":"raw"}],"autores-libros":[{"ID":445022,"post_author":"3","post_date":"2023-05-29 12:10:37","post_date_gmt":"2023-05-29 10:10:37","post_content":"","post_title":"AFROPODEROSSA","post_excerpt":"","post_status":"publish","comment_status":"closed","ping_status":"closed","post_password":"","post_name":"afropoderossa","to_ping":"","pinged":"","post_modified":"2023-05-29 12:10:37","post_modified_gmt":"2023-05-29 10:10:37","post_content_filtered":"","post_parent":0,"guid":"https:\/\/www.claret.cat\/autor\/afropoderossa\/","menu_order":0,"post_type":"autor","post_mime_type":"","comment_count":"0","filter":"raw"}]},"aioseo_notices":[],"_links":{"self":[{"href":"https:\/\/www.claret.cat\/es\/wp-json\/wp\/v2\/product\/445023","targetHints":{"allow":["GET"]}}],"collection":[{"href":"https:\/\/www.claret.cat\/es\/wp-json\/wp\/v2\/product"}],"about":[{"href":"https:\/\/www.claret.cat\/es\/wp-json\/wp\/v2\/types\/product"}],"wp:featuredmedia":[{"embeddable":true,"href":"https:\/\/www.claret.cat\/es\/wp-json\/wp\/v2\/media\/445024"}],"wp:attachment":[{"href":"https:\/\/www.claret.cat\/es\/wp-json\/wp\/v2\/media?parent=445023"}],"wp:term":[{"taxonomy":"product_brand","embeddable":true,"href":"https:\/\/www.claret.cat\/es\/wp-json\/wp\/v2\/product_brand?post=445023"},{"taxonomy":"product_cat","embeddable":true,"href":"https:\/\/www.claret.cat\/es\/wp-json\/wp\/v2\/product_cat?post=445023"},{"taxonomy":"product_tag","embeddable":true,"href":"https:\/\/www.claret.cat\/es\/wp-json\/wp\/v2\/product_tag?post=445023"}],"curies":[{"name":"wp","href":"https:\/\/api.w.org\/{rel}","templated":true}]}}