{"id":445040,"date":"2023-05-29T12:32:18","date_gmt":"2023-05-29T10:32:18","guid":{"rendered":"https:\/\/www.claret.cat\/llibre\/aprender-a-leer-en-la-escuela-de-monstruos-11-primer-dia-que-alegria-9788419357977\/"},"modified":"2025-09-12T17:20:59","modified_gmt":"2025-09-12T15:20:59","slug":"aprender-a-leer-en-la-escuela-de-monstruos-11-primer-dia-que-alegria-9788419357977","status":"publish","type":"product","link":"https:\/\/www.claret.cat\/es\/libro\/aprender-a-leer-en-la-escuela-de-monstruos-11-primer-dia-que-alegria-9788419357977\/","title":{"rendered":"APRENDER A LEER EN LA ESCUELA DE MONSTRUOS 11 &#8211; PRIMER D\u00cdA, \u00a1QU\u00c9 ALEGR\u00cdA!"},"content":{"rendered":"<p>APRENDE A LEER EN LA ESCUELA DE MONSTRUOS.  Con letra may\u00fascula y texto rimado, \u00a1aprender a leer est\u00e1 chupado!  M\u00e1s de 200.000 lectores  \u00a1No te pierdas la serie con la que los m\u00e1s peque\u00f1os aprender\u00e1n a disfrutar de los libros!Es el primer d\u00eda de cole de Hugo, \u00a1y no conoce a nadie! Aunque hace amigos r\u00e1pidamente, en clase parece que le cuesta un poco leer. \u00bfC\u00f3mo lo har\u00e1n para que \u00e9l tambi\u00e9n pueda aprender?<br \/> La Escuela de Monstruos es la serie m\u00e1s divertida para aprender a leer: &#8211; Letra may\u00fascula &#8211; Frases rimadas- Vocabulario sencillo &#8211; Ilustraciones a todo color &#8211; Protagonistas geniales: \u00a1una clase de monstruos!Los ni\u00f1os y ni\u00f1as ganar\u00e1n confianza para disfrutar de la lectura y practicar\u00e1n nuevo vocabulario en las actividades de cada libro.<\/p>\n","protected":false},"excerpt":{"rendered":"<p>RIPPIN, SALLY<\/p>\n","protected":false},"featured_media":445041,"template":"","meta":{"_acf_changed":false,"om_disable_all_campaigns":false,"rs_blank_template":"","rs_page_bg_color":"","slide_template_v7":"","inline_featured_image":false,"_monsterinsights_skip_tracking":false,"_monsterinsights_sitenote_active":false,"_monsterinsights_sitenote_note":"","_monsterinsights_sitenote_category":0},"product_brand":[],"product_cat":[132,362],"product_tag":[],"class_list":{"0":"post-445040","1":"product","2":"type-product","3":"status-publish","4":"has-post-thumbnail","6":"product_cat-lectures-per-preadolescents-6-12-anys","7":"product_cat-libros-preadolescentes-6-12-anos","9":"first","10":"instock","11":"taxable","12":"shipping-taxable","13":"purchasable","14":"product-type-simple"},"acf":{"autor":"RIPPIN, SALLY","codart":"841935797","libros-coleccion":"","ediciones":"1","encuadernacion":"R\u00fastica","fecha_de_publicacion":"01\/06\/2023","novedad":"1","paginas":"35","subtitulo":"EN LETRA MAY\u00daSCULA PARA APRENDER A LEER (LIBROS PARA NI\u00d1OS A PARTIR DE 5 A\u00d1OS)","orden":"0","portada":"0","idioma":"spa","editorial":[{"ID":6310,"post_author":"3","post_date":"2022-07-28 17:49:26","post_date_gmt":"2022-07-28 15:49:26","post_content":"","post_title":"MONTENA","post_excerpt":"","post_status":"publish","comment_status":"closed","ping_status":"closed","post_password":"","post_name":"montena","to_ping":"","pinged":"","post_modified":"2022-07-28 17:49:26","post_modified_gmt":"2022-07-28 15:49:26","post_content_filtered":"","post_parent":0,"guid":"http:\/\/dev.claret.cat\/editorial\/montena\/","menu_order":0,"post_type":"editorial","post_mime_type":"","comment_count":"0","filter":"raw"}],"autores-libros":[{"ID":168816,"post_author":"3","post_date":"2022-10-14 22:22:11","post_date_gmt":"2022-10-14 20:22:11","post_content":"","post_title":"SALLY RIPPIN","post_excerpt":"","post_status":"publish","comment_status":"closed","ping_status":"closed","post_password":"","post_name":"sally-rippin","to_ping":"","pinged":"","post_modified":"2022-10-14 22:22:11","post_modified_gmt":"2022-10-14 20:22:11","post_content_filtered":"","post_parent":0,"guid":"http:\/\/dev.claret.cat\/autor\/sally-rippin\/","menu_order":0,"post_type":"autor","post_mime_type":"","comment_count":"0","filter":"raw"}],"booktrailer":"","resenas":""},"aioseo_notices":[],"_links":{"self":[{"href":"https:\/\/www.claret.cat\/es\/wp-json\/wp\/v2\/product\/445040","targetHints":{"allow":["GET"]}}],"collection":[{"href":"https:\/\/www.claret.cat\/es\/wp-json\/wp\/v2\/product"}],"about":[{"href":"https:\/\/www.claret.cat\/es\/wp-json\/wp\/v2\/types\/product"}],"wp:featuredmedia":[{"embeddable":true,"href":"https:\/\/www.claret.cat\/es\/wp-json\/wp\/v2\/media\/445041"}],"wp:attachment":[{"href":"https:\/\/www.claret.cat\/es\/wp-json\/wp\/v2\/media?parent=445040"}],"wp:term":[{"taxonomy":"product_brand","embeddable":true,"href":"https:\/\/www.claret.cat\/es\/wp-json\/wp\/v2\/product_brand?post=445040"},{"taxonomy":"product_cat","embeddable":true,"href":"https:\/\/www.claret.cat\/es\/wp-json\/wp\/v2\/product_cat?post=445040"},{"taxonomy":"product_tag","embeddable":true,"href":"https:\/\/www.claret.cat\/es\/wp-json\/wp\/v2\/product_tag?post=445040"}],"curies":[{"name":"wp","href":"https:\/\/api.w.org\/{rel}","templated":true}]}}