{"id":445043,"date":"2023-05-29T12:36:15","date_gmt":"2023-05-29T10:36:15","guid":{"rendered":"https:\/\/www.claret.cat\/llibre\/comictivity-diversion-legendaria-9788419357960\/"},"modified":"2025-01-14T18:30:43","modified_gmt":"2025-01-14T17:30:43","slug":"comictivity-diversion-legendaria-9788419357960","status":"publish","type":"product","link":"https:\/\/www.claret.cat\/es\/libro\/comictivity-diversion-legendaria-9788419357960\/","title":{"rendered":"COMICTIVITY: \u00a1DIVERSI\u00d3N LEGENDARIA!"},"content":{"rendered":"<p>\u00a1Una nueva entrega del cuaderno de actividades Pok\u00e9mon! M\u00e1s juegos, m\u00e1s desaf\u00edos y m\u00e1s Pok\u00e9mon que nunca. \u00a1Divi\u00e9rtete con tus pok\u00e9-amigos all\u00e1 donde vayas! \u00danete a Ash, Goh y a tus Pok\u00e9mon favoritos en este superlibro de actividades de diversi\u00f3n&#8230; \u00a1legendaria! Descubre los secretos sobre el legendario Ho-Oh, pon a prueba tus conocimientos con los mejores crucigramas, rebusca en la sopa de letras de los Pok\u00e9mon iniciales, resuelve el laberinto para volver a Ciudad Iris, colorea a tus amigos Pok\u00e9mon y mucho m\u00e1s en esta nueva entrega de Comictivity. Ha llegado el momento de coger tus l\u00e1pices de colores. Prep\u00e1rate y&#8230; \u00a1hazte con todos!<\/p>\n","protected":false},"excerpt":{"rendered":"<p>THE POK\u00c9MON COMPANY<\/p>\n","protected":false},"featured_media":445044,"template":"","meta":{"_acf_changed":false,"om_disable_all_campaigns":false,"rs_blank_template":"","rs_page_bg_color":"","slide_template_v7":"","inline_featured_image":false,"_monsterinsights_skip_tracking":false,"_monsterinsights_sitenote_active":false,"_monsterinsights_sitenote_note":"","_monsterinsights_sitenote_category":0},"product_brand":[],"product_cat":[132,362],"product_tag":[],"class_list":{"0":"post-445043","1":"product","2":"type-product","3":"status-publish","4":"has-post-thumbnail","6":"product_cat-lectures-per-preadolescents-6-12-anys","7":"product_cat-libros-preadolescentes-6-12-anos","9":"first","10":"instock","11":"taxable","12":"shipping-taxable","13":"purchasable","14":"product-type-simple"},"acf":{"autor":"THE POK\u00c9MON COMPANY","codart":"841935796","libros-coleccion":"Montena","ediciones":"1","encuadernacion":"R\u00fastica","fecha_de_publicacion":"01\/06\/2023","novedad":"1","paginas":"47","subtitulo":"C\u00d3MICS Y ACTIVIDADES PARA CONVERTIRTE EN ENTRENADOR POK\u00c9MON","orden":"0","portada":"0","idioma":"cat","editorial":[{"ID":6310,"post_author":"3","post_date":"2022-07-28 17:49:26","post_date_gmt":"2022-07-28 15:49:26","post_content":"","post_title":"MONTENA","post_excerpt":"","post_status":"publish","comment_status":"closed","ping_status":"closed","post_password":"","post_name":"montena","to_ping":"","pinged":"","post_modified":"2022-07-28 17:49:26","post_modified_gmt":"2022-07-28 15:49:26","post_content_filtered":"","post_parent":0,"guid":"http:\/\/dev.claret.cat\/editorial\/montena\/","menu_order":0,"post_type":"editorial","post_mime_type":"","comment_count":"0","filter":"raw"}],"autores-libros":[{"ID":170293,"post_author":"3","post_date":"2022-10-14 22:34:09","post_date_gmt":"2022-10-14 20:34:09","post_content":"","post_title":"THE POK\u00c9MON COMPANY","post_excerpt":"","post_status":"publish","comment_status":"closed","ping_status":"closed","post_password":"","post_name":"the-pokemon-company","to_ping":"","pinged":"","post_modified":"2022-10-14 22:34:09","post_modified_gmt":"2022-10-14 20:34:09","post_content_filtered":"","post_parent":0,"guid":"http:\/\/dev.claret.cat\/autor\/the-pokemon-company\/","menu_order":0,"post_type":"autor","post_mime_type":"","comment_count":"0","filter":"raw"}]},"aioseo_notices":[],"_links":{"self":[{"href":"https:\/\/www.claret.cat\/es\/wp-json\/wp\/v2\/product\/445043","targetHints":{"allow":["GET"]}}],"collection":[{"href":"https:\/\/www.claret.cat\/es\/wp-json\/wp\/v2\/product"}],"about":[{"href":"https:\/\/www.claret.cat\/es\/wp-json\/wp\/v2\/types\/product"}],"wp:featuredmedia":[{"embeddable":true,"href":"https:\/\/www.claret.cat\/es\/wp-json\/wp\/v2\/media\/445044"}],"wp:attachment":[{"href":"https:\/\/www.claret.cat\/es\/wp-json\/wp\/v2\/media?parent=445043"}],"wp:term":[{"taxonomy":"product_brand","embeddable":true,"href":"https:\/\/www.claret.cat\/es\/wp-json\/wp\/v2\/product_brand?post=445043"},{"taxonomy":"product_cat","embeddable":true,"href":"https:\/\/www.claret.cat\/es\/wp-json\/wp\/v2\/product_cat?post=445043"},{"taxonomy":"product_tag","embeddable":true,"href":"https:\/\/www.claret.cat\/es\/wp-json\/wp\/v2\/product_tag?post=445043"}],"curies":[{"name":"wp","href":"https:\/\/api.w.org\/{rel}","templated":true}]}}