{"id":445083,"date":"2023-05-29T12:57:14","date_gmt":"2023-05-29T10:57:14","guid":{"rendered":"https:\/\/www.claret.cat\/llibre\/culpa-mia-culpables-1-15-9788419650917\/"},"modified":"2023-10-06T03:55:16","modified_gmt":"2023-10-06T01:55:16","slug":"culpa-mia-culpables-1-15-9788419650917","status":"publish","type":"product","link":"https:\/\/www.claret.cat\/es\/libro\/culpa-mia-culpables-1-15-9788419650917\/","title":{"rendered":"CULPA M\u00cdA  (CULPABLES 1) (+15)"},"content":{"rendered":"<p>DESCUBRE LA SAGA QUE HA INSPIRADO LA PEL\u00cdCULA EN ESTA NUEVA EDICI\u00d3N EN TAPA DURA PARA TODAS SUS LECTORAS<br \/>#CulpaM\u00eda  \u00abLa mejor historia de amor que he le\u00eddo en mi vida.\u00bb, \u00abMe atrap\u00f3 con cada palabra.\u00bb, \u00ab\u00a1Me qued\u00e9 leyendo hasta las 5 de la madrugada!\u00bb, \u00abLo mejor que he le\u00eddo en mucho tiempo.\u00bb, \u00abNick es un gran personaje, \u00a1ojal\u00e1 fuera real!\u00bb, \u00abMercedes Ron no ha creado una historia: ha creado magia.\u00bb<br \/>(La opini\u00f3n de los lectores) Nicholas Leister ha sido creado para amargarme la vida. Alto, ojos azules, pelo negro como la noche&#8230; Suena genial \u00bfverdad? Pues no tanto cuando te enteras de que va a ser tu hermanastro y adem\u00e1s representa todo de lo que has estado huyendo desde que tienes uso de raz\u00f3n. Peligro fue lo primero que me vino a la cabeza cuando lo conoc\u00ed y descubr\u00ed que mantiene una doble vida oculta de su padre multimillonario. \u00bfC\u00f3mo termin\u00e9 cayendo en sus redes? F\u00e1cil: con esos ojos es capaz de poner tu mundo patas arriba.En los blogs&#8230;<br \/>\u00abUna historia apasionante con una protagonista fuerte, decidida, independiente y escenas muy tiernas y conmovedoras que me han conquistado. Este libro es impresionante.\u00bb<br \/>Blog Entre met\u00e1foras \u00abAtrapa por su incre\u00edble narraci\u00f3n, sus potentes protagonistas y su atrayente historia.\u00bb<br \/>Blog El rinc\u00f3n de Leyna \u00abUna historia totalmente preciosa que sienta las bases de una grand\u00edsima trilog\u00eda.\u00bb<br \/>Blog It&#8221;s time to magic\u00abNo te puedes despegar hasta que no lees el \u00faltimo p\u00e1rrafo y piensas \u00bfcu\u00e1ndo saldr\u00e1 la segunda parte?\u00bb<br \/>Blog de Laure Ever \u00abUn libro adictivo y que se lee de un tir\u00f3n. Primera parte de una trilog\u00edaque estoy deseando continuar. S\u00faper recomendado para las que les gusta el New Adult.\u00bb<br \/>Blog El desv\u00e1n de las mil y un \u00abDesde el momento que empec\u00e9 la primera hoja, me atrap\u00f3 tanto la historia que no pude dejar de leerla hasta el final. El primer libro de una trilog\u00eda que estoy deseando continuar no os va decepcionar en absoluto.\u00bb<br \/>Blog Words of Books \u00abCreedme cuando os digo que es una historia muy diferente, innovadora, que todo empieza de una manera muy distinta a otros libros&#8230; Es genial y ya.\u00bb<br \/>Blog Los mundos de blue \u00abMe ha gustado mucho. Es inesperado, peligroso y trepidante&#8230; Una historia que crea adicci\u00f3n desde la primera hasta la \u00faltima p\u00e1gina. Con unos personajes alocados y muy caracter\u00edsticos, una trama envolvente y unos giros de v\u00e9rtigo.\u00bb<br \/>Blog Viajando a otros mundos<\/p>\n","protected":false},"excerpt":{"rendered":"<p>RON, MERCEDES<\/p>\n","protected":false},"featured_media":445084,"template":"","meta":{"_acf_changed":false,"om_disable_all_campaigns":false,"rs_blank_template":"","rs_page_bg_color":"","slide_template_v7":"","inline_featured_image":false,"_monsterinsights_skip_tracking":false,"_monsterinsights_sitenote_active":false,"_monsterinsights_sitenote_note":"","_monsterinsights_sitenote_category":0},"product_brand":[],"product_cat":[90,540],"product_tag":[],"class_list":{"0":"post-445083","1":"product","2":"type-product","3":"status-publish","4":"has-post-thumbnail","6":"product_cat-altres","7":"product_cat-otros","9":"first","10":"instock","11":"taxable","12":"shipping-taxable","13":"purchasable","14":"product-type-simple"},"acf":{"autor":"RON, MERCEDES","codart":"841965091","libros-coleccion":"Montena","ediciones":"1","encuadernacion":"Carton\u00e9","fecha_de_publicacion":"01\/06\/2023","novedad":"1","paginas":"445","subtitulo":"EDICI\u00d3N ESPECIAL EN TAPA DURA","orden":"0","portada":"0","idioma":"spa","editorial":[{"ID":6310,"post_author":"3","post_date":"2022-07-28 17:49:26","post_date_gmt":"2022-07-28 15:49:26","post_content":"","post_title":"MONTENA","post_excerpt":"","post_status":"publish","comment_status":"closed","ping_status":"closed","post_password":"","post_name":"montena","to_ping":"","pinged":"","post_modified":"2022-07-28 17:49:26","post_modified_gmt":"2022-07-28 15:49:26","post_content_filtered":"","post_parent":0,"guid":"http:\/\/dev.claret.cat\/editorial\/montena\/","menu_order":0,"post_type":"editorial","post_mime_type":"","comment_count":"0","filter":"raw"}],"autores-libros":[{"ID":5837,"post_author":"3","post_date":"2022-07-28 17:32:33","post_date_gmt":"2022-07-28 15:32:33","post_content":"","post_title":"MERCEDES RON","post_excerpt":"","post_status":"publish","comment_status":"closed","ping_status":"closed","post_password":"","post_name":"mercedes-ron","to_ping":"","pinged":"","post_modified":"2022-07-28 17:32:33","post_modified_gmt":"2022-07-28 15:32:33","post_content_filtered":"","post_parent":0,"guid":"http:\/\/dev.claret.cat\/autor\/mercedes-ron\/","menu_order":0,"post_type":"autor","post_mime_type":"","comment_count":"0","filter":"raw"}]},"aioseo_notices":[],"_links":{"self":[{"href":"https:\/\/www.claret.cat\/es\/wp-json\/wp\/v2\/product\/445083","targetHints":{"allow":["GET"]}}],"collection":[{"href":"https:\/\/www.claret.cat\/es\/wp-json\/wp\/v2\/product"}],"about":[{"href":"https:\/\/www.claret.cat\/es\/wp-json\/wp\/v2\/types\/product"}],"wp:featuredmedia":[{"embeddable":true,"href":"https:\/\/www.claret.cat\/es\/wp-json\/wp\/v2\/media\/445084"}],"wp:attachment":[{"href":"https:\/\/www.claret.cat\/es\/wp-json\/wp\/v2\/media?parent=445083"}],"wp:term":[{"taxonomy":"product_brand","embeddable":true,"href":"https:\/\/www.claret.cat\/es\/wp-json\/wp\/v2\/product_brand?post=445083"},{"taxonomy":"product_cat","embeddable":true,"href":"https:\/\/www.claret.cat\/es\/wp-json\/wp\/v2\/product_cat?post=445083"},{"taxonomy":"product_tag","embeddable":true,"href":"https:\/\/www.claret.cat\/es\/wp-json\/wp\/v2\/product_tag?post=445083"}],"curies":[{"name":"wp","href":"https:\/\/api.w.org\/{rel}","templated":true}]}}