{"id":445096,"date":"2023-05-29T13:45:40","date_gmt":"2023-05-29T11:45:40","guid":{"rendered":"https:\/\/www.claret.cat\/llibre\/1322-una-mirada-fotografica-als-refugis-antiaeris-de-barcelona-9788491564911\/"},"modified":"2024-05-07T18:28:49","modified_gmt":"2024-05-07T16:28:49","slug":"1322-una-mirada-fotografica-als-refugis-antiaeris-de-barcelona-9788491564911","status":"publish","type":"product","link":"https:\/\/www.claret.cat\/es\/libro\/1322-una-mirada-fotografica-als-refugis-antiaeris-de-barcelona-9788491564911\/","title":{"rendered":"1322. UNA MIRADA FOTOGR\u00c0FICA ALS REFUGIS ANTIAERIS DE BARCELONA"},"content":{"rendered":"<p>En la mateixa ciutat que va esdevenir un camp de proves per a<br \/> la Segona Guerra Mundial, tamb\u00e9 hi va germinar una nova i<br \/> extraordin\u00e0ria manera de resistir. Aquest llibre ofereix 170 imatges<br \/> in\u00e8dites dels refugis antiaeris de la Guerra Civil a Barcelona que,<br \/> entre el 1937 i el 1939, salvarien milers de vides. Refugis comunitaris,<br \/> privats, de f\u00e0briques col\u00b7lectivitzades, d&#8217;institucions republicanes i<br \/> de dirigents pol\u00edtics, com Juan Negr\u00edn o Llu\u00eds Companys, mostren<br \/> una ciutat amagada a deu metres sota terra. La fotografia d&#8217;un<br \/> patrimoni c\u00edvic, hist\u00f2ric i arquitect\u00f2nic \u00fanic a Europa ens convida a<br \/> bastir una altra mem\u00f2ria de Barcelona en temps de guerra: la<br \/> mem\u00f2ria de la resist\u00e8ncia. Si al sol romanen les cicatrius dels<br \/> bombardeigs, en el seu subsol hi perviu encara un testimoni<br \/> extraordinari de solidaritat.<\/p>\n","protected":false},"excerpt":{"rendered":"<p>DOM\u00c8NECH, XAVIER \/ S\u00c1NCHEZ, ANA<\/p>\n","protected":false},"featured_media":445097,"template":"","meta":{"_acf_changed":false,"om_disable_all_campaigns":false,"rs_blank_template":"","rs_page_bg_color":"","slide_template_v7":"","inline_featured_image":false,"_monsterinsights_skip_tracking":false,"_monsterinsights_sitenote_active":false,"_monsterinsights_sitenote_note":"","_monsterinsights_sitenote_category":0},"product_brand":[],"product_cat":[110,560,430,153],"product_tag":[],"class_list":{"0":"post-445096","1":"product","2":"type-product","3":"status-publish","4":"has-post-thumbnail","6":"product_cat-art","7":"product_cat-arte","8":"product_cat-cataluna","9":"product_cat-catalunya","11":"first","12":"instock","13":"taxable","14":"shipping-taxable","15":"purchasable","16":"product-type-simple"},"acf":{"autor":"DOM\u00c8NECH, XAVIER \/ S\u00c1NCHEZ, ANA","codart":"849156491","libros-coleccion":"","ediciones":"1","encuadernacion":"R\u00fastica","fecha_de_publicacion":"01\/05\/2023","novedad":"1","paginas":"150","subtitulo":"","orden":"0","portada":"0","idioma":"cat","editorial":[{"ID":6114,"post_author":"3","post_date":"2022-07-28 17:45:12","post_date_gmt":"2022-07-28 15:45:12","post_content":"","post_title":"AJUNTAMENT DE BARCELONA","post_excerpt":"","post_status":"publish","comment_status":"closed","ping_status":"closed","post_password":"","post_name":"ajuntament-de-barcelona","to_ping":"","pinged":"","post_modified":"2022-07-28 17:45:12","post_modified_gmt":"2022-07-28 15:45:12","post_content_filtered":"","post_parent":0,"guid":"http:\/\/dev.claret.cat\/editorial\/ajuntament-de-barcelona\/","menu_order":0,"post_type":"editorial","post_mime_type":"","comment_count":"0","filter":"raw"}],"autores-libros":[{"ID":171437,"post_author":"3","post_date":"2022-10-14 22:43:23","post_date_gmt":"2022-10-14 20:43:23","post_content":"","post_title":"XAVIER DOM\u00c8NECH","post_excerpt":"","post_status":"publish","comment_status":"closed","ping_status":"closed","post_password":"","post_name":"xavier-domenech","to_ping":"","pinged":"","post_modified":"2022-10-14 22:43:23","post_modified_gmt":"2022-10-14 20:43:23","post_content_filtered":"","post_parent":0,"guid":"http:\/\/dev.claret.cat\/autor\/xavier-domenech\/","menu_order":0,"post_type":"autor","post_mime_type":"","comment_count":"0","filter":"raw"},{"ID":445129,"post_author":"3","post_date":"2023-05-29 14:07:04","post_date_gmt":"2023-05-29 12:07:04","post_content":"","post_title":"ANA SANCHEZ","post_excerpt":"","post_status":"publish","comment_status":"closed","ping_status":"closed","post_password":"","post_name":"ana-sanchez","to_ping":"","pinged":"","post_modified":"2023-05-29 14:07:04","post_modified_gmt":"2023-05-29 12:07:04","post_content_filtered":"","post_parent":0,"guid":"https:\/\/www.claret.cat\/autor\/ana-sanchez\/","menu_order":0,"post_type":"autor","post_mime_type":"","comment_count":"0","filter":"raw"}]},"aioseo_notices":[],"_links":{"self":[{"href":"https:\/\/www.claret.cat\/es\/wp-json\/wp\/v2\/product\/445096","targetHints":{"allow":["GET"]}}],"collection":[{"href":"https:\/\/www.claret.cat\/es\/wp-json\/wp\/v2\/product"}],"about":[{"href":"https:\/\/www.claret.cat\/es\/wp-json\/wp\/v2\/types\/product"}],"wp:featuredmedia":[{"embeddable":true,"href":"https:\/\/www.claret.cat\/es\/wp-json\/wp\/v2\/media\/445097"}],"wp:attachment":[{"href":"https:\/\/www.claret.cat\/es\/wp-json\/wp\/v2\/media?parent=445096"}],"wp:term":[{"taxonomy":"product_brand","embeddable":true,"href":"https:\/\/www.claret.cat\/es\/wp-json\/wp\/v2\/product_brand?post=445096"},{"taxonomy":"product_cat","embeddable":true,"href":"https:\/\/www.claret.cat\/es\/wp-json\/wp\/v2\/product_cat?post=445096"},{"taxonomy":"product_tag","embeddable":true,"href":"https:\/\/www.claret.cat\/es\/wp-json\/wp\/v2\/product_tag?post=445096"}],"curies":[{"name":"wp","href":"https:\/\/api.w.org\/{rel}","templated":true}]}}