{"id":445270,"date":"2023-05-30T13:55:39","date_gmt":"2023-05-30T11:55:39","guid":{"rendered":"https:\/\/www.claret.cat\/llibre\/como-llamarte-amor-2-en-susurros-9788408274209\/"},"modified":"2024-07-06T12:40:07","modified_gmt":"2024-07-06T10:40:07","slug":"como-llamarte-amor-2-en-susurros-9788408274209","status":"publish","type":"product","link":"https:\/\/www.claret.cat\/es\/libro\/como-llamarte-amor-2-en-susurros-9788408274209\/","title":{"rendered":"C\u00d3MO LLAMARTE AMOR 2. EN SUSURROS"},"content":{"rendered":"<p>Descubre el desenlace de la nueva bilog\u00eda de Alina Not, autora de Bad Ash.\u00a0<br \/> Despu\u00e9s de un curso m\u00e1s que complicado, Haley y Jayden han conseguido encontrar luz en medio de la oscuridad en la amistad que los une. Las heridas a\u00fan no han cicatrizado y los miedos no han dejado de acechar; es por eso que, cuando el nuevo curso empieza, los dos se necesitan demasiado para permitir que nada ni nadie ponga en riesgo esa amistad, ni siquiera ellos mismos.\u00a0<br \/> \u00bfSe puede volver a amar con el alma rota? \u00bfExiste alguien capaz de querer y completar al otro a pesar de todas las cicatrices? Jayden nunca hab\u00eda conocido el amor. Haley una vez pens\u00f3 que lo hab\u00eda encontrado, ciego y abrasador.\u00a0<br \/> Ahora puede que los dos est\u00e9n a tiempo de descubrir que la verdadera definici\u00f3n del amor\u2026 es otra cosa.<\/p>\n","protected":false},"excerpt":{"rendered":"<p>NOT, ALINA<\/p>\n","protected":false},"featured_media":445271,"template":"","meta":{"_acf_changed":false,"om_disable_all_campaigns":false,"rs_blank_template":"","rs_page_bg_color":"","slide_template_v7":"","inline_featured_image":false,"_monsterinsights_skip_tracking":false,"_monsterinsights_sitenote_active":false,"_monsterinsights_sitenote_note":"","_monsterinsights_sitenote_category":0},"product_brand":[],"product_cat":[90,540],"product_tag":[],"class_list":{"0":"post-445270","1":"product","2":"type-product","3":"status-publish","4":"has-post-thumbnail","6":"product_cat-altres","7":"product_cat-otros","9":"first","10":"instock","11":"taxable","12":"shipping-taxable","13":"purchasable","14":"product-type-simple"},"acf":{"autor":"NOT, ALINA","codart":"840827420","libros-coleccion":"FORA DE COL.LECCI\u00d3","ediciones":"1","encuadernacion":"R\u00fastica","fecha_de_publicacion":"01\/05\/2023","novedad":"1","paginas":"538","subtitulo":"","orden":"0","portada":"0","idioma":"spa","editorial":[{"ID":6233,"post_author":"3","post_date":"2022-07-28 17:47:48","post_date_gmt":"2022-07-28 15:47:48","post_content":"","post_title":"EDITORIAL PLANETA","post_excerpt":"","post_status":"publish","comment_status":"closed","ping_status":"closed","post_password":"","post_name":"editorial-planeta","to_ping":"","pinged":"","post_modified":"2022-07-28 17:47:48","post_modified_gmt":"2022-07-28 15:47:48","post_content_filtered":"","post_parent":0,"guid":"http:\/\/dev.claret.cat\/editorial\/editorial-planeta\/","menu_order":0,"post_type":"editorial","post_mime_type":"","comment_count":"0","filter":"raw"}],"autores-libros":[{"ID":149862,"post_author":"3","post_date":"2022-10-14 14:28:17","post_date_gmt":"2022-10-14 12:28:17","post_content":"","post_title":"ALINA NOT","post_excerpt":"","post_status":"publish","comment_status":"closed","ping_status":"closed","post_password":"","post_name":"alina-not","to_ping":"","pinged":"","post_modified":"2022-10-14 14:28:17","post_modified_gmt":"2022-10-14 12:28:17","post_content_filtered":"","post_parent":0,"guid":"http:\/\/dev.claret.cat\/autor\/alina-not\/","menu_order":0,"post_type":"autor","post_mime_type":"","comment_count":"0","filter":"raw"}]},"aioseo_notices":[],"_links":{"self":[{"href":"https:\/\/www.claret.cat\/es\/wp-json\/wp\/v2\/product\/445270","targetHints":{"allow":["GET"]}}],"collection":[{"href":"https:\/\/www.claret.cat\/es\/wp-json\/wp\/v2\/product"}],"about":[{"href":"https:\/\/www.claret.cat\/es\/wp-json\/wp\/v2\/types\/product"}],"wp:featuredmedia":[{"embeddable":true,"href":"https:\/\/www.claret.cat\/es\/wp-json\/wp\/v2\/media\/445271"}],"wp:attachment":[{"href":"https:\/\/www.claret.cat\/es\/wp-json\/wp\/v2\/media?parent=445270"}],"wp:term":[{"taxonomy":"product_brand","embeddable":true,"href":"https:\/\/www.claret.cat\/es\/wp-json\/wp\/v2\/product_brand?post=445270"},{"taxonomy":"product_cat","embeddable":true,"href":"https:\/\/www.claret.cat\/es\/wp-json\/wp\/v2\/product_cat?post=445270"},{"taxonomy":"product_tag","embeddable":true,"href":"https:\/\/www.claret.cat\/es\/wp-json\/wp\/v2\/product_tag?post=445270"}],"curies":[{"name":"wp","href":"https:\/\/api.w.org\/{rel}","templated":true}]}}