{"id":445286,"date":"2023-05-30T14:01:20","date_gmt":"2023-05-30T12:01:20","guid":{"rendered":"https:\/\/www.claret.cat\/llibre\/eslovenia-4-9788408266518\/"},"modified":"2023-10-11T02:31:12","modified_gmt":"2023-10-11T00:31:12","slug":"eslovenia-4-9788408266518","status":"publish","type":"product","link":"https:\/\/www.claret.cat\/es\/libro\/eslovenia-4-9788408266518\/","title":{"rendered":"ESLOVENIA 4"},"content":{"rendered":"<p>Con m\u00e1s de la mitad de su territorio cubierto de bosques, Eslovenia puede presumir de ser uno de los pa\u00edses m\u00e1s verdes del mundo. De apariencia peque\u00f1a, Eslovenia esconde todo tipo de maravillas naturales y una incre\u00edble variedad de experiencias: subir las cimas nevadas de los Alpes Julianos y coronar el monte Triglav, practicar rafting en las aguas color turquesa del r\u00edo Soca, probar licores eslovenos en el encantador valle del Vipava, relajarse en un balneario natural, visitar castillos salidos de cuentos de hadas como el de Predjama o, para los m\u00e1s valientes, experimentar la magia subterr\u00e1nea de las cuevas \u0160kocjan.<br \/> Para los amantes de la arquitectura, Eslovenia es el pa\u00eds perfecto porque el hombre ha dejado un legado tan sorprendente como la naturaleza que tiene de tel\u00f3n de fondo. Liubliana logra el equilibrio entre energ\u00eda urbana y art nouveau, poblaciones portuarias de aire veneciano, granjas de estilo r\u00fastico h\u00fangaro en Transmurania, iglesias g\u00f3ticas perdidas por los Alpes Julianos y la fascinante isla del lago Bled.<\/p>\n","protected":false},"excerpt":{"rendered":"<p>BAKER, MARK \/ HAM, ANTHONY \/ LEE, JESSICA<\/p>\n","protected":false},"featured_media":445287,"template":"","meta":{"_acf_changed":false,"om_disable_all_campaigns":false,"rs_blank_template":"","rs_page_bg_color":"","slide_template_v7":"","inline_featured_image":false,"_monsterinsights_skip_tracking":false,"_monsterinsights_sitenote_active":false,"_monsterinsights_sitenote_note":"","_monsterinsights_sitenote_category":0},"product_brand":[],"product_cat":[90,540],"product_tag":[],"class_list":{"0":"post-445286","1":"product","2":"type-product","3":"status-publish","4":"has-post-thumbnail","6":"product_cat-altres","7":"product_cat-otros","9":"first","10":"instock","11":"taxable","12":"shipping-taxable","13":"purchasable","14":"product-type-simple"},"acf":{"autor":"BAKER, MARK \/ HAM, ANTHONY \/ LEE, JESSICA","codart":"840826651","libros-coleccion":"Gu\u00edas de Pa\u00eds Lonely Planet","ediciones":"1","encuadernacion":"R\u00fastica","fecha_de_publicacion":"01\/05\/2023","novedad":"1","paginas":"293","subtitulo":"","orden":"0","portada":"0","idioma":"spa","editorial":[{"ID":6233,"post_author":"3","post_date":"2022-07-28 17:47:48","post_date_gmt":"2022-07-28 15:47:48","post_content":"","post_title":"EDITORIAL PLANETA","post_excerpt":"","post_status":"publish","comment_status":"closed","ping_status":"closed","post_password":"","post_name":"editorial-planeta","to_ping":"","pinged":"","post_modified":"2022-07-28 17:47:48","post_modified_gmt":"2022-07-28 15:47:48","post_content_filtered":"","post_parent":0,"guid":"http:\/\/dev.claret.cat\/editorial\/editorial-planeta\/","menu_order":0,"post_type":"editorial","post_mime_type":"","comment_count":"0","filter":"raw"}],"autores-libros":[{"ID":159068,"post_author":"3","post_date":"2022-10-14 15:41:50","post_date_gmt":"2022-10-14 13:41:50","post_content":"","post_title":"JESSICA LEE","post_excerpt":"","post_status":"publish","comment_status":"closed","ping_status":"closed","post_password":"","post_name":"jessica-lee","to_ping":"","pinged":"","post_modified":"2022-10-14 15:41:50","post_modified_gmt":"2022-10-14 13:41:50","post_content_filtered":"","post_parent":0,"guid":"http:\/\/dev.claret.cat\/autor\/jessica-lee\/","menu_order":0,"post_type":"autor","post_mime_type":"","comment_count":"0","filter":"raw"},{"ID":164060,"post_author":"3","post_date":"2022-10-14 17:44:02","post_date_gmt":"2022-10-14 15:44:02","post_content":"","post_title":"MARK BAKER","post_excerpt":"","post_status":"publish","comment_status":"closed","ping_status":"closed","post_password":"","post_name":"mark-baker","to_ping":"","pinged":"","post_modified":"2022-10-14 17:44:02","post_modified_gmt":"2022-10-14 15:44:02","post_content_filtered":"","post_parent":0,"guid":"http:\/\/dev.claret.cat\/autor\/mark-baker\/","menu_order":0,"post_type":"autor","post_mime_type":"","comment_count":"0","filter":"raw"},{"ID":150770,"post_author":"3","post_date":"2022-10-14 14:35:36","post_date_gmt":"2022-10-14 12:35:36","post_content":"","post_title":"ANTHONY HAM","post_excerpt":"","post_status":"publish","comment_status":"closed","ping_status":"closed","post_password":"","post_name":"anthony-ham","to_ping":"","pinged":"","post_modified":"2022-10-14 14:35:36","post_modified_gmt":"2022-10-14 12:35:36","post_content_filtered":"","post_parent":0,"guid":"http:\/\/dev.claret.cat\/autor\/anthony-ham\/","menu_order":0,"post_type":"autor","post_mime_type":"","comment_count":"0","filter":"raw"}]},"aioseo_notices":[],"_links":{"self":[{"href":"https:\/\/www.claret.cat\/es\/wp-json\/wp\/v2\/product\/445286","targetHints":{"allow":["GET"]}}],"collection":[{"href":"https:\/\/www.claret.cat\/es\/wp-json\/wp\/v2\/product"}],"about":[{"href":"https:\/\/www.claret.cat\/es\/wp-json\/wp\/v2\/types\/product"}],"wp:featuredmedia":[{"embeddable":true,"href":"https:\/\/www.claret.cat\/es\/wp-json\/wp\/v2\/media\/445287"}],"wp:attachment":[{"href":"https:\/\/www.claret.cat\/es\/wp-json\/wp\/v2\/media?parent=445286"}],"wp:term":[{"taxonomy":"product_brand","embeddable":true,"href":"https:\/\/www.claret.cat\/es\/wp-json\/wp\/v2\/product_brand?post=445286"},{"taxonomy":"product_cat","embeddable":true,"href":"https:\/\/www.claret.cat\/es\/wp-json\/wp\/v2\/product_cat?post=445286"},{"taxonomy":"product_tag","embeddable":true,"href":"https:\/\/www.claret.cat\/es\/wp-json\/wp\/v2\/product_tag?post=445286"}],"curies":[{"name":"wp","href":"https:\/\/api.w.org\/{rel}","templated":true}]}}