{"id":445378,"date":"2023-05-31T12:32:30","date_gmt":"2023-05-31T10:32:30","guid":{"rendered":"https:\/\/www.claret.cat\/llibre\/manifiesto-por-la-lectura-9788419744593\/"},"modified":"2023-10-11T02:30:24","modified_gmt":"2023-10-11T00:30:24","slug":"manifiesto-por-la-lectura-9788419744593","status":"publish","type":"product","link":"https:\/\/www.claret.cat\/es\/libro\/manifiesto-por-la-lectura-9788419744593\/","title":{"rendered":"MANIFIESTO POR LA LECTURA"},"content":{"rendered":"<p>\u00abSomos seres entretejidos de relatos, bordados con hilos de voces, de historia, de filosof\u00eda y de ciencia, de leyes y leyendas. Por eso, la lectura seguir\u00e1 cuid\u00e1ndonos si cuidamos de ella. No puede desaparecer lo que nos salva. Los libros nos recuerdan, serenos y siempre dispuestos a desplegarse ante nuestros ojos, que la salud de las palabras enra\u00edza en las editoriales, en las librer\u00edas, en los c\u00edrculos de lecturas compartidas, en las bibliotecas, en las escuelas. Es all\u00ed donde imaginamos el futuro que nos une\u00bb.<\/p>\n","protected":false},"excerpt":{"rendered":"<p>VALLEJO, IRENE<\/p>\n","protected":false},"featured_media":445379,"template":"","meta":{"_acf_changed":false,"om_disable_all_campaigns":false,"rs_blank_template":"","rs_page_bg_color":"","slide_template_v7":"","inline_featured_image":false,"_monsterinsights_skip_tracking":false,"_monsterinsights_sitenote_active":false,"_monsterinsights_sitenote_note":"","_monsterinsights_sitenote_category":0},"product_brand":[],"product_cat":[90,373,166,540],"product_tag":[],"class_list":{"0":"post-445378","1":"product","2":"type-product","3":"status-publish","4":"has-post-thumbnail","6":"product_cat-altres","7":"product_cat-autores","8":"product_cat-autors-filosofia","9":"product_cat-otros","11":"first","12":"instock","13":"taxable","14":"shipping-taxable","15":"purchasable","16":"product-type-simple"},"acf":{"autor":"VALLEJO, IRENE","codart":"841974459","libros-coleccion":"Biblioteca de Ensayo \/ Serie menor","ediciones":"1","encuadernacion":"R\u00fastica","fecha_de_publicacion":"01\/05\/2023","novedad":"1","paginas":"65","subtitulo":"","orden":"0","portada":"0","idioma":"spa","editorial":[{"ID":6365,"post_author":"3","post_date":"2022-07-28 17:50:37","post_date_gmt":"2022-07-28 15:50:37","post_content":"","post_title":"Siruela","post_excerpt":"","post_status":"publish","comment_status":"closed","ping_status":"closed","post_password":"","post_name":"siruela","to_ping":"","pinged":"","post_modified":"2022-07-28 17:50:37","post_modified_gmt":"2022-07-28 15:50:37","post_content_filtered":"","post_parent":0,"guid":"http:\/\/dev.claret.cat\/editorial\/siruela\/","menu_order":0,"post_type":"editorial","post_mime_type":"","comment_count":"0","filter":"raw"}],"autores-libros":[{"ID":5553,"post_author":"3","post_date":"2022-07-28 17:26:27","post_date_gmt":"2022-07-28 15:26:27","post_content":"","post_title":"IRENE VALLEJO","post_excerpt":"","post_status":"publish","comment_status":"closed","ping_status":"closed","post_password":"","post_name":"irene-vallejo","to_ping":"","pinged":"","post_modified":"2022-07-28 17:26:27","post_modified_gmt":"2022-07-28 15:26:27","post_content_filtered":"","post_parent":0,"guid":"http:\/\/dev.claret.cat\/autor\/irene-vallejo\/","menu_order":0,"post_type":"autor","post_mime_type":"","comment_count":"0","filter":"raw"}]},"aioseo_notices":[],"_links":{"self":[{"href":"https:\/\/www.claret.cat\/es\/wp-json\/wp\/v2\/product\/445378","targetHints":{"allow":["GET"]}}],"collection":[{"href":"https:\/\/www.claret.cat\/es\/wp-json\/wp\/v2\/product"}],"about":[{"href":"https:\/\/www.claret.cat\/es\/wp-json\/wp\/v2\/types\/product"}],"wp:featuredmedia":[{"embeddable":true,"href":"https:\/\/www.claret.cat\/es\/wp-json\/wp\/v2\/media\/445379"}],"wp:attachment":[{"href":"https:\/\/www.claret.cat\/es\/wp-json\/wp\/v2\/media?parent=445378"}],"wp:term":[{"taxonomy":"product_brand","embeddable":true,"href":"https:\/\/www.claret.cat\/es\/wp-json\/wp\/v2\/product_brand?post=445378"},{"taxonomy":"product_cat","embeddable":true,"href":"https:\/\/www.claret.cat\/es\/wp-json\/wp\/v2\/product_cat?post=445378"},{"taxonomy":"product_tag","embeddable":true,"href":"https:\/\/www.claret.cat\/es\/wp-json\/wp\/v2\/product_tag?post=445378"}],"curies":[{"name":"wp","href":"https:\/\/api.w.org\/{rel}","templated":true}]}}