{"id":445392,"date":"2023-05-31T13:15:57","date_gmt":"2023-05-31T11:15:57","guid":{"rendered":"https:\/\/www.claret.cat\/llibre\/la-historia-rescatada-9788412440874\/"},"modified":"2023-10-11T02:30:11","modified_gmt":"2023-10-11T00:30:11","slug":"la-historia-rescatada-9788412440874","status":"publish","type":"product","link":"https:\/\/www.claret.cat\/es\/libro\/la-historia-rescatada-9788412440874\/","title":{"rendered":"LA HISTORIA RESCATADA"},"content":{"rendered":"<p>Jos\u00e9 Mar\u00eda Zavala se adentra con su br\u00fajula en los laberintos de la Historia al rescate de los m\u00e1s formidables tesoros que brinda ahora al lector con maestr\u00eda en estas p\u00e1ginas inolvidables.<\/p>\n<p>Cada una de las 100 historia ins\u00f3litas que Zavala nos ofrece en este libro constituye un pasaje de ida y vuelta a los tiempos en que los condes de Barcelona cenaban con Gary Cooper y Clark Gable, Stalin se refocilaba en su \u201cc\u00e1mara verde\u201d, o el monje de Montalb\u00e1n salvaba la vida a Carlos III y predec\u00eda su reinado.<\/p>\n<p>. En estos relatos trepidantes hallaremos respuesta a enigmas tan sorprendentes como estos: \u00bfQui\u00e9n fue el \u201cNer\u00f3n\u201d de los Borbones? \u00bfEra Godoy un sinverg\u00fcenza? \u00bfQu\u00e9 confesiones hizo el exorcista Gabriele Amorth? \u00bfCu\u00e1les eran los secretos de Nostradamus? \u00bfQui\u00e9nes son los hombres del fin del mundo? \u00bfY qui\u00e9n el neurocirujano que oper\u00f3 m\u00e1s de 10.000 cerebros? \u00bfQu\u00e9 ten\u00edan que ver Franco y la CIA con la bomba at\u00f3mica?<\/p>\n","protected":false},"excerpt":{"rendered":"<p>ZAVALA, JOS\u00c9 MAR\u00cdA<\/p>\n","protected":false},"featured_media":445393,"template":"","meta":{"_acf_changed":false,"om_disable_all_campaigns":false,"rs_blank_template":"","rs_page_bg_color":"","slide_template_v7":"","inline_featured_image":false,"_monsterinsights_skip_tracking":false,"_monsterinsights_sitenote_active":false,"_monsterinsights_sitenote_note":"","_monsterinsights_sitenote_category":0},"product_brand":[],"product_cat":[152,429,157,370],"product_tag":[],"class_list":{"0":"post-445392","1":"product","2":"type-product","3":"status-publish","4":"has-post-thumbnail","6":"product_cat-el-mon-actual","7":"product_cat-el-mundo-actual","8":"product_cat-investigacio-i-corrents","9":"product_cat-investigacion-y-corrientes","11":"first","12":"instock","13":"taxable","14":"shipping-taxable","15":"purchasable","16":"product-type-simple"},"acf":{"autor":"ZAVALA, JOS\u00c9 MAR\u00cdA","codart":"841244087","libros-coleccion":"","ediciones":"1","encuadernacion":"R\u00fastica","fecha_de_publicacion":"01\/05\/2023","novedad":"1","paginas":"422","subtitulo":"100 HECHOS Y PERSONAJES DESLUMBRANTES","orden":"0","portada":"0","idioma":"spa","editorial":[{"ID":147693,"post_author":"3","post_date":"2022-10-14 11:52:31","post_date_gmt":"2022-10-14 09:52:31","post_content":"","post_title":"Custodian Movies","post_excerpt":"","post_status":"publish","comment_status":"closed","ping_status":"closed","post_password":"","post_name":"custodian-movies","to_ping":"","pinged":"","post_modified":"2022-10-14 11:52:31","post_modified_gmt":"2022-10-14 09:52:31","post_content_filtered":"","post_parent":0,"guid":"http:\/\/dev.claret.cat\/editorial\/custodian-movies\/","menu_order":0,"post_type":"editorial","post_mime_type":"","comment_count":"0","filter":"raw"}],"autores-libros":[{"ID":5646,"post_author":"3","post_date":"2022-07-28 17:28:27","post_date_gmt":"2022-07-28 15:28:27","post_content":"","post_title":"JOS\u00c9 MAR\u00cdA ZAVALA","post_excerpt":"","post_status":"publish","comment_status":"closed","ping_status":"closed","post_password":"","post_name":"jose-maria-zavala","to_ping":"","pinged":"","post_modified":"2022-07-28 17:28:27","post_modified_gmt":"2022-07-28 15:28:27","post_content_filtered":"","post_parent":0,"guid":"http:\/\/dev.claret.cat\/autor\/jose-maria-zavala\/","menu_order":0,"post_type":"autor","post_mime_type":"","comment_count":"0","filter":"raw"}]},"aioseo_notices":[],"_links":{"self":[{"href":"https:\/\/www.claret.cat\/es\/wp-json\/wp\/v2\/product\/445392","targetHints":{"allow":["GET"]}}],"collection":[{"href":"https:\/\/www.claret.cat\/es\/wp-json\/wp\/v2\/product"}],"about":[{"href":"https:\/\/www.claret.cat\/es\/wp-json\/wp\/v2\/types\/product"}],"wp:featuredmedia":[{"embeddable":true,"href":"https:\/\/www.claret.cat\/es\/wp-json\/wp\/v2\/media\/445393"}],"wp:attachment":[{"href":"https:\/\/www.claret.cat\/es\/wp-json\/wp\/v2\/media?parent=445392"}],"wp:term":[{"taxonomy":"product_brand","embeddable":true,"href":"https:\/\/www.claret.cat\/es\/wp-json\/wp\/v2\/product_brand?post=445392"},{"taxonomy":"product_cat","embeddable":true,"href":"https:\/\/www.claret.cat\/es\/wp-json\/wp\/v2\/product_cat?post=445392"},{"taxonomy":"product_tag","embeddable":true,"href":"https:\/\/www.claret.cat\/es\/wp-json\/wp\/v2\/product_tag?post=445392"}],"curies":[{"name":"wp","href":"https:\/\/api.w.org\/{rel}","templated":true}]}}