{"id":445447,"date":"2023-05-31T14:17:45","date_gmt":"2023-05-31T12:17:45","guid":{"rendered":"https:\/\/www.claret.cat\/llibre\/matecracks-actividades-de-competencia-matematica-numeros-geometria-medida-l-9788498259797\/"},"modified":"2023-10-11T02:29:33","modified_gmt":"2023-10-11T00:29:33","slug":"matecracks-actividades-de-competencia-matematica-numeros-geometria-medida-l-9788498259797","status":"publish","type":"product","link":"https:\/\/www.claret.cat\/es\/libro\/matecracks-actividades-de-competencia-matematica-numeros-geometria-medida-l-9788498259797\/","title":{"rendered":"MATECRACKS. ACTIVIDADES DE COMPETENCIA MATEM\u00c1TICA: N\u00daMEROS, GEOMETR\u00cdA, MEDIDA, L"},"content":{"rendered":"<p>Un cuaderno para desarrollar la competencia matem\u00e1tica paso a paso, con actividades centradas en el entorno cotidiano y estructuradas seg\u00fan las recomendaciones del Consejo Nacional de Profesores de Matem\u00e1ticas de Estados Unidos (NCTM).<\/p>\n","protected":false},"excerpt":{"rendered":"<p>ALSINA PASTELLS, \u00c0NGEL<\/p>\n","protected":false},"featured_media":445448,"template":"","meta":{"_acf_changed":false,"om_disable_all_campaigns":false,"rs_blank_template":"","rs_page_bg_color":"","slide_template_v7":"","inline_featured_image":false,"_monsterinsights_skip_tracking":false,"_monsterinsights_sitenote_active":false,"_monsterinsights_sitenote_note":"","_monsterinsights_sitenote_category":0},"product_brand":[],"product_cat":[132,333,362,122],"product_tag":[],"class_list":{"0":"post-445447","1":"product","2":"type-product","3":"status-publish","4":"has-post-thumbnail","6":"product_cat-lectures-per-preadolescents-6-12-anys","7":"product_cat-cuadernos-de-vacaciones","8":"product_cat-libros-preadolescentes-6-12-anos","9":"product_cat-quaderns-de-vacances","11":"first","12":"instock","13":"taxable","14":"shipping-taxable","15":"purchasable","16":"product-type-simple"},"acf":{"autor":"ALSINA PASTELLS, \u00c0NGEL","codart":"849825979","libros-coleccion":"Matecracks","ediciones":"1","encuadernacion":"Carpeta","fecha_de_publicacion":"01\/02\/2015","novedad":"1","paginas":"32","subtitulo":"","orden":"0","portada":"0","idioma":"spa","editorial":[{"ID":147649,"post_author":"3","post_date":"2022-10-14 11:52:11","post_date_gmt":"2022-10-14 09:52:11","post_content":"","post_title":"COMBEL EDITORIAL","post_excerpt":"","post_status":"publish","comment_status":"closed","ping_status":"closed","post_password":"","post_name":"combel-editorial","to_ping":"","pinged":"","post_modified":"2022-10-14 11:52:11","post_modified_gmt":"2022-10-14 09:52:11","post_content_filtered":"","post_parent":0,"guid":"http:\/\/dev.claret.cat\/editorial\/combel-editorial\/","menu_order":0,"post_type":"editorial","post_mime_type":"","comment_count":"0","filter":"raw"}],"autores-libros":[{"ID":150362,"post_author":"3","post_date":"2022-10-14 14:32:20","post_date_gmt":"2022-10-14 12:32:20","post_content":"","post_title":"\u00c0NGEL ALSINA PASTELLS","post_excerpt":"","post_status":"publish","comment_status":"closed","ping_status":"closed","post_password":"","post_name":"angel-alsina-pastells","to_ping":"","pinged":"","post_modified":"2022-10-14 14:32:20","post_modified_gmt":"2022-10-14 12:32:20","post_content_filtered":"","post_parent":0,"guid":"http:\/\/dev.claret.cat\/autor\/angel-alsina-pastells\/","menu_order":0,"post_type":"autor","post_mime_type":"","comment_count":"0","filter":"raw"}]},"aioseo_notices":[],"_links":{"self":[{"href":"https:\/\/www.claret.cat\/es\/wp-json\/wp\/v2\/product\/445447","targetHints":{"allow":["GET"]}}],"collection":[{"href":"https:\/\/www.claret.cat\/es\/wp-json\/wp\/v2\/product"}],"about":[{"href":"https:\/\/www.claret.cat\/es\/wp-json\/wp\/v2\/types\/product"}],"wp:featuredmedia":[{"embeddable":true,"href":"https:\/\/www.claret.cat\/es\/wp-json\/wp\/v2\/media\/445448"}],"wp:attachment":[{"href":"https:\/\/www.claret.cat\/es\/wp-json\/wp\/v2\/media?parent=445447"}],"wp:term":[{"taxonomy":"product_brand","embeddable":true,"href":"https:\/\/www.claret.cat\/es\/wp-json\/wp\/v2\/product_brand?post=445447"},{"taxonomy":"product_cat","embeddable":true,"href":"https:\/\/www.claret.cat\/es\/wp-json\/wp\/v2\/product_cat?post=445447"},{"taxonomy":"product_tag","embeddable":true,"href":"https:\/\/www.claret.cat\/es\/wp-json\/wp\/v2\/product_tag?post=445447"}],"curies":[{"name":"wp","href":"https:\/\/api.w.org\/{rel}","templated":true}]}}