{"id":445485,"date":"2023-05-31T16:16:57","date_gmt":"2023-05-31T14:16:57","guid":{"rendered":"https:\/\/www.claret.cat\/llibre\/busca-tu-horizonte-9788419240118\/"},"modified":"2025-04-23T12:01:22","modified_gmt":"2025-04-23T10:01:22","slug":"busca-tu-horizonte-9788419240118","status":"publish","type":"product","link":"https:\/\/www.claret.cat\/es\/libro\/busca-tu-horizonte-9788419240118\/","title":{"rendered":"BUSCA TU HORIZONTE"},"content":{"rendered":"<p>\u201cBusca tu horizonte\u201d del Papa Francisco en di\u00e1logo con don Davide Banzato es el nuevo libro que Romana presenta con Libreria Editrice Vaticana (L.E.V.), con las palabras del Papa Francisco acerca de los temas esenciales y actuales con ocasi\u00f3n del d\u00e9cimo aniversario de pontificado.<br \/> Si tuviera la posibilidad de forma inesperada de dialogar cara a cara con el Papa, \u00bfqu\u00e9 le preguntar\u00eda? As\u00ed ha sido la experiencia extraordinaria de don Davide Banzato, sacerdote y director del programa televisivo \u201cI Viaggi del cuore\u201d, relatada en las p\u00e1ginas de este libro. El resultado es un di\u00e1logo sincero y espont\u00e1neo, enriquecido con un reflexi\u00f3n iluminadora entre un sacerdote con una vida vivida entre luces y sombras y un Papa de gran sabidur\u00eda y especialmente de una gran humanidad y cercan\u00eda.<br \/> En efecto, en las 192 p\u00e1ginas de este volumen, el Papa expresa su pensamiento a trav\u00e9s de las respuestas a las diez preguntas que le formula don Davide Banzato, dando vida a un recorrido que afronta temas esenciales y actuales: de la soledad a la indiferencia, de la crisis de fe a la paz del coraz\u00f3n, del temor a la esperanza.<br \/> Todo ello enriquecido con diversas an\u00e9cdotas personales del Papa y reflexiones sobre el tiempo en el que vivimos, con documentos y discursos del Papa, sobre temas como la guerra, los abusos, y la crisis econ\u00f3mica, con un profundo an\u00e1lisis que habla a todos.<br \/> En particular, las palabras del Pont\u00edfice nos acompa\u00f1an as\u00ed en un verdadero \u201cviaje del coraz\u00f3n\u201d: un camino intenso, no exento de obst\u00e1culos y dificultades, pero capaz de mostrarnos que, para cada uno de nosotros, es siempre posible lanza el ancla de la esperanza en medio de la tempestad, abrir una ventana y descubrir y vislumbrar el horizonte de un ma\u00f1ana m\u00e1s sereno.<br \/> En palabras de Francisco: \u201cHay lugares del coraz\u00f3n y viajes importantes y grandes, pero tambi\u00e9n simples y peque\u00f1os recuerdos. Y all\u00ed se quiere ir recorriendo un camino que es muy humano y que no debemos olvidar: es el camino de la memoria. La memoria es una gracia, una gracia humana y tambi\u00e9n una gracia de Dios. Cultivar la memoria es importante. La gracia de la memoria nos lleva a las ra\u00edces de nuestra actualidad. Yo mismo, yendo hacia el final de la vida, debo recordar de d\u00f3nde vengo, d\u00f3nde crec\u00ed&#8230; En este viaje de la memoria, al menos yo, tengo la plena certeza de que el Se\u00f1or siempre me ha acompa\u00f1ado, incluso en los momentos m\u00e1s oscuros, pero porque \u00c9l siempre ha estado as\u00ed conmigo \u201c<br \/> Una nueva obra con las palabras del Papa Francisco acerca de la b\u00fasqueda de nuestro horizonte, de nuestro camino, de la misi\u00f3n que cada uno de nosotros tenemos en la vida, con ocasi\u00f3n del d\u00e9cimo aniversario del Pontificado.<\/p>\n","protected":false},"excerpt":{"rendered":"<p>PAPA FRANCISCO \/ BANZATO, DAVIDE<\/p>\n","protected":false},"featured_media":445486,"template":"","meta":{"_acf_changed":false,"om_disable_all_campaigns":false,"rs_blank_template":"","rs_page_bg_color":"","slide_template_v7":"","inline_featured_image":false,"_monsterinsights_skip_tracking":false,"_monsterinsights_sitenote_active":false,"_monsterinsights_sitenote_note":"","_monsterinsights_sitenote_category":0},"product_brand":[],"product_cat":[485,232,225,483,245,495,93,543,392,231,395,240],"product_tag":[],"class_list":{"0":"post-445485","1":"product","2":"type-product","3":"status-publish","4":"has-post-thumbnail","6":"product_cat-autores-espiritualidad-1_espiritualidad","7":"product_cat-autors-espiritualitat","8":"product_cat-catecismes","9":"product_cat-catecismos","10":"product_cat-diversa","11":"product_cat-diversa-espiritualidad-1_espiritualidad","12":"product_cat-eclesiologia","13":"product_cat-eclesiologia-es","14":"product_cat-obras-generales","15":"product_cat-obres-generals","16":"product_cat-vida-religiosa-espiritualidad-1_espiritualidad","17":"product_cat-vida-religiosa-espiritualitat","19":"first","20":"instock","21":"taxable","22":"shipping-taxable","23":"purchasable","24":"product-type-simple"},"acf":{"autor":"PAPA FRANCISCO \/ BANZATO, DAVIDE","codart":"841924011","libros-coleccion":"ROMANA","ediciones":"1","encuadernacion":"R\u00fastica","fecha_de_publicacion":"01\/05\/2023","novedad":"1","paginas":"194","subtitulo":"RECOMENZAR CON ESPERANZA","orden":"0","portada":"0","idioma":"spa","editorial":[{"ID":148758,"post_author":"3","post_date":"2022-10-14 12:00:45","post_date_gmt":"2022-10-14 10:00:45","post_content":"","post_title":"ROMANA","post_excerpt":"","post_status":"publish","comment_status":"closed","ping_status":"closed","post_password":"","post_name":"romana","to_ping":"","pinged":"","post_modified":"2022-10-14 12:00:45","post_modified_gmt":"2022-10-14 10:00:45","post_content_filtered":"","post_parent":0,"guid":"http:\/\/dev.claret.cat\/editorial\/romana\/","menu_order":0,"post_type":"editorial","post_mime_type":"","comment_count":"0","filter":"raw"}],"autores-libros":[{"ID":5919,"post_author":"3","post_date":"2022-07-28 17:34:18","post_date_gmt":"2022-07-28 15:34:18","post_content":"","post_title":"PAPA FRANCISCO","post_excerpt":"","post_status":"publish","comment_status":"closed","ping_status":"closed","post_password":"","post_name":"papa-francisco","to_ping":"","pinged":"","post_modified":"2022-07-28 17:34:18","post_modified_gmt":"2022-07-28 15:34:18","post_content_filtered":"","post_parent":0,"guid":"http:\/\/dev.claret.cat\/autor\/papa-francisco\/","menu_order":0,"post_type":"autor","post_mime_type":"","comment_count":"0","filter":"raw"},{"ID":445588,"post_author":"3","post_date":"2023-06-01 10:25:15","post_date_gmt":"2023-06-01 08:25:15","post_content":"","post_title":"DAVIDE BANZATO","post_excerpt":"","post_status":"publish","comment_status":"closed","ping_status":"closed","post_password":"","post_name":"davide-banzato","to_ping":"","pinged":"","post_modified":"2023-06-01 10:25:15","post_modified_gmt":"2023-06-01 08:25:15","post_content_filtered":"","post_parent":0,"guid":"https:\/\/www.claret.cat\/autor\/davide-banzato\/","menu_order":0,"post_type":"autor","post_mime_type":"","comment_count":"0","filter":"raw"}],"booktrailer":"","resenas":""},"aioseo_notices":[],"_links":{"self":[{"href":"https:\/\/www.claret.cat\/es\/wp-json\/wp\/v2\/product\/445485","targetHints":{"allow":["GET"]}}],"collection":[{"href":"https:\/\/www.claret.cat\/es\/wp-json\/wp\/v2\/product"}],"about":[{"href":"https:\/\/www.claret.cat\/es\/wp-json\/wp\/v2\/types\/product"}],"wp:featuredmedia":[{"embeddable":true,"href":"https:\/\/www.claret.cat\/es\/wp-json\/wp\/v2\/media\/445486"}],"wp:attachment":[{"href":"https:\/\/www.claret.cat\/es\/wp-json\/wp\/v2\/media?parent=445485"}],"wp:term":[{"taxonomy":"product_brand","embeddable":true,"href":"https:\/\/www.claret.cat\/es\/wp-json\/wp\/v2\/product_brand?post=445485"},{"taxonomy":"product_cat","embeddable":true,"href":"https:\/\/www.claret.cat\/es\/wp-json\/wp\/v2\/product_cat?post=445485"},{"taxonomy":"product_tag","embeddable":true,"href":"https:\/\/www.claret.cat\/es\/wp-json\/wp\/v2\/product_tag?post=445485"}],"curies":[{"name":"wp","href":"https:\/\/api.w.org\/{rel}","templated":true}]}}