{"id":445488,"date":"2023-05-31T16:45:07","date_gmt":"2023-05-31T14:45:07","guid":{"rendered":"https:\/\/www.claret.cat\/llibre\/pio-xii-y-espana-segun-los-documentos-de-los-archivos-vaticanos-19391958-9788421007693\/"},"modified":"2026-03-03T12:15:07","modified_gmt":"2026-03-03T11:15:07","slug":"pio-xii-y-espana-segun-los-documentos-de-los-archivos-vaticanos-19391958-9788421007693","status":"publish","type":"product","link":"https:\/\/www.claret.cat\/es\/libro\/pio-xii-y-espana-segun-los-documentos-de-los-archivos-vaticanos-19391958-9788421007693\/","title":{"rendered":"P\u00cdO XII Y ESPA\u00d1A SEG\u00daN LOS DOCUMENTOS DE LOS ARCHIVOS VATICANOS (1939-1958)"},"content":{"rendered":"<p>A trav\u00e9s de la investigaci\u00f3n en los Archivos Vaticanos, monse\u00f1or Vicente C\u00e1rcel Ort\u00ed logra trazar una explicaci\u00f3n de la persecuci\u00f3n religiosa que se vivi\u00f3 en Espa\u00f1a durante la Segunda Rep\u00fablica e incluso antes de esta. A lo largo del libro se desgrana c\u00f3mo fueron las relaciones entre Espa\u00f1a y el Santo Padre, c\u00f3mo la Iglesia no siempre apoy\u00f3 la pol\u00edtica del r\u00e9gimen y cu\u00e1l quer\u00eda que fuera su futuro pol\u00edtico.<\/p>\n<p>Tambi\u00e9n se hace hincapi\u00e9 en el papel del nacionalismo vasco y catal\u00e1n, la defensa que hizo P\u00edo XII del cardenal Vidal y Barraquer y los detenidos pol\u00edticos condenados a muerte, el papel que tuvo en la reorganizaci\u00f3n del episcopado y los seminarios espa\u00f1oles, y el rol del Nuncio Cicognani en los or\u00edgenes posteriores del Opus Dei.<\/p>\n<p>Un libro crucial, prologado por el director de la Editorial Balmes, el doctor Ramon Corts i Blay, que ayuda a entender el papel que jug\u00f3 el Vaticano en Espa\u00f1a durante el r\u00e9gimen de Franco e ilumina con mayor claridad la importante figura del Papa P\u00edo XII.<\/p>\n","protected":false},"excerpt":{"rendered":"<p>C\u00c1RCEL ORT\u00cd, VICENTE<\/p>\n","protected":false},"featured_media":1011719,"template":"","meta":{"_acf_changed":false,"om_disable_all_campaigns":false,"rs_blank_template":"","rs_page_bg_color":"","slide_template_v7":"","inline_featured_image":false,"_monsterinsights_skip_tracking":false,"_monsterinsights_sitenote_active":false,"_monsterinsights_sitenote_note":"","_monsterinsights_sitenote_category":0},"product_brand":[],"product_cat":[93,543],"product_tag":[],"class_list":{"0":"post-445488","1":"product","2":"type-product","3":"status-publish","4":"has-post-thumbnail","6":"product_cat-eclesiologia","7":"product_cat-eclesiologia-es","9":"first","10":"instock","11":"taxable","12":"shipping-taxable","13":"purchasable","14":"product-type-simple"},"acf":{"autor":"C\u00c1RCEL ORT\u00cd, VICENTE","codart":"842100769","libros-coleccion":"","ediciones":"1","encuadernacion":"R\u00fastica","fecha_de_publicacion":"31\/05\/2023","novedad":"1","paginas":"740","subtitulo":"","orden":"0","portada":"0","idioma":"spa","editorial":[{"ID":6140,"post_author":"3","post_date":"2022-07-28 17:45:45","post_date_gmt":"2022-07-28 15:45:45","post_content":"","post_title":"BALMES, EDITORIAL","post_excerpt":"","post_status":"publish","comment_status":"closed","ping_status":"closed","post_password":"","post_name":"balmes-editorial","to_ping":"","pinged":"","post_modified":"2022-07-28 17:45:45","post_modified_gmt":"2022-07-28 15:45:45","post_content_filtered":"","post_parent":0,"guid":"http:\/\/dev.claret.cat\/editorial\/balmes-editorial\/","menu_order":0,"post_type":"editorial","post_mime_type":"","comment_count":"0","filter":"raw"}],"autores-libros":[{"ID":170951,"post_author":"3","post_date":"2022-10-14 22:39:29","post_date_gmt":"2022-10-14 20:39:29","post_content":"","post_title":"VICENTE CARCEL ORTI","post_excerpt":"","post_status":"publish","comment_status":"closed","ping_status":"closed","post_password":"","post_name":"vicente-carcel-orti-2","to_ping":"","pinged":"","post_modified":"2022-10-14 22:39:29","post_modified_gmt":"2022-10-14 20:39:29","post_content_filtered":"","post_parent":0,"guid":"http:\/\/dev.claret.cat\/autor\/vicente-carcel-orti-2\/","menu_order":0,"post_type":"autor","post_mime_type":"","comment_count":"0","filter":"raw"}],"booktrailer":"","resenas":""},"aioseo_notices":[],"_links":{"self":[{"href":"https:\/\/www.claret.cat\/es\/wp-json\/wp\/v2\/product\/445488","targetHints":{"allow":["GET"]}}],"collection":[{"href":"https:\/\/www.claret.cat\/es\/wp-json\/wp\/v2\/product"}],"about":[{"href":"https:\/\/www.claret.cat\/es\/wp-json\/wp\/v2\/types\/product"}],"wp:featuredmedia":[{"embeddable":true,"href":"https:\/\/www.claret.cat\/es\/wp-json\/wp\/v2\/media\/1011719"}],"wp:attachment":[{"href":"https:\/\/www.claret.cat\/es\/wp-json\/wp\/v2\/media?parent=445488"}],"wp:term":[{"taxonomy":"product_brand","embeddable":true,"href":"https:\/\/www.claret.cat\/es\/wp-json\/wp\/v2\/product_brand?post=445488"},{"taxonomy":"product_cat","embeddable":true,"href":"https:\/\/www.claret.cat\/es\/wp-json\/wp\/v2\/product_cat?post=445488"},{"taxonomy":"product_tag","embeddable":true,"href":"https:\/\/www.claret.cat\/es\/wp-json\/wp\/v2\/product_tag?post=445488"}],"curies":[{"name":"wp","href":"https:\/\/api.w.org\/{rel}","templated":true}]}}