{"id":445581,"date":"2023-05-31T19:15:11","date_gmt":"2023-05-31T17:15:11","guid":{"rendered":"https:\/\/www.claret.cat\/llibre\/de-gran-vull-ser-felic-1-9788448853433\/"},"modified":"2025-11-27T17:35:47","modified_gmt":"2025-11-27T16:35:47","slug":"de-gran-vull-ser-felic-1-9788448853433","status":"publish","type":"product","link":"https:\/\/www.claret.cat\/es\/libro\/de-gran-vull-ser-felic-1-9788448853433\/","title":{"rendered":"DE GRAN VULL SER&#8230; FELI\u00c7 1"},"content":{"rendered":"<p>Perqu\u00e8 ser feli\u00e7 no \u00e9s estar content nom\u00e9s quan les coses van b\u00e9. 6 contes curts i entranyables per fer que els nens aprenguin a ser feli\u00e7os des de petits. Temes tan importants com el poder de les paraules, el valor de les coses, l&#8221;actitud amb els altres, la confian\u00e7a en un mateix, l&#8221;autoestima i la gesti\u00f3 de la frustraci\u00f3, explicats d&#8221;una manera amena i comprensible per a tots. Petites hist\u00f2ries que t&#8221;ajudaran a crear un ambient positiu i a preparar-los per al futur.<\/p>\n","protected":false},"excerpt":{"rendered":"<p>MORAT\u00d3 GARC\u00cdA, ANNA<\/p>\n","protected":false},"featured_media":1010299,"template":"","meta":{"_acf_changed":false,"om_disable_all_campaigns":false,"rs_blank_template":"","rs_page_bg_color":"","slide_template_v7":"","inline_featured_image":false,"_monsterinsights_skip_tracking":false,"_monsterinsights_sitenote_active":false,"_monsterinsights_sitenote_note":"","_monsterinsights_sitenote_category":0},"product_brand":[],"product_cat":[131,361],"product_tag":[],"class_list":{"0":"post-445581","1":"product","2":"type-product","3":"status-publish","4":"has-post-thumbnail","6":"product_cat-contes-per-infants-0-6-anys","7":"product_cat-cuentos-para-ninos-0-6-anos","9":"first","10":"instock","11":"taxable","12":"shipping-taxable","13":"purchasable","14":"product-type-simple"},"acf":{"autor":"MORAT\u00d3 GARC\u00cdA, ANNA","codart":"844885343","libros-coleccion":"Emocions, valors i h\u00e1bits","ediciones":"1","encuadernacion":"Carton\u00e9","fecha_de_publicacion":"01\/04\/2019","novedad":"1","paginas":"110","subtitulo":"","orden":"0","portada":"0","idioma":"cat","editorial":[{"ID":6141,"post_author":"3","post_date":"2022-07-28 17:45:46","post_date_gmt":"2022-07-28 15:45:46","post_content":"","post_title":"BEASCOA","post_excerpt":"","post_status":"publish","comment_status":"closed","ping_status":"closed","post_password":"","post_name":"beascoa","to_ping":"","pinged":"","post_modified":"2022-07-28 17:45:46","post_modified_gmt":"2022-07-28 15:45:46","post_content_filtered":"","post_parent":0,"guid":"http:\/\/dev.claret.cat\/editorial\/beascoa\/","menu_order":0,"post_type":"editorial","post_mime_type":"","comment_count":"0","filter":"raw"}],"autores-libros":[{"ID":150628,"post_author":"3","post_date":"2022-10-14 14:34:29","post_date_gmt":"2022-10-14 12:34:29","post_content":"","post_title":"ANNA MORATO GARC\u00cdA","post_excerpt":"","post_status":"publish","comment_status":"closed","ping_status":"closed","post_password":"","post_name":"anna-morato-garcia","to_ping":"","pinged":"","post_modified":"2022-10-14 14:34:29","post_modified_gmt":"2022-10-14 12:34:29","post_content_filtered":"","post_parent":0,"guid":"http:\/\/dev.claret.cat\/autor\/anna-morato-garcia\/","menu_order":0,"post_type":"autor","post_mime_type":"","comment_count":"0","filter":"raw"}],"booktrailer":"","resenas":""},"aioseo_notices":[],"_links":{"self":[{"href":"https:\/\/www.claret.cat\/es\/wp-json\/wp\/v2\/product\/445581","targetHints":{"allow":["GET"]}}],"collection":[{"href":"https:\/\/www.claret.cat\/es\/wp-json\/wp\/v2\/product"}],"about":[{"href":"https:\/\/www.claret.cat\/es\/wp-json\/wp\/v2\/types\/product"}],"wp:featuredmedia":[{"embeddable":true,"href":"https:\/\/www.claret.cat\/es\/wp-json\/wp\/v2\/media\/1010299"}],"wp:attachment":[{"href":"https:\/\/www.claret.cat\/es\/wp-json\/wp\/v2\/media?parent=445581"}],"wp:term":[{"taxonomy":"product_brand","embeddable":true,"href":"https:\/\/www.claret.cat\/es\/wp-json\/wp\/v2\/product_brand?post=445581"},{"taxonomy":"product_cat","embeddable":true,"href":"https:\/\/www.claret.cat\/es\/wp-json\/wp\/v2\/product_cat?post=445581"},{"taxonomy":"product_tag","embeddable":true,"href":"https:\/\/www.claret.cat\/es\/wp-json\/wp\/v2\/product_tag?post=445581"}],"curies":[{"name":"wp","href":"https:\/\/api.w.org\/{rel}","templated":true}]}}