{"id":445584,"date":"2023-05-31T19:15:22","date_gmt":"2023-05-31T17:15:22","guid":{"rendered":"https:\/\/www.claret.cat\/llibre\/de-gran-vull-ser-felic-2-9788448853440\/"},"modified":"2025-12-01T11:15:56","modified_gmt":"2025-12-01T10:15:56","slug":"de-gran-vull-ser-felic-2-9788448853440","status":"publish","type":"product","link":"https:\/\/www.claret.cat\/es\/libro\/de-gran-vull-ser-felic-2-9788448853440\/","title":{"rendered":"DE GRAN VULL SER&#8230; FELI\u00c7 2"},"content":{"rendered":"<p>6 contes nous per aprofundir en els 6 valors que ajudaran els nens a sentir-se b\u00e9. El tresor m\u00e9s valu\u00f3s \u00e9s un conte per aprendre a estimar-nos i a valorar-nos. El misteri del got ens ensenya com ser feli\u00e7os mantenint una actitud positiva davant la vida. Un m\u00f3n millor ens descobreix els conceptesde l&#8221;amabilitat, l&#8221;honestedat i el respecte.El conte del cor tracta de l&#8221;agra\u00efment per les coses bones que tenim i per les persones que ens estimen. El joc dels mapes parla de com gestionar l&#8221;esfor\u00e7 i evitar la frustraci\u00f3 davant de les dificultats. Mirall, mirallet inclou els contes d&#8221;aquest volum i del primer i refor\u00e7a la idea de buscar la felicitat a dins de cadasc\u00fa.\u00abRecorda que la felicitat la tens tu a dins.\u00bb<\/p>\n","protected":false},"excerpt":{"rendered":"<p>MORAT\u00d3 GARC\u00cdA, ANNA<\/p>\n","protected":false},"featured_media":445585,"template":"","meta":{"_acf_changed":false,"om_disable_all_campaigns":false,"rs_blank_template":"","rs_page_bg_color":"","slide_template_v7":"","inline_featured_image":false,"_monsterinsights_skip_tracking":false,"_monsterinsights_sitenote_active":false,"_monsterinsights_sitenote_note":"","_monsterinsights_sitenote_category":0},"product_brand":[],"product_cat":[131,132,361,362],"product_tag":[],"class_list":{"0":"post-445584","1":"product","2":"type-product","3":"status-publish","4":"has-post-thumbnail","6":"product_cat-contes-per-infants-0-6-anys","7":"product_cat-lectures-per-preadolescents-6-12-anys","8":"product_cat-cuentos-para-ninos-0-6-anos","9":"product_cat-libros-preadolescentes-6-12-anos","11":"first","12":"instock","13":"taxable","14":"shipping-taxable","15":"purchasable","16":"product-type-simple"},"acf":{"autor":"MORAT\u00d3 GARC\u00cdA, ANNA","codart":"844885344","libros-coleccion":"Emocions, valors i h\u00e1bits","ediciones":"1","encuadernacion":"Carton\u00e9","fecha_de_publicacion":"01\/04\/2019","novedad":"1","paginas":"119","subtitulo":"","orden":"0","portada":"0","idioma":"cat","editorial":[{"ID":6141,"post_author":"3","post_date":"2022-07-28 17:45:46","post_date_gmt":"2022-07-28 15:45:46","post_content":"","post_title":"BEASCOA","post_excerpt":"","post_status":"publish","comment_status":"closed","ping_status":"closed","post_password":"","post_name":"beascoa","to_ping":"","pinged":"","post_modified":"2022-07-28 17:45:46","post_modified_gmt":"2022-07-28 15:45:46","post_content_filtered":"","post_parent":0,"guid":"http:\/\/dev.claret.cat\/editorial\/beascoa\/","menu_order":0,"post_type":"editorial","post_mime_type":"","comment_count":"0","filter":"raw"}],"autores-libros":[{"ID":150628,"post_author":"3","post_date":"2022-10-14 14:34:29","post_date_gmt":"2022-10-14 12:34:29","post_content":"","post_title":"ANNA MORATO GARC\u00cdA","post_excerpt":"","post_status":"publish","comment_status":"closed","ping_status":"closed","post_password":"","post_name":"anna-morato-garcia","to_ping":"","pinged":"","post_modified":"2022-10-14 14:34:29","post_modified_gmt":"2022-10-14 12:34:29","post_content_filtered":"","post_parent":0,"guid":"http:\/\/dev.claret.cat\/autor\/anna-morato-garcia\/","menu_order":0,"post_type":"autor","post_mime_type":"","comment_count":"0","filter":"raw"}],"booktrailer":"","resenas":""},"aioseo_notices":[],"_links":{"self":[{"href":"https:\/\/www.claret.cat\/es\/wp-json\/wp\/v2\/product\/445584","targetHints":{"allow":["GET"]}}],"collection":[{"href":"https:\/\/www.claret.cat\/es\/wp-json\/wp\/v2\/product"}],"about":[{"href":"https:\/\/www.claret.cat\/es\/wp-json\/wp\/v2\/types\/product"}],"wp:featuredmedia":[{"embeddable":true,"href":"https:\/\/www.claret.cat\/es\/wp-json\/wp\/v2\/media\/445585"}],"wp:attachment":[{"href":"https:\/\/www.claret.cat\/es\/wp-json\/wp\/v2\/media?parent=445584"}],"wp:term":[{"taxonomy":"product_brand","embeddable":true,"href":"https:\/\/www.claret.cat\/es\/wp-json\/wp\/v2\/product_brand?post=445584"},{"taxonomy":"product_cat","embeddable":true,"href":"https:\/\/www.claret.cat\/es\/wp-json\/wp\/v2\/product_cat?post=445584"},{"taxonomy":"product_tag","embeddable":true,"href":"https:\/\/www.claret.cat\/es\/wp-json\/wp\/v2\/product_tag?post=445584"}],"curies":[{"name":"wp","href":"https:\/\/api.w.org\/{rel}","templated":true}]}}