{"id":445618,"date":"2023-06-01T13:30:23","date_gmt":"2023-06-01T11:30:23","guid":{"rendered":"https:\/\/www.claret.cat\/llibre\/veronika-decide-morir-9788408262299\/"},"modified":"2023-10-11T02:28:42","modified_gmt":"2023-10-11T00:28:42","slug":"veronika-decide-morir-9788408262299","status":"publish","type":"product","link":"https:\/\/www.claret.cat\/es\/libro\/veronika-decide-morir-9788408262299\/","title":{"rendered":"VERONIKA DECIDE MORIR"},"content":{"rendered":"<p>Por el autor del bestseller internacional El Alquimista.<br \/> Veronika es una joven completamente normal. Es guapa, no le faltan pretendientes y tiene un buen trabajo. Su vida transcurre sin mayores sobresaltos, sin grandes alegr\u00edas ni grandes tristezas. Pero no es feliz. Por eso, una ma\u00f1ana de noviembre, Veronika decide acabar con su vida.<br \/> Basado en hechos reales de la vida del autor, Veronika decide morir se cuestiona el significado de la locura y celebra a los individuos que no encajan en los patrones que la sociedad considera normales. Coelho hace un retrato audaz e iluminador de una joven que se encuentra en la encrucijada de la desesperaci\u00f3n y la liberaci\u00f3n, a la vez que una apreciaci\u00f3n po\u00e9tica y exuberante de que cada d\u00eda es una nueva oportunidad.<br \/> \u00abEl riesgo de una aventura vale mil d\u00edas de bienestar y confort.\u00bb<\/p>\n","protected":false},"excerpt":{"rendered":"<p>COELHO, PAULO<\/p>\n","protected":false},"featured_media":445619,"template":"","meta":{"_acf_changed":false,"om_disable_all_campaigns":false,"rs_blank_template":"","rs_page_bg_color":"","slide_template_v7":"","inline_featured_image":false,"_monsterinsights_skip_tracking":false,"_monsterinsights_sitenote_active":false,"_monsterinsights_sitenote_note":"","_monsterinsights_sitenote_category":0},"product_brand":[],"product_cat":[127,357],"product_tag":[],"class_list":{"0":"post-445618","1":"product","2":"type-product","3":"status-publish","4":"has-post-thumbnail","6":"product_cat-novella-contemporania","7":"product_cat-novela-contemporanea","9":"first","10":"instock","11":"taxable","12":"shipping-taxable","13":"purchasable","14":"product-type-simple"},"acf":{"autor":"COELHO, PAULO","codart":"840826229","libros-coleccion":"FORA DE COL.LECCI\u00d3","ediciones":"1","encuadernacion":"R\u00fastica","fecha_de_publicacion":"01\/09\/2022","novedad":"1","paginas":"240","subtitulo":"","orden":"0","portada":"0","idioma":"spa","editorial":[{"ID":6233,"post_author":"3","post_date":"2022-07-28 17:47:48","post_date_gmt":"2022-07-28 15:47:48","post_content":"","post_title":"EDITORIAL PLANETA","post_excerpt":"","post_status":"publish","comment_status":"closed","ping_status":"closed","post_password":"","post_name":"editorial-planeta","to_ping":"","pinged":"","post_modified":"2022-07-28 17:47:48","post_modified_gmt":"2022-07-28 15:47:48","post_content_filtered":"","post_parent":0,"guid":"http:\/\/dev.claret.cat\/editorial\/editorial-planeta\/","menu_order":0,"post_type":"editorial","post_mime_type":"","comment_count":"0","filter":"raw"}],"autores-libros":[{"ID":8416,"post_author":"3","post_date":"2022-09-30 09:48:25","post_date_gmt":"2022-09-30 07:48:25","post_content":"","post_title":"PAULO COELHO","post_excerpt":"","post_status":"publish","comment_status":"closed","ping_status":"closed","post_password":"","post_name":"paulo-coelho","to_ping":"","pinged":"","post_modified":"2022-09-30 09:48:25","post_modified_gmt":"2022-09-30 07:48:25","post_content_filtered":"","post_parent":0,"guid":"http:\/\/dev.claret.cat\/autor\/paulo-coelho\/","menu_order":0,"post_type":"autor","post_mime_type":"","comment_count":"0","filter":"raw"}]},"aioseo_notices":[],"_links":{"self":[{"href":"https:\/\/www.claret.cat\/es\/wp-json\/wp\/v2\/product\/445618","targetHints":{"allow":["GET"]}}],"collection":[{"href":"https:\/\/www.claret.cat\/es\/wp-json\/wp\/v2\/product"}],"about":[{"href":"https:\/\/www.claret.cat\/es\/wp-json\/wp\/v2\/types\/product"}],"wp:featuredmedia":[{"embeddable":true,"href":"https:\/\/www.claret.cat\/es\/wp-json\/wp\/v2\/media\/445619"}],"wp:attachment":[{"href":"https:\/\/www.claret.cat\/es\/wp-json\/wp\/v2\/media?parent=445618"}],"wp:term":[{"taxonomy":"product_brand","embeddable":true,"href":"https:\/\/www.claret.cat\/es\/wp-json\/wp\/v2\/product_brand?post=445618"},{"taxonomy":"product_cat","embeddable":true,"href":"https:\/\/www.claret.cat\/es\/wp-json\/wp\/v2\/product_cat?post=445618"},{"taxonomy":"product_tag","embeddable":true,"href":"https:\/\/www.claret.cat\/es\/wp-json\/wp\/v2\/product_tag?post=445618"}],"curies":[{"name":"wp","href":"https:\/\/api.w.org\/{rel}","templated":true}]}}