{"id":445784,"date":"2023-06-02T11:05:37","date_gmt":"2023-06-02T09:05:37","guid":{"rendered":"https:\/\/www.claret.cat\/llibre\/el-viento-conoce-mi-nombre-9788401032004\/"},"modified":"2024-01-08T11:50:34","modified_gmt":"2024-01-08T10:50:34","slug":"el-viento-conoce-mi-nombre-9788401032004","status":"publish","type":"product","link":"https:\/\/www.claret.cat\/es\/libro\/el-viento-conoce-mi-nombre-9788401032004\/","title":{"rendered":"EL VIENTO CONOCE MI NOMBRE"},"content":{"rendered":"<p>Una historia de desarraigo, amor, violencia y esperanza Viena, 1938. Samuel Adler es un ni\u00f1o jud\u00edo de seis a\u00f1os cuyo padre desaparece en la Noche de los Cristales Rotos, en la que su familia lo pierde todo. Su madre, atormentada, le consigue una plaza en un tren que le transportar\u00e1 desde la Austria nazi hasta Inglaterra. Samuel empieza una nueva etapa con su fiel viol\u00edn y con el peso la incertidumbre y de la soledad, que lo acompa\u00f1ar\u00e1n siempre en su dilatada vida. Arizona, 2019. Ocho d\u00e9cadas m\u00e1s despu\u00e9s, Anita D\u00edaz, de siete a\u00f1os, sube junto a su madre a bordo de otro tren para huir de un inminente peligro en El Salvador y exiliarse en Estados Unidos. Su llegada coincide con una implacable y nueva pol\u00edtica gubernamental que la separa de su madre en la frontera. Asustada, sola y, lejos de todo lo que le es familiar, Anita se refugia en Azabahar, el mundo m\u00e1gico que \u00fanicamente existe en su imaginaci\u00f3n. Mientras tanto, Selena Dur\u00e1n, una joven trabajadora social, y Frank Angileri, un reputado abogado, luchan por reunir a la ni\u00f1a con su madre y por ofrecerle una vida mejor. En El viento conoce mi nombre pasado y presente se entrelazan para relatar el drama del desarraigo y la redenci\u00f3n de la solidaridad, la compasi\u00f3n y el amor. Una novela moderna acerca de los sacrificios que en ocasiones los padres tienen que hacer por sus hijos, sobre la sorprendente capacidad de algunos ni\u00f1os para adaptarse a la violencia sin dejar de so\u00f1ar, y acerca de la tenacidad de la esperanza, que puede brillar incluso en los tiempos m\u00e1s oscuros.<\/p>\n","protected":false},"excerpt":{"rendered":"<p>ALLENDE, ISABEL<\/p>\n","protected":false},"featured_media":445785,"template":"","meta":{"_acf_changed":false,"om_disable_all_campaigns":false,"rs_blank_template":"","rs_page_bg_color":"","slide_template_v7":"","inline_featured_image":false,"_monsterinsights_skip_tracking":false,"_monsterinsights_sitenote_active":false,"_monsterinsights_sitenote_note":"","_monsterinsights_sitenote_category":0},"product_brand":[],"product_cat":[127,357],"product_tag":[],"class_list":{"0":"post-445784","1":"product","2":"type-product","3":"status-publish","4":"has-post-thumbnail","6":"product_cat-novella-contemporania","7":"product_cat-novela-contemporanea","9":"first","10":"instock","11":"taxable","12":"shipping-taxable","13":"purchasable","14":"product-type-simple"},"acf":{"autor":"ALLENDE, ISABEL","codart":"840103200","libros-coleccion":"\u00c9XITOS","ediciones":"1","encuadernacion":"Carton\u00e9","fecha_de_publicacion":"06\/06\/2023","novedad":"1","paginas":"352","subtitulo":"","orden":"0","portada":"1","idioma":"spa","editorial":[{"ID":6332,"post_author":"3","post_date":"2022-07-28 17:49:55","post_date_gmt":"2022-07-28 15:49:55","post_content":"","post_title":"PLAZA JANES, S.A.","post_excerpt":"","post_status":"publish","comment_status":"closed","ping_status":"closed","post_password":"","post_name":"plaza-janes-s-a","to_ping":"","pinged":"","post_modified":"2022-07-28 17:49:55","post_modified_gmt":"2022-07-28 15:49:55","post_content_filtered":"","post_parent":0,"guid":"http:\/\/dev.claret.cat\/editorial\/plaza-janes-s-a\/","menu_order":0,"post_type":"editorial","post_mime_type":"","comment_count":"0","filter":"raw"}],"autores-libros":[{"ID":158046,"post_author":"3","post_date":"2022-10-14 15:33:43","post_date_gmt":"2022-10-14 13:33:43","post_content":"","post_title":"ISABEL ALLENDE","post_excerpt":"","post_status":"publish","comment_status":"closed","ping_status":"closed","post_password":"","post_name":"isabel-allende","to_ping":"","pinged":"","post_modified":"2022-10-14 15:33:43","post_modified_gmt":"2022-10-14 13:33:43","post_content_filtered":"","post_parent":0,"guid":"http:\/\/dev.claret.cat\/autor\/isabel-allende\/","menu_order":0,"post_type":"autor","post_mime_type":"","comment_count":"0","filter":"raw"}]},"aioseo_notices":[],"_links":{"self":[{"href":"https:\/\/www.claret.cat\/es\/wp-json\/wp\/v2\/product\/445784","targetHints":{"allow":["GET"]}}],"collection":[{"href":"https:\/\/www.claret.cat\/es\/wp-json\/wp\/v2\/product"}],"about":[{"href":"https:\/\/www.claret.cat\/es\/wp-json\/wp\/v2\/types\/product"}],"wp:featuredmedia":[{"embeddable":true,"href":"https:\/\/www.claret.cat\/es\/wp-json\/wp\/v2\/media\/445785"}],"wp:attachment":[{"href":"https:\/\/www.claret.cat\/es\/wp-json\/wp\/v2\/media?parent=445784"}],"wp:term":[{"taxonomy":"product_brand","embeddable":true,"href":"https:\/\/www.claret.cat\/es\/wp-json\/wp\/v2\/product_brand?post=445784"},{"taxonomy":"product_cat","embeddable":true,"href":"https:\/\/www.claret.cat\/es\/wp-json\/wp\/v2\/product_cat?post=445784"},{"taxonomy":"product_tag","embeddable":true,"href":"https:\/\/www.claret.cat\/es\/wp-json\/wp\/v2\/product_tag?post=445784"}],"curies":[{"name":"wp","href":"https:\/\/api.w.org\/{rel}","templated":true}]}}