{"id":44579,"date":"2022-10-02T21:50:51","date_gmt":"2022-10-02T19:50:51","guid":{"rendered":"http:\/\/dev.claret.cat\/producte\/aprender-a-orar\/"},"modified":"2026-04-01T07:32:34","modified_gmt":"2026-04-01T05:32:34","slug":"aprender-a-orar-9788429330540","status":"publish","type":"product","link":"https:\/\/www.claret.cat\/es\/libro\/aprender-a-orar-9788429330540\/","title":{"rendered":"APRENDER A ORAR"},"content":{"rendered":"<p>\u00bfQuieres aprender a rezar? \u00a1Pues no hay una f\u00f3rmula secreta! En la oraci\u00f3n con Dios ocurre como en cualquier relaci\u00f3n: hay que ir descubriendo lo que funciona mejor. Sin prisas ni atajos. La oraci\u00f3n nos ense\u00f1a por s\u00ed misma, es abierta y accesible a quien est\u00e9 dispuesto a abrir su coraz\u00f3n.  En este libro, James Martin, SJ, explica c\u00f3mo transitar por el camino de la oraci\u00f3n que mejor alimenta tu alma y que te ayuda a construir una verdadera intimidad con el Padre. Toda una introducci\u00f3n a la fascinante historia de los diferentes estilos y formas de oraci\u00f3n.<\/p>\n","protected":false},"excerpt":{"rendered":"<p>MARTIN, JAMES; SJ<\/p>\n","protected":false},"featured_media":383736,"template":"","meta":{"_acf_changed":false,"om_disable_all_campaigns":false,"rs_blank_template":"","rs_page_bg_color":"","slide_template_v7":"","inline_featured_image":false,"_monsterinsights_skip_tracking":false,"_monsterinsights_sitenote_active":false,"_monsterinsights_sitenote_note":"","_monsterinsights_sitenote_category":0},"product_brand":[],"product_cat":[396,247],"product_tag":[],"class_list":{"0":"post-44579","1":"product","2":"type-product","3":"status-publish","4":"has-post-thumbnail","6":"product_cat-oracion","7":"product_cat-pregaria","9":"first","10":"instock","11":"taxable","12":"shipping-taxable","13":"purchasable","14":"product-type-simple"},"acf":{"autor":"MARTIN, JAMES; SJ","codart":"842933054","libros-coleccion":"El pozo de Siquen","ediciones":"1","encuadernacion":"R\u00fastica","fecha_de_publicacion":"10\/02\/2022","novedad":"1","paginas":"200","subtitulo":"UNA GU\u00cdA PARA TODOS","orden":"0","portada":"0","idioma":"spa","editorial":[{"ID":6351,"post_author":"3","post_date":"2022-07-28 17:50:19","post_date_gmt":"2022-07-28 15:50:19","post_content":"","post_title":"Sal Terrae","post_excerpt":"","post_status":"publish","comment_status":"closed","ping_status":"closed","post_password":"","post_name":"sal-terrae","to_ping":"","pinged":"","post_modified":"2022-07-28 17:50:19","post_modified_gmt":"2022-07-28 15:50:19","post_content_filtered":"","post_parent":0,"guid":"http:\/\/dev.claret.cat\/editorial\/sal-terrae\/","menu_order":0,"post_type":"editorial","post_mime_type":"","comment_count":"0","filter":"raw"}],"autores-libros":[{"ID":158425,"post_author":"3","post_date":"2022-10-14 15:36:45","post_date_gmt":"2022-10-14 13:36:45","post_content":"","post_title":"JAMES MARTIN","post_excerpt":"","post_status":"publish","comment_status":"closed","ping_status":"closed","post_password":"","post_name":"james-martin","to_ping":"","pinged":"","post_modified":"2022-10-14 15:36:45","post_modified_gmt":"2022-10-14 13:36:45","post_content_filtered":"","post_parent":0,"guid":"http:\/\/dev.claret.cat\/autor\/james-martin\/","menu_order":0,"post_type":"autor","post_mime_type":"","comment_count":"0","filter":"raw"},{"ID":169599,"post_author":"3","post_date":"2022-10-14 22:28:31","post_date_gmt":"2022-10-14 20:28:31","post_content":"","post_title":"SJ","post_excerpt":"","post_status":"publish","comment_status":"closed","ping_status":"closed","post_password":"","post_name":"sj","to_ping":"","pinged":"","post_modified":"2022-10-14 22:28:31","post_modified_gmt":"2022-10-14 20:28:31","post_content_filtered":"","post_parent":0,"guid":"http:\/\/dev.claret.cat\/autor\/sj\/","menu_order":0,"post_type":"autor","post_mime_type":"","comment_count":"0","filter":"raw"}],"booktrailer":"","resenas":""},"aioseo_notices":[],"_links":{"self":[{"href":"https:\/\/www.claret.cat\/es\/wp-json\/wp\/v2\/product\/44579","targetHints":{"allow":["GET"]}}],"collection":[{"href":"https:\/\/www.claret.cat\/es\/wp-json\/wp\/v2\/product"}],"about":[{"href":"https:\/\/www.claret.cat\/es\/wp-json\/wp\/v2\/types\/product"}],"wp:featuredmedia":[{"embeddable":true,"href":"https:\/\/www.claret.cat\/es\/wp-json\/wp\/v2\/media\/383736"}],"wp:attachment":[{"href":"https:\/\/www.claret.cat\/es\/wp-json\/wp\/v2\/media?parent=44579"}],"wp:term":[{"taxonomy":"product_brand","embeddable":true,"href":"https:\/\/www.claret.cat\/es\/wp-json\/wp\/v2\/product_brand?post=44579"},{"taxonomy":"product_cat","embeddable":true,"href":"https:\/\/www.claret.cat\/es\/wp-json\/wp\/v2\/product_cat?post=44579"},{"taxonomy":"product_tag","embeddable":true,"href":"https:\/\/www.claret.cat\/es\/wp-json\/wp\/v2\/product_tag?post=44579"}],"curies":[{"name":"wp","href":"https:\/\/api.w.org\/{rel}","templated":true}]}}