{"id":445838,"date":"2023-06-02T13:17:03","date_gmt":"2023-06-02T11:17:03","guid":{"rendered":"https:\/\/www.claret.cat\/llibre\/ultima-cena-la-9788470574498\/"},"modified":"2024-05-23T21:21:07","modified_gmt":"2024-05-23T19:21:07","slug":"ultima-cena-la-9788470574498","status":"publish","type":"product","link":"https:\/\/www.claret.cat\/es\/libro\/ultima-cena-la-9788470574498\/","title":{"rendered":"\u00daLTIMA CENA, LA"},"content":{"rendered":"<p>Reedici\u00f3n de un cl\u00e1sico de la Ex\u00e9gesis contemporanea. Mediante la revisi\u00f3n de los testimonios hist\u00f3ricos y literarios de la \u00e9poca, Jeremias concluye el car\u00e1cter pascual de la \u00faltima cena y acredita la correspondencia entre el texto neotestamentario y las palabras y acciones cumplidas por Jes\u00fas la v\u00edspera de su Pasi\u00f3n. Un estudio admirablemente desarrolladfo, prodigiosamente informado y lleno de juicios penetrantes y sugestivos.<\/p>\n","protected":false},"excerpt":{"rendered":"<p>JEREMIAS, JOACHIM<\/p>\n","protected":false},"featured_media":445839,"template":"","meta":{"_acf_changed":false,"om_disable_all_campaigns":false,"rs_blank_template":"","rs_page_bg_color":"","slide_template_v7":"","inline_featured_image":false,"_monsterinsights_skip_tracking":false,"_monsterinsights_sitenote_active":false,"_monsterinsights_sitenote_note":"","_monsterinsights_sitenote_category":0},"product_brand":[],"product_cat":[472,213],"product_tag":[],"class_list":{"0":"post-445838","1":"product","2":"type-product","3":"status-publish","4":"has-post-thumbnail","6":"product_cat-manuales-y-guias","7":"product_cat-manuals-i-guies","9":"first","10":"instock","11":"taxable","12":"shipping-taxable","13":"purchasable","14":"product-type-simple"},"acf":{"autor":"JEREMIAS, JOACHIM","codart":"847057449","libros-coleccion":"FORA DE COL.LECCI\u00d3","ediciones":"2","encuadernacion":"R\u00fastica","fecha_de_publicacion":"01\/02\/2003","novedad":"0","paginas":"430","subtitulo":"","orden":"999","portada":"0","idioma":"spa","editorial":[{"ID":6173,"post_author":"3","post_date":"2022-07-28 17:46:28","post_date_gmt":"2022-07-28 15:46:28","post_content":"","post_title":"Cristiandad","post_excerpt":"","post_status":"publish","comment_status":"closed","ping_status":"closed","post_password":"","post_name":"cristiandad","to_ping":"","pinged":"","post_modified":"2022-07-28 17:46:28","post_modified_gmt":"2022-07-28 15:46:28","post_content_filtered":"","post_parent":0,"guid":"http:\/\/dev.claret.cat\/editorial\/cristiandad\/","menu_order":0,"post_type":"editorial","post_mime_type":"","comment_count":"0","filter":"raw"}],"autores-libros":[{"ID":159230,"post_author":"3","post_date":"2022-10-14 15:43:09","post_date_gmt":"2022-10-14 13:43:09","post_content":"","post_title":"JOACHIM JEREMIAS","post_excerpt":"","post_status":"publish","comment_status":"closed","ping_status":"closed","post_password":"","post_name":"joachim-jeremias","to_ping":"","pinged":"","post_modified":"2022-10-14 15:43:09","post_modified_gmt":"2022-10-14 13:43:09","post_content_filtered":"","post_parent":0,"guid":"http:\/\/dev.claret.cat\/autor\/joachim-jeremias\/","menu_order":0,"post_type":"autor","post_mime_type":"","comment_count":"0","filter":"raw"}]},"aioseo_notices":[],"_links":{"self":[{"href":"https:\/\/www.claret.cat\/es\/wp-json\/wp\/v2\/product\/445838","targetHints":{"allow":["GET"]}}],"collection":[{"href":"https:\/\/www.claret.cat\/es\/wp-json\/wp\/v2\/product"}],"about":[{"href":"https:\/\/www.claret.cat\/es\/wp-json\/wp\/v2\/types\/product"}],"wp:featuredmedia":[{"embeddable":true,"href":"https:\/\/www.claret.cat\/es\/wp-json\/wp\/v2\/media\/445839"}],"wp:attachment":[{"href":"https:\/\/www.claret.cat\/es\/wp-json\/wp\/v2\/media?parent=445838"}],"wp:term":[{"taxonomy":"product_brand","embeddable":true,"href":"https:\/\/www.claret.cat\/es\/wp-json\/wp\/v2\/product_brand?post=445838"},{"taxonomy":"product_cat","embeddable":true,"href":"https:\/\/www.claret.cat\/es\/wp-json\/wp\/v2\/product_cat?post=445838"},{"taxonomy":"product_tag","embeddable":true,"href":"https:\/\/www.claret.cat\/es\/wp-json\/wp\/v2\/product_tag?post=445838"}],"curies":[{"name":"wp","href":"https:\/\/api.w.org\/{rel}","templated":true}]}}