{"id":445858,"date":"2023-06-02T13:35:28","date_gmt":"2023-06-02T11:35:28","guid":{"rendered":"https:\/\/www.claret.cat\/llibre\/150-enigmas-mas-de-baker-street-9788419341136\/"},"modified":"2023-10-11T02:27:28","modified_gmt":"2023-10-11T00:27:28","slug":"150-enigmas-mas-de-baker-street-9788419341136","status":"publish","type":"product","link":"https:\/\/www.claret.cat\/es\/libro\/150-enigmas-mas-de-baker-street-9788419341136\/","title":{"rendered":"150 ENIGMAS M\u00c1S DE BAKER STREET"},"content":{"rendered":"<p>\u00bfTe atreves a meterte en la piel de Sherlock Holmes?<\/p>\n<p> Con una lupa en una mano y un l\u00e1piz en la otra, utiliza tus grandes dotes en el arte de la l\u00f3gica, la observaci\u00f3n y la deducci\u00f3n para resolver esta segunda entrega de los enigmas, los acertijos y los misterios m\u00e1s ambiciosos de Baker Street. Emula al detective m\u00e1s famoso de la historia y ponte a prueba. Gracias a tu sagacidad y a tu agilidad mental \u00a1los delincuentes no tendr\u00e1n posibilidad alguna de escapar!<\/p>\n","protected":false},"excerpt":{"rendered":"<p>DESMARAIS, L\u00c9O<\/p>\n","protected":false},"featured_media":445859,"template":"","meta":{"_acf_changed":false,"om_disable_all_campaigns":false,"rs_blank_template":"","rs_page_bg_color":"","slide_template_v7":"","inline_featured_image":false,"_monsterinsights_skip_tracking":false,"_monsterinsights_sitenote_active":false,"_monsterinsights_sitenote_note":"","_monsterinsights_sitenote_category":0},"product_brand":[],"product_cat":[551,101],"product_tag":[],"class_list":{"0":"post-445858","1":"product","2":"type-product","3":"status-publish","4":"has-post-thumbnail","6":"product_cat-manualidades","7":"product_cat-manualitats","9":"first","10":"instock","11":"taxable","12":"shipping-taxable","13":"purchasable","14":"product-type-simple"},"acf":{"autor":"DESMARAIS, L\u00c9O","codart":"841934113","libros-coleccion":"FORA DE COL.LECCI\u00d3","ediciones":"1","encuadernacion":"R\u00fastica","fecha_de_publicacion":"01\/03\/2023","novedad":"1","paginas":"231","subtitulo":"","orden":"0","portada":"0","idioma":"spa","editorial":[{"ID":147420,"post_author":"3","post_date":"2022-10-14 11:50:26","post_date_gmt":"2022-10-14 09:50:26","post_content":"","post_title":"AMAT EDITORIAL","post_excerpt":"","post_status":"publish","comment_status":"closed","ping_status":"closed","post_password":"","post_name":"amat-editorial","to_ping":"","pinged":"","post_modified":"2022-10-14 11:50:26","post_modified_gmt":"2022-10-14 09:50:26","post_content_filtered":"","post_parent":0,"guid":"http:\/\/dev.claret.cat\/editorial\/amat-editorial\/","menu_order":0,"post_type":"editorial","post_mime_type":"","comment_count":"0","filter":"raw"}],"autores-libros":[{"ID":263669,"post_author":"3","post_date":"2022-12-01 11:19:38","post_date_gmt":"2022-12-01 10:19:38","post_content":"","post_title":"L\u00c9O DESMARAIS","post_excerpt":"","post_status":"publish","comment_status":"closed","ping_status":"closed","post_password":"","post_name":"leo-desmarais","to_ping":"","pinged":"","post_modified":"2022-12-01 11:19:38","post_modified_gmt":"2022-12-01 10:19:38","post_content_filtered":"","post_parent":0,"guid":"http:\/\/dev.claret.cat\/autor\/leo-desmarais\/","menu_order":0,"post_type":"autor","post_mime_type":"","comment_count":"0","filter":"raw"}]},"aioseo_notices":[],"_links":{"self":[{"href":"https:\/\/www.claret.cat\/es\/wp-json\/wp\/v2\/product\/445858","targetHints":{"allow":["GET"]}}],"collection":[{"href":"https:\/\/www.claret.cat\/es\/wp-json\/wp\/v2\/product"}],"about":[{"href":"https:\/\/www.claret.cat\/es\/wp-json\/wp\/v2\/types\/product"}],"wp:featuredmedia":[{"embeddable":true,"href":"https:\/\/www.claret.cat\/es\/wp-json\/wp\/v2\/media\/445859"}],"wp:attachment":[{"href":"https:\/\/www.claret.cat\/es\/wp-json\/wp\/v2\/media?parent=445858"}],"wp:term":[{"taxonomy":"product_brand","embeddable":true,"href":"https:\/\/www.claret.cat\/es\/wp-json\/wp\/v2\/product_brand?post=445858"},{"taxonomy":"product_cat","embeddable":true,"href":"https:\/\/www.claret.cat\/es\/wp-json\/wp\/v2\/product_cat?post=445858"},{"taxonomy":"product_tag","embeddable":true,"href":"https:\/\/www.claret.cat\/es\/wp-json\/wp\/v2\/product_tag?post=445858"}],"curies":[{"name":"wp","href":"https:\/\/api.w.org\/{rel}","templated":true}]}}