{"id":445862,"date":"2023-06-02T13:40:30","date_gmt":"2023-06-02T11:40:30","guid":{"rendered":"https:\/\/www.claret.cat\/llibre\/crianca-assertiva-9788426736215\/"},"modified":"2023-10-11T02:27:26","modified_gmt":"2023-10-11T00:27:26","slug":"crianca-assertiva-9788426736215","status":"publish","type":"product","link":"https:\/\/www.claret.cat\/es\/libro\/crianca-assertiva-9788426736215\/","title":{"rendered":"CRIAN\u00c7A ASSERTIVA"},"content":{"rendered":"<p>Durant molt temps s&#8221;ha mantingut la premissa que els nens i les nenes han de passar-ho malament per aprendre. Aquesta idea va acompanyada de frases col\u00b7loquials com ara &#8221;que pateixi, aix\u00ed n&#8221;aprendr\u00e0&#8221; o &#8221;si no li fa mal, no n&#8221;apr\u00e8n&#8221;. Tanmateix, en resposta a les conseq\u00fc\u00e8ncies d&#8221;un paradigma de crian\u00e7a basat en l&#8221;autoritarisme, han sorgit formes de crian\u00e7a oposades, centrades en la permissivitat i, en certa manera, en la neglig\u00e8ncia. Aquestes \u00faltimes recolzen sobre premisses com ara &#8221;al nen no se li han de posar l\u00edmits que poden interrompre el desenvolupament lliure de la seva personalitat&#8221;.  \u00c9s molt habitual tendir als extrems i \u00e9s probable que aix\u00f2 funcioni en situacions l\u00edmit, com ara haver d&#8221;eliminar h\u00e0bits que s\u00f3n perjudicials per a la salut, per\u00f2 per a la crian\u00e7a no \u00e9s el m\u00e9s idoni. Si vols descobrir els elements clau per construir un aferrament segur amb els teus fills, has arribat al llibre indicat.  La psic\u00f2loga i psicoterapeuta Milena Gonz\u00e1lez presenta en aquest llibre la import\u00e0ncia d&#8221;aprendre a educar des de l&#8221;amor que sost\u00e9 i des dels l\u00edmits que protegeixen. L&#8221;amor i els l\u00edmits en la crian\u00e7a van de la m\u00e0, no estan renyits. I una cosa i l&#8221;altra s\u00f3n tan necess\u00e0ries per a la salut emocional del nen com ho s\u00f3n l&#8221;aliment i el son per a la seva salut f\u00edsica.   En el llibre es construeix una mirada comprensiva envers la inf\u00e0ncia i compasiva envers aquells adults que, tot i no ser perfectes, volen aprendre a mirar i tractar amb respecte els nens i les nenes que formen part de la seva vida. Tot aix\u00f2 es fa a partir de la desconstrucci\u00f3 de models i patrons de crian\u00e7a que afecten no nom\u00e9s al vincle entre pares i fills, sin\u00f3 tamb\u00e9 a la salut mental dels m\u00e9s petits.  El nen construeix una idea de si mateix i de com \u00e9s el m\u00f3n que l&#8221;envolta des de la mirada i el tracte que rep de les persones importants per a ell. Per definir-se a si mateix com alg\u00fa capa\u00e7 o incapa\u00e7, fort o feble, fracassat o el contrari, recorrer\u00e0 a la seva mem\u00f2ria emocional i ser\u00e0 fidel a les paraules, a la mirada i al tracte que va rebre principalment de les persones que el van definir durant els seus primers anys de vida.  Mai no \u00e9s tard per aprendre a fer-ho d&#8221;una altra manera. Gr\u00e0cies a la lectura d&#8221;aquest llibre, descobrir\u00e0s com millorar la relaci\u00f3 amb el teu fill a trav\u00e9s de la construcci\u00f3 d&#8221;un aferrament segur.  L&#8221;autora, Milena Gonz\u00e1lez, \u00e9s psic\u00f2loga experta en trauma, aferrament i educaci\u00f3n emocional. Ha cursat el M\u00e0ster en Intel\u00b7lig\u00e8ncia Emocional de la Universitat de Val\u00e8ncia.<\/p>\n","protected":false},"excerpt":{"rendered":"<p>GONZ\u00c1LEZ, MILENA<\/p>\n","protected":false},"featured_media":445863,"template":"","meta":{"_acf_changed":false,"om_disable_all_campaigns":false,"rs_blank_template":"","rs_page_bg_color":"","slide_template_v7":"","inline_featured_image":false,"_monsterinsights_skip_tracking":false,"_monsterinsights_sitenote_active":false,"_monsterinsights_sitenote_note":"","_monsterinsights_sitenote_category":0},"product_brand":[],"product_cat":[137,425],"product_tag":[],"class_list":{"0":"post-445862","1":"product","2":"type-product","3":"status-publish","4":"has-post-thumbnail","6":"product_cat-escola-de-pares-infantil","7":"product_cat-escuela-de-padres","9":"first","10":"instock","11":"taxable","12":"shipping-taxable","13":"purchasable","14":"product-type-simple"},"acf":{"autor":"GONZ\u00c1LEZ, MILENA","codart":"842673621","libros-coleccion":"FORA DE COL.LECCI\u00d3","ediciones":"1","encuadernacion":"R\u00fastica","fecha_de_publicacion":"01\/05\/2023","novedad":"1","paginas":"182","subtitulo":"COM CONSTRUIR UN AFERRAMENT SEGUR I TENIR CURA DE LA SALUT MENTAL INFANTIL","orden":"0","portada":"0","idioma":"cat","editorial":[{"ID":6301,"post_author":"3","post_date":"2022-07-28 17:49:15","post_date_gmt":"2022-07-28 15:49:15","post_content":"","post_title":"Marcombo","post_excerpt":"","post_status":"publish","comment_status":"closed","ping_status":"closed","post_password":"","post_name":"marcombo","to_ping":"","pinged":"","post_modified":"2022-07-28 17:49:15","post_modified_gmt":"2022-07-28 15:49:15","post_content_filtered":"","post_parent":0,"guid":"http:\/\/dev.claret.cat\/editorial\/marcombo\/","menu_order":0,"post_type":"editorial","post_mime_type":"","comment_count":"0","filter":"raw"}],"autores-libros":[{"ID":445861,"post_author":"3","post_date":"2023-06-02 13:40:27","post_date_gmt":"2023-06-02 11:40:27","post_content":"","post_title":"MILENA GONZ\u00c1LEZ","post_excerpt":"","post_status":"publish","comment_status":"closed","ping_status":"closed","post_password":"","post_name":"milena-gonzalez-2","to_ping":"","pinged":"","post_modified":"2023-06-02 13:40:27","post_modified_gmt":"2023-06-02 11:40:27","post_content_filtered":"","post_parent":0,"guid":"https:\/\/www.claret.cat\/autor\/milena-gonzalez-2\/","menu_order":0,"post_type":"autor","post_mime_type":"","comment_count":"0","filter":"raw"}]},"aioseo_notices":[],"_links":{"self":[{"href":"https:\/\/www.claret.cat\/es\/wp-json\/wp\/v2\/product\/445862","targetHints":{"allow":["GET"]}}],"collection":[{"href":"https:\/\/www.claret.cat\/es\/wp-json\/wp\/v2\/product"}],"about":[{"href":"https:\/\/www.claret.cat\/es\/wp-json\/wp\/v2\/types\/product"}],"wp:featuredmedia":[{"embeddable":true,"href":"https:\/\/www.claret.cat\/es\/wp-json\/wp\/v2\/media\/445863"}],"wp:attachment":[{"href":"https:\/\/www.claret.cat\/es\/wp-json\/wp\/v2\/media?parent=445862"}],"wp:term":[{"taxonomy":"product_brand","embeddable":true,"href":"https:\/\/www.claret.cat\/es\/wp-json\/wp\/v2\/product_brand?post=445862"},{"taxonomy":"product_cat","embeddable":true,"href":"https:\/\/www.claret.cat\/es\/wp-json\/wp\/v2\/product_cat?post=445862"},{"taxonomy":"product_tag","embeddable":true,"href":"https:\/\/www.claret.cat\/es\/wp-json\/wp\/v2\/product_tag?post=445862"}],"curies":[{"name":"wp","href":"https:\/\/api.w.org\/{rel}","templated":true}]}}