{"id":44594,"date":"2022-10-02T21:51:07","date_gmt":"2022-10-02T19:51:07","guid":{"rendered":"http:\/\/dev.claret.cat\/producte\/una-introduccion-a-la-critica-textual-de-la-biblia\/"},"modified":"2023-07-14T19:26:49","modified_gmt":"2023-07-14T17:26:49","slug":"una-introduccion-a-la-critica-textual-de-la-biblia-9788412266061","status":"publish","type":"product","link":"https:\/\/www.claret.cat\/es\/libro\/una-introduccion-a-la-critica-textual-de-la-biblia-9788412266061\/","title":{"rendered":"UNA INTRODUCCI\u00d3N A LA CR\u00cdTICA TEXTUAL DE LA BIBLIA"},"content":{"rendered":"<p>\u00bfQu\u00e9 es la cr\u00edtica textual? \u00bfEs enemiga o amiga de la Iglesia? \u00bfC\u00f3mo sabemos que el texto que tenemos hoy en d\u00eda es el mismo que Dios inspir\u00f3 hace miles de a\u00f1os? \u00bfPodemos tener confianza en que la Biblia que tenemos en nuestras manos es la misma que Dios dio originalmente a su pueblo? \u00bfQu\u00e9 hacemos con tantos manuscritos que parecen contradecirse y qu\u00e9 hacen los expertos para evaluar las variantes? \u00bfSomos la primera generaci\u00f3n que se ha planteado estas preguntas o tiene la Iglesia ya mucha experiencia en estas cuestiones? <\/p>\n<p>Estos son algunos de los interrogantes que los autores abordan en este libro, uno de los primeros escritos en castellano al respecto. Aunque breve en su extensi\u00f3n, logra tratar el tema de manera comprensiva, desde una perspectiva hist\u00f3rica, textual, metodol\u00f3gica y pr\u00e1ctica, entre otras. Los autores se sit\u00faan dentro de la gran tradici\u00f3n de la cr\u00edtica textual cristiana, y afirman plenamente que podemos y debemos tener mucha confianza en la fidelidad textual de nuestras Biblias.<\/p>\n","protected":false},"excerpt":{"rendered":"<p>MESSMER, ANDR\u00c9S<\/p>\n","protected":false},"featured_media":452028,"template":"","meta":{"_acf_changed":false,"om_disable_all_campaigns":false,"rs_blank_template":"","rs_page_bg_color":"","slide_template_v7":"","inline_featured_image":false,"_monsterinsights_skip_tracking":false,"_monsterinsights_sitenote_active":false,"_monsterinsights_sitenote_note":"","_monsterinsights_sitenote_category":0},"product_brand":[],"product_cat":[412,274],"product_tag":[],"class_list":{"0":"post-44594","1":"product","2":"type-product","3":"status-publish","4":"has-post-thumbnail","6":"product_cat-estudios-sagrada-escritura","7":"product_cat-estudis-sagrada-escriptura","9":"first","10":"instock","11":"taxable","12":"shipping-taxable","13":"purchasable","14":"product-type-simple"},"acf":{"autor":"MESSMER, ANDR\u00c9S","codart":"841226606","libros-coleccion":"","ediciones":"1","encuadernacion":"R\u00fastica","fecha_de_publicacion":"01\/09\/2021","novedad":"1","paginas":"200","subtitulo":"","orden":"0","portada":"0","idioma":"spa","editorial":[{"ID":148705,"post_author":"3","post_date":"2022-10-14 12:00:20","post_date_gmt":"2022-10-14 10:00:20","post_content":"","post_title":"Publicaciones Andamio","post_excerpt":"","post_status":"publish","comment_status":"closed","ping_status":"closed","post_password":"","post_name":"publicaciones-andamio","to_ping":"","pinged":"","post_modified":"2022-10-14 12:00:20","post_modified_gmt":"2022-10-14 10:00:20","post_content_filtered":"","post_parent":0,"guid":"http:\/\/dev.claret.cat\/editorial\/publicaciones-andamio\/","menu_order":0,"post_type":"editorial","post_mime_type":"","comment_count":"0","filter":"raw"}],"autores-libros":[{"ID":150272,"post_author":"3","post_date":"2022-10-14 14:31:37","post_date_gmt":"2022-10-14 12:31:37","post_content":"","post_title":"ANDR\u00c9S MESSMER","post_excerpt":"","post_status":"publish","comment_status":"closed","ping_status":"closed","post_password":"","post_name":"andres-messmer","to_ping":"","pinged":"","post_modified":"2022-10-14 14:31:37","post_modified_gmt":"2022-10-14 12:31:37","post_content_filtered":"","post_parent":0,"guid":"http:\/\/dev.claret.cat\/autor\/andres-messmer\/","menu_order":0,"post_type":"autor","post_mime_type":"","comment_count":"0","filter":"raw"}]},"aioseo_notices":[],"_links":{"self":[{"href":"https:\/\/www.claret.cat\/es\/wp-json\/wp\/v2\/product\/44594","targetHints":{"allow":["GET"]}}],"collection":[{"href":"https:\/\/www.claret.cat\/es\/wp-json\/wp\/v2\/product"}],"about":[{"href":"https:\/\/www.claret.cat\/es\/wp-json\/wp\/v2\/types\/product"}],"wp:featuredmedia":[{"embeddable":true,"href":"https:\/\/www.claret.cat\/es\/wp-json\/wp\/v2\/media\/452028"}],"wp:attachment":[{"href":"https:\/\/www.claret.cat\/es\/wp-json\/wp\/v2\/media?parent=44594"}],"wp:term":[{"taxonomy":"product_brand","embeddable":true,"href":"https:\/\/www.claret.cat\/es\/wp-json\/wp\/v2\/product_brand?post=44594"},{"taxonomy":"product_cat","embeddable":true,"href":"https:\/\/www.claret.cat\/es\/wp-json\/wp\/v2\/product_cat?post=44594"},{"taxonomy":"product_tag","embeddable":true,"href":"https:\/\/www.claret.cat\/es\/wp-json\/wp\/v2\/product_tag?post=44594"}],"curies":[{"name":"wp","href":"https:\/\/api.w.org\/{rel}","templated":true}]}}