{"id":445992,"date":"2023-06-06T13:05:20","date_gmt":"2023-06-06T11:05:20","guid":{"rendered":"https:\/\/www.claret.cat\/llibre\/en-mi-angustia-te-busco-senor-9788429331677\/"},"modified":"2026-04-01T06:23:22","modified_gmt":"2026-04-01T04:23:22","slug":"en-mi-angustia-te-busco-senor-9788429331677","status":"publish","type":"product","link":"https:\/\/www.claret.cat\/es\/libro\/en-mi-angustia-te-busco-senor-9788429331677\/","title":{"rendered":"EN MI ANGUSTIA TE BUSCO, SE\u00d1OR"},"content":{"rendered":"<p>El padecimiento es una realidad que nos afecta a todos en alg\u00fan instante de nuestra existencia. Nos hace sentir confundidos, solos, desesperanzados. Nos hace preguntarnos el sentido de nuestra vida y nuestra relaci\u00f3n con Dios. \u00bfC\u00f3mo rezar en estas circunstancias? \u00bfC\u00f3mo encontrar la esperanza y la paz? Arnaldo Pangrazzi, un experto en teolog\u00eda y psicolog\u00eda, nos ofrece en esta obra un recurso pastoral para orar en tiempos de angustia y sufrimiento. Presenta s\u00faplicas que nacen del coraz\u00f3n, que reflejan nuestros sentimientos y pensamientos m\u00e1s \u00edntimos, que nos vinculan con nuestra historia personal y con la historia de salvaci\u00f3n.<\/p>\n","protected":false},"excerpt":{"rendered":"<p>El padecimiento es una realidad que nos afecta a todos en alg\u00fan instante de nuestra existencia. Nos hace sentir confundidos, solos, desesperanzados. Nos hace preguntarnos el sentido de nuestra vida y nuestra relaci\u00f3n con Dios. \u00bfC\u00f3mo rezar en estas circunstancias? \u00bfC\u00f3mo encontrar la esperanza y la paz? Arnaldo Pangrazzi, un experto en teolog\u00eda y psicolog\u00eda, [&hellip;]<\/p>\n","protected":false},"featured_media":445993,"template":"","meta":{"_acf_changed":false,"om_disable_all_campaigns":false,"rs_blank_template":"","rs_page_bg_color":"","slide_template_v7":"","inline_featured_image":false,"_monsterinsights_skip_tracking":false,"_monsterinsights_sitenote_active":false,"_monsterinsights_sitenote_note":"","_monsterinsights_sitenote_category":0},"product_brand":[],"product_cat":[396,247],"product_tag":[],"class_list":{"0":"post-445992","1":"product","2":"type-product","3":"status-publish","4":"has-post-thumbnail","6":"product_cat-oracion","7":"product_cat-pregaria","9":"first","10":"instock","11":"taxable","12":"shipping-taxable","13":"purchasable","14":"product-type-simple"},"acf":{"autor":"PANGRAZZI, ARNALDO","codart":"842933167","libros-coleccion":"SAL TERRAE- EL POZO DE SIQUEM","ediciones":"1","encuadernacion":"R\u00fastica","fecha_de_publicacion":"11\/05\/2023","novedad":"1","paginas":"96","subtitulo":"ORAR EN LA ENFERMEDAD ","orden":"0","portada":"0","idioma":"spa","editorial":[{"ID":6351,"post_author":"3","post_date":"2022-07-28 17:50:19","post_date_gmt":"2022-07-28 15:50:19","post_content":"","post_title":"Sal Terrae","post_excerpt":"","post_status":"publish","comment_status":"closed","ping_status":"closed","post_password":"","post_name":"sal-terrae","to_ping":"","pinged":"","post_modified":"2022-07-28 17:50:19","post_modified_gmt":"2022-07-28 15:50:19","post_content_filtered":"","post_parent":0,"guid":"http:\/\/dev.claret.cat\/editorial\/sal-terrae\/","menu_order":0,"post_type":"editorial","post_mime_type":"","comment_count":"0","filter":"raw"}],"autores-libros":[{"ID":151106,"post_author":"3","post_date":"2022-10-14 14:38:15","post_date_gmt":"2022-10-14 12:38:15","post_content":"","post_title":"ARNALDO PANGRAZZI","post_excerpt":"","post_status":"publish","comment_status":"closed","ping_status":"closed","post_password":"","post_name":"arnaldo-pangrazzi","to_ping":"","pinged":"","post_modified":"2022-10-14 14:38:15","post_modified_gmt":"2022-10-14 12:38:15","post_content_filtered":"","post_parent":0,"guid":"http:\/\/dev.claret.cat\/autor\/arnaldo-pangrazzi\/","menu_order":0,"post_type":"autor","post_mime_type":"","comment_count":"0","filter":"raw"}],"booktrailer":"","resenas":""},"aioseo_notices":[],"_links":{"self":[{"href":"https:\/\/www.claret.cat\/es\/wp-json\/wp\/v2\/product\/445992","targetHints":{"allow":["GET"]}}],"collection":[{"href":"https:\/\/www.claret.cat\/es\/wp-json\/wp\/v2\/product"}],"about":[{"href":"https:\/\/www.claret.cat\/es\/wp-json\/wp\/v2\/types\/product"}],"wp:featuredmedia":[{"embeddable":true,"href":"https:\/\/www.claret.cat\/es\/wp-json\/wp\/v2\/media\/445993"}],"wp:attachment":[{"href":"https:\/\/www.claret.cat\/es\/wp-json\/wp\/v2\/media?parent=445992"}],"wp:term":[{"taxonomy":"product_brand","embeddable":true,"href":"https:\/\/www.claret.cat\/es\/wp-json\/wp\/v2\/product_brand?post=445992"},{"taxonomy":"product_cat","embeddable":true,"href":"https:\/\/www.claret.cat\/es\/wp-json\/wp\/v2\/product_cat?post=445992"},{"taxonomy":"product_tag","embeddable":true,"href":"https:\/\/www.claret.cat\/es\/wp-json\/wp\/v2\/product_tag?post=445992"}],"curies":[{"name":"wp","href":"https:\/\/api.w.org\/{rel}","templated":true}]}}