{"id":446022,"date":"2023-06-06T13:35:21","date_gmt":"2023-06-06T11:35:21","guid":{"rendered":"https:\/\/www.claret.cat\/llibre\/la-belleza-y-el-arte-9788432164361\/"},"modified":"2024-05-24T04:08:02","modified_gmt":"2024-05-24T02:08:02","slug":"la-belleza-y-el-arte-9788432164361","status":"publish","type":"product","link":"https:\/\/www.claret.cat\/es\/libro\/la-belleza-y-el-arte-9788432164361\/","title":{"rendered":"LA BELLEZA Y EL ARTE"},"content":{"rendered":"<p>\u00bfQu\u00e9 es la belleza? \u00bfQu\u00e9 es el arte? Grandes interrogantes que el autor da respuesta en este libro de la mano de grandes obras maestras.<\/p>\n","protected":false},"excerpt":{"rendered":"<p>IB\u00c1\u00d1EZ LANGLOIS, JOS\u00c9 MIGUEL<\/p>\n","protected":false},"featured_media":446023,"template":"","meta":{"_acf_changed":false,"om_disable_all_campaigns":false,"rs_blank_template":"","rs_page_bg_color":"","slide_template_v7":"","inline_featured_image":false,"_monsterinsights_skip_tracking":false,"_monsterinsights_sitenote_active":false,"_monsterinsights_sitenote_note":"","_monsterinsights_sitenote_category":0},"product_brand":[],"product_cat":[172,443],"product_tag":[],"class_list":{"0":"post-446022","1":"product","2":"type-product","3":"status-publish","4":"has-post-thumbnail","6":"product_cat-estetica","7":"product_cat-estetica-filosofia-2_humanidades","9":"first","10":"instock","11":"taxable","12":"shipping-taxable","13":"purchasable","14":"product-type-simple"},"acf":{"autor":"IB\u00c1\u00d1EZ LANGLOIS, JOS\u00c9 MIGUEL","codart":"843216436","libros-coleccion":"Pensamiento Actual","ediciones":"1","encuadernacion":"R\u00fastica","fecha_de_publicacion":"01\/06\/2023","novedad":"1","paginas":"270","subtitulo":"EST\u00c9TICA Y FILOSOF\u00cdA DEL ARTE","orden":"0","portada":"0","idioma":"spa","editorial":[{"ID":6348,"post_author":"3","post_date":"2022-07-28 17:50:16","post_date_gmt":"2022-07-28 15:50:16","post_content":"","post_title":"Rialp","post_excerpt":"","post_status":"publish","comment_status":"closed","ping_status":"closed","post_password":"","post_name":"rialp","to_ping":"","pinged":"","post_modified":"2022-07-28 17:50:16","post_modified_gmt":"2022-07-28 15:50:16","post_content_filtered":"","post_parent":0,"guid":"http:\/\/dev.claret.cat\/editorial\/rialp\/","menu_order":0,"post_type":"editorial","post_mime_type":"","comment_count":"0","filter":"raw"}],"autores-libros":[{"ID":160512,"post_author":"3","post_date":"2022-10-14 15:53:40","post_date_gmt":"2022-10-14 13:53:40","post_content":"","post_title":"JOS\u00c9 MIGUEL IB\u00c1\u00d1EZ LANGLOIS","post_excerpt":"","post_status":"publish","comment_status":"closed","ping_status":"closed","post_password":"","post_name":"jose-miguel-ibanez-langlois","to_ping":"","pinged":"","post_modified":"2022-10-14 15:53:40","post_modified_gmt":"2022-10-14 13:53:40","post_content_filtered":"","post_parent":0,"guid":"http:\/\/dev.claret.cat\/autor\/jose-miguel-ibanez-langlois\/","menu_order":0,"post_type":"autor","post_mime_type":"","comment_count":"0","filter":"raw"}]},"aioseo_notices":[],"_links":{"self":[{"href":"https:\/\/www.claret.cat\/es\/wp-json\/wp\/v2\/product\/446022","targetHints":{"allow":["GET"]}}],"collection":[{"href":"https:\/\/www.claret.cat\/es\/wp-json\/wp\/v2\/product"}],"about":[{"href":"https:\/\/www.claret.cat\/es\/wp-json\/wp\/v2\/types\/product"}],"wp:featuredmedia":[{"embeddable":true,"href":"https:\/\/www.claret.cat\/es\/wp-json\/wp\/v2\/media\/446023"}],"wp:attachment":[{"href":"https:\/\/www.claret.cat\/es\/wp-json\/wp\/v2\/media?parent=446022"}],"wp:term":[{"taxonomy":"product_brand","embeddable":true,"href":"https:\/\/www.claret.cat\/es\/wp-json\/wp\/v2\/product_brand?post=446022"},{"taxonomy":"product_cat","embeddable":true,"href":"https:\/\/www.claret.cat\/es\/wp-json\/wp\/v2\/product_cat?post=446022"},{"taxonomy":"product_tag","embeddable":true,"href":"https:\/\/www.claret.cat\/es\/wp-json\/wp\/v2\/product_tag?post=446022"}],"curies":[{"name":"wp","href":"https:\/\/api.w.org\/{rel}","templated":true}]}}