{"id":446029,"date":"2023-06-06T14:00:29","date_gmt":"2023-06-06T12:00:29","guid":{"rendered":"https:\/\/www.claret.cat\/llibre\/con-ojos-nuevos-9788432164651\/"},"modified":"2025-11-05T19:50:27","modified_gmt":"2025-11-05T18:50:27","slug":"con-ojos-nuevos-9788432164651","status":"publish","type":"product","link":"https:\/\/www.claret.cat\/es\/libro\/con-ojos-nuevos-9788432164651\/","title":{"rendered":"CON OJOS NUEVOS"},"content":{"rendered":"<p>La autora, de noble linaje romano, narra su azarosa juventud y su redescubrimiento de la fe cat\u00f3lica. Por sus p\u00e1ginas van asomando personajes como Juan Pablo II, Ratzinger o Teresa de Calcuta, pero tambi\u00e9n Leonardo Mondadori o Mick Jagger.<\/p>\n","protected":false},"excerpt":{"rendered":"<p>BORGHESE, ALESSANDRA<\/p>\n","protected":false},"featured_media":446030,"template":"","meta":{"_acf_changed":false,"om_disable_all_campaigns":false,"rs_blank_template":"","rs_page_bg_color":"","slide_template_v7":"","inline_featured_image":false,"_monsterinsights_skip_tracking":false,"_monsterinsights_sitenote_active":false,"_monsterinsights_sitenote_note":"","_monsterinsights_sitenote_category":0},"product_brand":[],"product_cat":[485,232,237,488,491,241],"product_tag":[],"class_list":{"0":"post-446029","1":"product","2":"type-product","3":"status-publish","4":"has-post-thumbnail","6":"product_cat-autores-espiritualidad-1_espiritualidad","7":"product_cat-autors-espiritualitat","8":"product_cat-cami-de-perfeccionament","9":"product_cat-camino-de-perfeccionamiento","10":"product_cat-testimonios","11":"product_cat-testimonis","13":"first","14":"instock","15":"taxable","16":"shipping-taxable","17":"purchasable","18":"product-type-simple"},"acf":{"autor":"BORGHESE, ALESSANDRA","codart":"843216465","libros-coleccion":"Biograf\u00edas y Testimonios","ediciones":"11","encuadernacion":"R\u00fastica","fecha_de_publicacion":"06\/06\/2023","novedad":"1","paginas":"172","subtitulo":"UN VIAJE A LA FE","orden":"0","portada":"0","idioma":"spa","editorial":[{"ID":6348,"post_author":"3","post_date":"2022-07-28 17:50:16","post_date_gmt":"2022-07-28 15:50:16","post_content":"","post_title":"Rialp","post_excerpt":"","post_status":"publish","comment_status":"closed","ping_status":"closed","post_password":"","post_name":"rialp","to_ping":"","pinged":"","post_modified":"2022-07-28 17:50:16","post_modified_gmt":"2022-07-28 15:50:16","post_content_filtered":"","post_parent":0,"guid":"http:\/\/dev.claret.cat\/editorial\/rialp\/","menu_order":0,"post_type":"editorial","post_mime_type":"","comment_count":"0","filter":"raw"}],"autores-libros":[{"ID":293857,"post_author":"3","post_date":"2022-12-11 03:14:17","post_date_gmt":"2022-12-11 02:14:17","post_content":"","post_title":"ALESSANDRA BORGHESE","post_excerpt":"","post_status":"publish","comment_status":"closed","ping_status":"closed","post_password":"","post_name":"alessandra-borghese","to_ping":"","pinged":"","post_modified":"2022-12-11 03:14:17","post_modified_gmt":"2022-12-11 02:14:17","post_content_filtered":"","post_parent":0,"guid":"http:\/\/dev.claret.cat\/autor\/alessandra-borghese\/","menu_order":0,"post_type":"autor","post_mime_type":"","comment_count":"0","filter":"raw"}],"booktrailer":"","resenas":""},"aioseo_notices":[],"_links":{"self":[{"href":"https:\/\/www.claret.cat\/es\/wp-json\/wp\/v2\/product\/446029","targetHints":{"allow":["GET"]}}],"collection":[{"href":"https:\/\/www.claret.cat\/es\/wp-json\/wp\/v2\/product"}],"about":[{"href":"https:\/\/www.claret.cat\/es\/wp-json\/wp\/v2\/types\/product"}],"wp:featuredmedia":[{"embeddable":true,"href":"https:\/\/www.claret.cat\/es\/wp-json\/wp\/v2\/media\/446030"}],"wp:attachment":[{"href":"https:\/\/www.claret.cat\/es\/wp-json\/wp\/v2\/media?parent=446029"}],"wp:term":[{"taxonomy":"product_brand","embeddable":true,"href":"https:\/\/www.claret.cat\/es\/wp-json\/wp\/v2\/product_brand?post=446029"},{"taxonomy":"product_cat","embeddable":true,"href":"https:\/\/www.claret.cat\/es\/wp-json\/wp\/v2\/product_cat?post=446029"},{"taxonomy":"product_tag","embeddable":true,"href":"https:\/\/www.claret.cat\/es\/wp-json\/wp\/v2\/product_tag?post=446029"}],"curies":[{"name":"wp","href":"https:\/\/api.w.org\/{rel}","templated":true}]}}