{"id":446086,"date":"2023-06-06T17:00:46","date_gmt":"2023-06-06T15:00:46","guid":{"rendered":"https:\/\/www.claret.cat\/llibre\/pequenos-cuentos-que-nos-hacen-grandes-9788418817830\/"},"modified":"2023-10-11T01:54:56","modified_gmt":"2023-10-10T23:54:56","slug":"pequenos-cuentos-que-nos-hacen-grandes-9788418817830","status":"publish","type":"product","link":"https:\/\/www.claret.cat\/es\/libro\/pequenos-cuentos-que-nos-hacen-grandes-9788418817830\/","title":{"rendered":"PEQUE\u00d1OS CUENTOS QUE NOS HACEN GRANDES"},"content":{"rendered":"<p>Descubre la magia de los valores que nos hacen crecer por dentro. En las p\u00e1ginas de este libro te esperan cinco historias con las que aprender qu\u00e9 esconden las palabras: COMPARTIR, POR FAVOR, PERD\u00d3N, GRACIAS Y HOLA. Mar\u00eda Men\u00e9ndez-Ponte te presenta a los protagonistas m\u00e1s traviesos del mundo&#8230; \u00a1Y a las criaturas m\u00e1s m\u00e1gicas que existen!Con sus divertidas aventuras conocer\u00e1s los secretos de cada palabra y descubrir\u00e1s c\u00f3mo los buenos valores pueden cambiar tu vida. &#8211; Una lectura perfecta para hacer en familia. &#8211; Una manera divertida de aprender los valores m\u00e1s importantes. &#8211; Con las fant\u00e1sticas historias de Mar\u00eda Men\u00e9ndez-Ponte.<\/p>\n","protected":false},"excerpt":{"rendered":"<p>MEN\u00c9NDEZ-PONTE, MAR\u00cdA<\/p>\n","protected":false},"featured_media":446087,"template":"","meta":{"_acf_changed":false,"om_disable_all_campaigns":false,"rs_blank_template":"","rs_page_bg_color":"","slide_template_v7":"","inline_featured_image":false,"_monsterinsights_skip_tracking":false,"_monsterinsights_sitenote_active":false,"_monsterinsights_sitenote_note":"","_monsterinsights_sitenote_category":0},"product_brand":[],"product_cat":[132,362],"product_tag":[],"class_list":{"0":"post-446086","1":"product","2":"type-product","3":"status-publish","4":"has-post-thumbnail","6":"product_cat-lectures-per-preadolescents-6-12-anys","7":"product_cat-libros-preadolescentes-6-12-anos","9":"first","10":"instock","11":"taxable","12":"shipping-taxable","13":"purchasable","14":"product-type-simple"},"acf":{"autor":"MEN\u00c9NDEZ-PONTE, MAR\u00cdA","codart":"841881783","libros-coleccion":"FORA DE COL.LECCI\u00d3","ediciones":"1","encuadernacion":"Carton\u00e9","fecha_de_publicacion":"01\/06\/2023","novedad":"1","paginas":"58","subtitulo":"HISTORIAS PARA CRECER CON VALORES","orden":"0","portada":"0","idioma":"spa","editorial":[{"ID":148657,"post_author":"3","post_date":"2022-10-14 11:59:58","post_date_gmt":"2022-10-14 09:59:58","post_content":"","post_title":"Penguin Kids","post_excerpt":"","post_status":"publish","comment_status":"closed","ping_status":"closed","post_password":"","post_name":"penguin-kids","to_ping":"","pinged":"","post_modified":"2022-10-14 11:59:58","post_modified_gmt":"2022-10-14 09:59:58","post_content_filtered":"","post_parent":0,"guid":"http:\/\/dev.claret.cat\/editorial\/penguin-kids\/","menu_order":0,"post_type":"editorial","post_mime_type":"","comment_count":"0","filter":"raw"}],"autores-libros":[{"ID":5797,"post_author":"3","post_date":"2022-07-28 17:31:40","post_date_gmt":"2022-07-28 15:31:40","post_content":"","post_title":"MARIA MENENDEZ-PONTE","post_excerpt":"","post_status":"publish","comment_status":"closed","ping_status":"closed","post_password":"","post_name":"maria-menendez-ponte","to_ping":"","pinged":"","post_modified":"2022-07-28 17:31:40","post_modified_gmt":"2022-07-28 15:31:40","post_content_filtered":"","post_parent":0,"guid":"http:\/\/dev.claret.cat\/autor\/maria-menendez-ponte\/","menu_order":0,"post_type":"autor","post_mime_type":"","comment_count":"0","filter":"raw"}]},"aioseo_notices":[],"_links":{"self":[{"href":"https:\/\/www.claret.cat\/es\/wp-json\/wp\/v2\/product\/446086","targetHints":{"allow":["GET"]}}],"collection":[{"href":"https:\/\/www.claret.cat\/es\/wp-json\/wp\/v2\/product"}],"about":[{"href":"https:\/\/www.claret.cat\/es\/wp-json\/wp\/v2\/types\/product"}],"wp:featuredmedia":[{"embeddable":true,"href":"https:\/\/www.claret.cat\/es\/wp-json\/wp\/v2\/media\/446087"}],"wp:attachment":[{"href":"https:\/\/www.claret.cat\/es\/wp-json\/wp\/v2\/media?parent=446086"}],"wp:term":[{"taxonomy":"product_brand","embeddable":true,"href":"https:\/\/www.claret.cat\/es\/wp-json\/wp\/v2\/product_brand?post=446086"},{"taxonomy":"product_cat","embeddable":true,"href":"https:\/\/www.claret.cat\/es\/wp-json\/wp\/v2\/product_cat?post=446086"},{"taxonomy":"product_tag","embeddable":true,"href":"https:\/\/www.claret.cat\/es\/wp-json\/wp\/v2\/product_tag?post=446086"}],"curies":[{"name":"wp","href":"https:\/\/api.w.org\/{rel}","templated":true}]}}