{"id":446117,"date":"2023-06-06T17:21:32","date_gmt":"2023-06-06T15:21:32","guid":{"rendered":"https:\/\/www.claret.cat\/llibre\/teo-va-de-vacaciones-9788408273264\/"},"modified":"2025-04-08T13:45:17","modified_gmt":"2025-04-08T11:45:17","slug":"teo-va-de-vacaciones-9788408273264","status":"publish","type":"product","link":"https:\/\/www.claret.cat\/es\/libro\/teo-va-de-vacaciones-9788408273264\/","title":{"rendered":"TEO VA DE VACACIONES"},"content":{"rendered":"<p>\u00a1Disfruta de las vacaciones de verano con Teo!<br \/> Teo y su familia se preparan para ir de vacaciones a un pueblo cerca de la playa. Primero preparar\u00e1n el equipaje y se ocupar\u00e1n de sus mascotas. Luego, coger\u00e1n el coche y llegar\u00e1n a su destino, donde vivir\u00e1n nuevas experiencias como bucear, pescar, ir en pat\u00edn de agua\u2026 \u00a1y tambi\u00e9n har\u00e1n nuevas amistades!<br \/> Este libro forma parte de TEO DESCUBRE EL MUNDO, una amplia colecci\u00f3n\u00a0con m\u00e1s de cuarenta t\u00edtulos para ni\u00f1os y ni\u00f1as a partir de 3 a\u00f1os.<br \/> De la mano de Teo, la criatura podr\u00e1:<\/p>\n<p> Identificarse con los distintos personajes y situaciones, y revivir escenas de su vida cotidiana.<br \/> Observar y buscar objetos\u00a0de las detalladas ilustraciones y hacerse preguntas sobre lo que ven en ellas.<\/p>\n<p> Adem\u00e1s, los t\u00edtulos de esta colecci\u00f3n contienen, en sus p\u00e1ginas finales, una gu\u00eda did\u00e1ctica para ayudar a padres y educadores a:<\/p>\n<p> Despertar la curiosidad de los peques sobre el mundo que los rodea.<br \/> Descubrir diferentes actividades que pueden llevarse a cabo en la playa.<br \/> Impulsar a las criaturas\u00a0a formularse preguntas sobre c\u00f3mo se sienten al hacer nuevos amigos y descubrir nuevos lugares.<\/p>\n<p> Un t\u00edtulo ideal para llevar en la maleta.<br \/> Teo es un personaje cl\u00e1sico de la literatura infantil. Conocido por sus rizos pelirrojos, su peto naranja y su jersey de rayas, no deja nunca de sorprendernos con sus mil y una aventuras y episodios de la vida cotidiana de los m\u00e1s peque\u00f1os. \u00a1Esperemos que disfrut\u00e9is con Teo!<br \/> Otros t\u00edtulos de la colecci\u00f3n Teo descubre el mundo:<\/p>\n<p> Teo est\u00e1 enfermo<br \/> Teo y los animales salvajes<br \/> Teo va a la monta\u00f1a<br \/> Teo y su perro<br \/> Teo en avi\u00f3n<br \/> Teo y su hermana<br \/> Teo y su cumplea\u00f1os<br \/> Teo en la granja<\/p>\n","protected":false},"excerpt":{"rendered":"<p>DENOU, VIOLETA<\/p>\n","protected":false},"featured_media":446118,"template":"","meta":{"_acf_changed":false,"om_disable_all_campaigns":false,"rs_blank_template":"","rs_page_bg_color":"","slide_template_v7":"","inline_featured_image":false,"_monsterinsights_skip_tracking":false,"_monsterinsights_sitenote_active":false,"_monsterinsights_sitenote_note":"","_monsterinsights_sitenote_category":0},"product_brand":[],"product_cat":[90,540],"product_tag":[],"class_list":{"0":"post-446117","1":"product","2":"type-product","3":"status-publish","4":"has-post-thumbnail","6":"product_cat-altres","7":"product_cat-otros","9":"first","10":"instock","11":"taxable","12":"shipping-taxable","13":"purchasable","14":"product-type-simple"},"acf":{"autor":"DENOU, VIOLETA","codart":"840827326","libros-coleccion":"Teo descubre el mundo","ediciones":"1","encuadernacion":"Carton\u00e9","fecha_de_publicacion":"01\/06\/2023","novedad":"1","paginas":"45","subtitulo":"","orden":"0","portada":"0","idioma":"spa","editorial":[{"ID":6233,"post_author":"3","post_date":"2022-07-28 17:47:48","post_date_gmt":"2022-07-28 15:47:48","post_content":"","post_title":"EDITORIAL PLANETA","post_excerpt":"","post_status":"publish","comment_status":"closed","ping_status":"closed","post_password":"","post_name":"editorial-planeta","to_ping":"","pinged":"","post_modified":"2022-07-28 17:47:48","post_modified_gmt":"2022-07-28 15:47:48","post_content_filtered":"","post_parent":0,"guid":"http:\/\/dev.claret.cat\/editorial\/editorial-planeta\/","menu_order":0,"post_type":"editorial","post_mime_type":"","comment_count":"0","filter":"raw"}],"autores-libros":[{"ID":171136,"post_author":"3","post_date":"2022-10-14 22:40:58","post_date_gmt":"2022-10-14 20:40:58","post_content":"","post_title":"VIOLETA DENOU","post_excerpt":"","post_status":"publish","comment_status":"closed","ping_status":"closed","post_password":"","post_name":"violeta-denou-2","to_ping":"","pinged":"","post_modified":"2022-10-14 22:40:58","post_modified_gmt":"2022-10-14 20:40:58","post_content_filtered":"","post_parent":0,"guid":"http:\/\/dev.claret.cat\/autor\/violeta-denou-2\/","menu_order":0,"post_type":"autor","post_mime_type":"","comment_count":"0","filter":"raw"}]},"aioseo_notices":[],"_links":{"self":[{"href":"https:\/\/www.claret.cat\/es\/wp-json\/wp\/v2\/product\/446117","targetHints":{"allow":["GET"]}}],"collection":[{"href":"https:\/\/www.claret.cat\/es\/wp-json\/wp\/v2\/product"}],"about":[{"href":"https:\/\/www.claret.cat\/es\/wp-json\/wp\/v2\/types\/product"}],"wp:featuredmedia":[{"embeddable":true,"href":"https:\/\/www.claret.cat\/es\/wp-json\/wp\/v2\/media\/446118"}],"wp:attachment":[{"href":"https:\/\/www.claret.cat\/es\/wp-json\/wp\/v2\/media?parent=446117"}],"wp:term":[{"taxonomy":"product_brand","embeddable":true,"href":"https:\/\/www.claret.cat\/es\/wp-json\/wp\/v2\/product_brand?post=446117"},{"taxonomy":"product_cat","embeddable":true,"href":"https:\/\/www.claret.cat\/es\/wp-json\/wp\/v2\/product_cat?post=446117"},{"taxonomy":"product_tag","embeddable":true,"href":"https:\/\/www.claret.cat\/es\/wp-json\/wp\/v2\/product_tag?post=446117"}],"curies":[{"name":"wp","href":"https:\/\/api.w.org\/{rel}","templated":true}]}}