{"id":446165,"date":"2023-06-06T17:52:28","date_gmt":"2023-06-06T15:52:28","guid":{"rendered":"https:\/\/www.claret.cat\/llibre\/amanda-black-8-el-regne-perdut-9788419378293\/"},"modified":"2026-04-16T13:45:55","modified_gmt":"2026-04-16T11:45:55","slug":"amanda-black-8-el-regne-perdut-9788419378293","status":"publish","type":"product","link":"https:\/\/www.claret.cat\/es\/libro\/amanda-black-8-el-regne-perdut-9788419378293\/","title":{"rendered":"AMANDA BLACK 8 &#8211; EL REGNE PERDUT"},"content":{"rendered":"<p>No et perdis la nova aventura d&#8221;Amanda Black! El vuit\u00e8 llibre de la s\u00e8rie torna amb m\u00e9s misteri i acci\u00f3 que mai. La s\u00e8rie per a nens i nenes de Juan G\u00f3mez-Jurado i B\u00e1rbara Montes que ha conquerit milers de lectors. \u00abEL SEU FINAL \u00c9S EL TEU FINAL\u00bb. Recordo les paraules de la tieta Paula quan vam sentir el que passava: \u00abTant de bo no ens hagu\u00e9s tocat a nosaltres\u00bb. Per\u00f2, clar, m&#8221;havia de tocar a mi&#8230; Tot va comen\u00e7ar en una illa del Pac\u00edfic en la qual un volc\u00e0 va entrar en erupci\u00f3. Fins aqu\u00ed, tot normal. Tan sols una setmana despr\u00e9s, el planeta sencer est\u00e0 a punt de ser destru\u00eft per un mar de lava. L&#8221;\u00fanica manera d&#8221;aturar la fi del m\u00f3n \u00e9s que trobi un \u00eddol perdut de fa m\u00e9s de dos mil\u00b7lenis i faci un ritual en un temple del m\u00edtic Regne de l&#8221;Atl\u00e0ntida, una illa que, a m\u00e9s, ning\u00fa sap del cert si realment va existir ni on podria estar. F\u00e0cil, oi? Ser\u00e0 capa\u00e7 l&#8221;Amanda de trobat el Regne Perdut i salvar la humanitat de la seva desaparici\u00f3?<\/p>\n","protected":false},"excerpt":{"rendered":"<p>G\u00d3MEZ-JURADO, JUAN \/ MONTES, B\u00c1RBARA<\/p>\n","protected":false},"featured_media":1083095,"template":"","meta":{"_acf_changed":false,"om_disable_all_campaigns":false,"rs_blank_template":"","rs_page_bg_color":"","slide_template_v7":"","inline_featured_image":false,"_monsterinsights_skip_tracking":false,"_monsterinsights_sitenote_active":false,"_monsterinsights_sitenote_note":"","_monsterinsights_sitenote_category":0},"product_brand":[],"product_cat":[132,362],"product_tag":[],"class_list":{"0":"post-446165","1":"product","2":"type-product","3":"status-publish","4":"has-post-thumbnail","6":"product_cat-lectures-per-preadolescents-6-12-anys","7":"product_cat-libros-preadolescentes-6-12-anos","9":"first","10":"instock","11":"taxable","12":"shipping-taxable","13":"purchasable","14":"product-type-simple"},"acf":{"autor":"G\u00d3MEZ-JURADO, JUAN \/ MONTES, B\u00c1RBARA","codart":"841937829","libros-coleccion":"","ediciones":"1","encuadernacion":"Carton\u00e9","fecha_de_publicacion":"01\/06\/2023","novedad":"1","paginas":"206","subtitulo":"","orden":"0","portada":"1","idioma":"cat","editorial":[{"ID":294535,"post_author":"3","post_date":"2022-12-12 12:50:10","post_date_gmt":"2022-12-12 11:50:10","post_content":"","post_title":"B de Blok","post_excerpt":"","post_status":"publish","comment_status":"closed","ping_status":"closed","post_password":"","post_name":"b-de-blok","to_ping":"","pinged":"","post_modified":"2022-12-12 12:50:10","post_modified_gmt":"2022-12-12 11:50:10","post_content_filtered":"","post_parent":0,"guid":"http:\/\/dev.claret.cat\/editorial\/b-de-blok\/","menu_order":0,"post_type":"editorial","post_mime_type":"","comment_count":"0","filter":"raw"}],"autores-libros":[{"ID":5678,"post_author":"3","post_date":"2022-07-28 17:29:08","post_date_gmt":"2022-07-28 15:29:08","post_content":"","post_title":"JUAN G\u00d3MEZ-JURADO","post_excerpt":"","post_status":"publish","comment_status":"closed","ping_status":"closed","post_password":"","post_name":"juan-gomez-jurado","to_ping":"","pinged":"","post_modified":"2022-07-28 17:29:08","post_modified_gmt":"2022-07-28 15:29:08","post_content_filtered":"","post_parent":0,"guid":"http:\/\/dev.claret.cat\/autor\/juan-gomez-jurado\/","menu_order":0,"post_type":"autor","post_mime_type":"","comment_count":"0","filter":"raw"},{"ID":5288,"post_author":"3","post_date":"2022-07-28 17:20:49","post_date_gmt":"2022-07-28 15:20:49","post_content":"","post_title":"B\u00c1RBARA MONTES","post_excerpt":"","post_status":"publish","comment_status":"closed","ping_status":"closed","post_password":"","post_name":"barbara-montes","to_ping":"","pinged":"","post_modified":"2022-07-28 17:20:49","post_modified_gmt":"2022-07-28 15:20:49","post_content_filtered":"","post_parent":0,"guid":"http:\/\/dev.claret.cat\/autor\/barbara-montes\/","menu_order":0,"post_type":"autor","post_mime_type":"","comment_count":"0","filter":"raw"}],"booktrailer":"","resenas":""},"aioseo_notices":[],"_links":{"self":[{"href":"https:\/\/www.claret.cat\/es\/wp-json\/wp\/v2\/product\/446165","targetHints":{"allow":["GET"]}}],"collection":[{"href":"https:\/\/www.claret.cat\/es\/wp-json\/wp\/v2\/product"}],"about":[{"href":"https:\/\/www.claret.cat\/es\/wp-json\/wp\/v2\/types\/product"}],"wp:featuredmedia":[{"embeddable":true,"href":"https:\/\/www.claret.cat\/es\/wp-json\/wp\/v2\/media\/1083095"}],"wp:attachment":[{"href":"https:\/\/www.claret.cat\/es\/wp-json\/wp\/v2\/media?parent=446165"}],"wp:term":[{"taxonomy":"product_brand","embeddable":true,"href":"https:\/\/www.claret.cat\/es\/wp-json\/wp\/v2\/product_brand?post=446165"},{"taxonomy":"product_cat","embeddable":true,"href":"https:\/\/www.claret.cat\/es\/wp-json\/wp\/v2\/product_cat?post=446165"},{"taxonomy":"product_tag","embeddable":true,"href":"https:\/\/www.claret.cat\/es\/wp-json\/wp\/v2\/product_tag?post=446165"}],"curies":[{"name":"wp","href":"https:\/\/api.w.org\/{rel}","templated":true}]}}